{"id":1205,"date":"2017-09-08T13:53:52","date_gmt":"2017-09-08T13:53:52","guid":{"rendered":"http:\/\/www2.unsa.edu.pe\/escuelas\/biologia\/?page_id=1205"},"modified":"2024-12-12T09:00:02","modified_gmt":"2024-12-12T14:00:02","slug":"presentacion","status":"publish","type":"page","link":"https:\/\/fcb.unsa.edu.pe\/biologia\/presentacion\/","title":{"rendered":"Presentaci\u00f3n"},"content":{"rendered":"<p>La Escuela Profesional de Biolog\u00eda, pertenece a la Facultad de Ciencia Biol\u00f3gicas de la Universidad Nacional de San Agust\u00edn de Arequipa, nuestro objetivo fundamental es ofrecer al pa\u00eds profesionales en Biolog\u00eda y en la ense\u00f1anza de las Ciencias Biol\u00f3gicas de alto nivel altamente competitivos, humanistas con calidad y capacidad innovadora comprometidos con la conservaci\u00f3n y protecci\u00f3n del medio ambiente, el uso sostenible de los recursos naturales y ser capaces de desarrollar exitosamente las funciones propias de su quehacer profesional cuando se inserten en la vida laboral.<\/p>\n<p>Para esto es de vital importancia la formaci\u00f3n integral de nuestros estudiantes, que les hace tomar conciencia social y su compromiso de ayudar al desarrollo del pa\u00eds.<\/p>\n<p>La Escuela Profesional de Biolog\u00eda cuenta con la infraestructura y equipamiento adecuado para desarrollar sus diferentes actividades acad\u00e9micas, tanto en la teor\u00eda, la pr\u00e1ctica y los seminarios.<\/p>\n<p>As\u00ed mismo venimos trabajando con la participaci\u00f3n de todos los actores involucrados como son estudiantes, docentes, trabajadores administrativos, egresados y grupos de inter\u00e9s para el mejoramiento la calidad educativa y seguiremos trabajando para la mejora contin\u00faa de la gesti\u00f3n acad\u00e9mica y administrativa.<\/p>\n","protected":false},"excerpt":{"rendered":"<p>La Escuela Profesional de Biolog\u00eda, pertenece a la Facultad de Ciencia Biol\u00f3gicas de la Universidad Nacional de San Agust\u00edn de Arequipa, nuestro objetivo fundamental es ofrecer al pa\u00eds profesionales en Biolog\u00eda y en la ense\u00f1anza de las Ciencias Biol\u00f3gicas de alto nivel altamente competitivos, humanistas con calidad y capacidad innovadora comprometidos con la conservaci\u00f3n y [&hellip;]<\/p>\n","protected":false},"author":1,"featured_media":1252,"parent":0,"menu_order":0,"comment_status":"closed","ping_status":"closed","template":"page-imagen.php","meta":{"_acf_changed":false,"footnotes":""},"class_list":["post-1205","page","type-page","status-publish","has-post-thumbnail","hentry"],"acf":[],"_links":{"self":[{"href":"https:\/\/fcb.unsa.edu.pe\/biologia\/wp-json\/wp\/v2\/pages\/1205","targetHints":{"allow":["GET"]}}],"collection":[{"href":"https:\/\/fcb.unsa.edu.pe\/biologia\/wp-json\/wp\/v2\/pages"}],"about":[{"href":"https:\/\/fcb.unsa.edu.pe\/biologia\/wp-json\/wp\/v2\/types\/page"}],"author":[{"embeddable":true,"href":"https:\/\/fcb.unsa.edu.pe\/biologia\/wp-json\/wp\/v2\/users\/1"}],"replies":[{"embeddable":true,"href":"https:\/\/fcb.unsa.edu.pe\/biologia\/wp-json\/wp\/v2\/comments?post=1205"}],"version-history":[{"count":9,"href":"https:\/\/fcb.unsa.edu.pe\/biologia\/wp-json\/wp\/v2\/pages\/1205\/revisions"}],"predecessor-version":[{"id":1918,"href":"https:\/\/fcb.unsa.edu.pe\/biologia\/wp-json\/wp\/v2\/pages\/1205\/revisions\/1918"}],"wp:featuredmedia":[{"embeddable":true,"href":"https:\/\/fcb.unsa.edu.pe\/biologia\/wp-json\/wp\/v2\/media\/1252"}],"wp:attachment":[{"href":"https:\/\/fcb.unsa.edu.pe\/biologia\/wp-json\/wp\/v2\/media?parent=1205"}],"curies":[{"name":"wp","href":"https:\/\/api.w.org\/{rel}","templated":true}]}}