{"id":1211,"date":"2017-09-08T13:57:38","date_gmt":"2017-09-08T13:57:38","guid":{"rendered":"http:\/\/www2.unsa.edu.pe\/escuelas\/biologia\/?page_id=1211"},"modified":"2024-11-20T13:12:09","modified_gmt":"2024-11-20T18:12:09","slug":"vision-y-mision","status":"publish","type":"page","link":"https:\/\/fcb.unsa.edu.pe\/biologia\/vision-y-mision\/","title":{"rendered":"Visi\u00f3n y Misi\u00f3n"},"content":{"rendered":"<div class=\"cua-gri\"><img loading=\"lazy\" decoding=\"async\" class=\"hidden-xs alignnone size-medium wp-image-1816\" src=\"https:\/\/fcb.unsa.edu.pe\/biologia\/wp-content\/uploads\/sites\/2\/2024\/11\/Imagen1-1-360x203.png\" alt=\"\" width=\"360\" height=\"203\" srcset=\"https:\/\/fcb.unsa.edu.pe\/biologia\/wp-content\/uploads\/sites\/2\/2024\/11\/Imagen1-1-360x203.png 360w, https:\/\/fcb.unsa.edu.pe\/biologia\/wp-content\/uploads\/sites\/2\/2024\/11\/Imagen1-1.png 631w\" sizes=\"auto, (max-width: 360px) 100vw, 360px\" \/><\/p>\n<h4>Misi\u00f3n UNSA<\/h4>\n<p>Formar profesionales competentes y \u00e9ticos, con capacidad para la investigaci\u00f3n e innovaci\u00f3n generando conocimiento cient\u00edfico, tecnol\u00f3gico y human\u00edstico, contribuyendo al desarrollo sostenible de la regi\u00f3n y del pa\u00eds..<\/div>\n<div class=\"cua-gra\"><img loading=\"lazy\" decoding=\"async\" class=\"hidden-xs alignnone size-medium wp-image-1262\" src=\"https:\/\/fcb.unsa.edu.pe\/biologia\/wp-content\/uploads\/sites\/2\/2017\/09\/biologia_unsa_07-360x203.jpg\" alt=\"\" width=\"360\" height=\"203\" \/><\/p>\n<h4>Visi\u00f3n Programa de Biolog\u00eda<\/h4>\n<p>Constituirse como la escuela profesional l\u00edder en la formaci\u00f3n de bi\u00f3logos, altamente calificados en investigaci\u00f3n cient\u00edfica desarrollo tecnol\u00f3gico e innovaci\u00f3n y \u00e9tica, para satisfacer las demandas de la sociedad en las \u00e1reas de biodiversidad, biotecnolog\u00eda, ciencia y tecnolog\u00eda ambiental, contribuyendo al desarrollo del pa\u00eds.\u00a0<\/div>\n<div class=\"cua-gri\"><img loading=\"lazy\" decoding=\"async\" class=\"hidden-xs alignnone size-medium wp-image-1352\" src=\"https:\/\/fcb.unsa.edu.pe\/biologia\/wp-content\/uploads\/sites\/2\/2017\/11\/BIOLOGIA_UNSA_AQP_2-360x203.jpg\" alt=\"\" width=\"360\" height=\"203\" \/><\/p>\n<h4>Misi\u00f3n Programa de Biolog\u00eda<\/h4>\n<p>La Escuela Profesional de Biolog\u00eda forma profesionales \u00edntegros y \u00e9ticos, con competencias y habilidades para generar, innovar y difundir conocimiento en las \u00e1reas de biodiversidad, biotecnolog\u00eda, ciencia y tecnolog\u00eda ambiental, aportando soluciones a las necesidades y problemas de la sociedad.<\/div>\n","protected":false},"excerpt":{"rendered":"","protected":false},"author":1,"featured_media":0,"parent":0,"menu_order":0,"comment_status":"closed","ping_status":"closed","template":"","meta":{"_acf_changed":false,"footnotes":""},"class_list":["post-1211","page","type-page","status-publish","hentry"],"acf":[],"_links":{"self":[{"href":"https:\/\/fcb.unsa.edu.pe\/biologia\/wp-json\/wp\/v2\/pages\/1211","targetHints":{"allow":["GET"]}}],"collection":[{"href":"https:\/\/fcb.unsa.edu.pe\/biologia\/wp-json\/wp\/v2\/pages"}],"about":[{"href":"https:\/\/fcb.unsa.edu.pe\/biologia\/wp-json\/wp\/v2\/types\/page"}],"author":[{"embeddable":true,"href":"https:\/\/fcb.unsa.edu.pe\/biologia\/wp-json\/wp\/v2\/users\/1"}],"replies":[{"embeddable":true,"href":"https:\/\/fcb.unsa.edu.pe\/biologia\/wp-json\/wp\/v2\/comments?post=1211"}],"version-history":[{"count":14,"href":"https:\/\/fcb.unsa.edu.pe\/biologia\/wp-json\/wp\/v2\/pages\/1211\/revisions"}],"predecessor-version":[{"id":1817,"href":"https:\/\/fcb.unsa.edu.pe\/biologia\/wp-json\/wp\/v2\/pages\/1211\/revisions\/1817"}],"wp:attachment":[{"href":"https:\/\/fcb.unsa.edu.pe\/biologia\/wp-json\/wp\/v2\/media?parent=1211"}],"curies":[{"name":"wp","href":"https:\/\/api.w.org\/{rel}","templated":true}]}}