{"id":1213,"date":"2017-09-08T13:58:19","date_gmt":"2017-09-08T13:58:19","guid":{"rendered":"http:\/\/www2.unsa.edu.pe\/escuelas\/biologia\/?page_id=1213"},"modified":"2024-10-25T10:19:25","modified_gmt":"2024-10-25T15:19:25","slug":"objetivos-academicos","status":"publish","type":"page","link":"https:\/\/fcb.unsa.edu.pe\/biologia\/objetivos-academicos\/","title":{"rendered":"Objetivos Educacionales"},"content":{"rendered":"<ol>\n<li>Estudiar, identificar y clasificar a los seres vivos generando informaci\u00f3n basada en principios cient\u00edficos, ecol\u00f3gicos y evolutivos.<\/li>\n<li>Identificar, seleccionar, transformar, conservar, y realizar el control de calidad a productos de origen biol\u00f3gico.<\/li>\n<li>Identificar, estudiar y controlar agentes biol\u00f3gicos que afectan la conservaci\u00f3n de materiales y productos.<\/li>\n<li>Estudiar y evaluar la acci\u00f3n de productos qu\u00edmicos y biol\u00f3gicos utilizados en la salud p\u00fablica, agricultura, industria y servicios.<\/li>\n<li>Identificar y estudiar los agentes biol\u00f3gicos pat\u00f3genos y su toxicolog\u00eda.<\/li>\n<li>Elaborar m\u00e9todos y estrategias para el Control Biol\u00f3gico e Integrado de plagas y enfermedades de los cultivos agr\u00edcolas.<\/li>\n<li>Realizar estudios y an\u00e1lisis biof\u00edsicos, bioqu\u00edmicos, moleculares, citomorfol\u00f3gicos, histol\u00f3gicos, microbiol\u00f3gicos, parasitol\u00f3gicos e inmunobiol\u00f3gicos.<\/li>\n<li>Bioseguridad, vigilancia epidemiol\u00f3gica y calidad ambiental.<\/li>\n<li>Gestionar la explotaci\u00f3n racional y sostenible de los recursos naturales renovables.<\/li>\n<li>Realizar vigilancia y control de la calidad de aire, suelo y agua.<\/li>\n<li>Realizar la planificaci\u00f3n y aplicaci\u00f3n de pol\u00edticas relacionadas con la conservaci\u00f3n de la biodiversidad, recursos naturales renovables y zonificaci\u00f3n ecol\u00f3gica.<\/li>\n<li>Organizar y dirigir \u00e1reas naturales protegidas, parques zool\u00f3gicos, jardines bot\u00e1nicos, y museos de ciencias naturales y ecoturismo.<\/li>\n<li>Proponer sistemas biotecnol\u00f3gicos para la recuperaci\u00f3n de \u00e1reas degradadas.<\/li>\n<li>Ejercer la Docencia a nivel superior.<\/li>\n<li>Realizar asesoramiento cient\u00edfico y tecnol\u00f3gico en temas biol\u00f3gicos.<\/li>\n<li>Realizar peritaje y an\u00e1lisis forense.<\/li>\n<li>Realizar gesti\u00f3n en calidad ambiental y la gesti\u00f3n integral de residuos s\u00f3lidos.<\/li>\n<\/ol>\n","protected":false},"excerpt":{"rendered":"<p>Estudiar, identificar y clasificar a los seres vivos generando informaci\u00f3n basada en principios cient\u00edficos, ecol\u00f3gicos y evolutivos. Identificar, seleccionar, transformar, conservar, y realizar el control de calidad a productos de origen biol\u00f3gico. Identificar, estudiar y controlar agentes biol\u00f3gicos que afectan la conservaci\u00f3n de materiales y productos. Estudiar y evaluar la acci\u00f3n de productos qu\u00edmicos y [&hellip;]<\/p>\n","protected":false},"author":1,"featured_media":1263,"parent":0,"menu_order":0,"comment_status":"closed","ping_status":"closed","template":"","meta":{"_acf_changed":false,"footnotes":""},"class_list":["post-1213","page","type-page","status-publish","has-post-thumbnail","hentry"],"acf":[],"_links":{"self":[{"href":"https:\/\/fcb.unsa.edu.pe\/biologia\/wp-json\/wp\/v2\/pages\/1213","targetHints":{"allow":["GET"]}}],"collection":[{"href":"https:\/\/fcb.unsa.edu.pe\/biologia\/wp-json\/wp\/v2\/pages"}],"about":[{"href":"https:\/\/fcb.unsa.edu.pe\/biologia\/wp-json\/wp\/v2\/types\/page"}],"author":[{"embeddable":true,"href":"https:\/\/fcb.unsa.edu.pe\/biologia\/wp-json\/wp\/v2\/users\/1"}],"replies":[{"embeddable":true,"href":"https:\/\/fcb.unsa.edu.pe\/biologia\/wp-json\/wp\/v2\/comments?post=1213"}],"version-history":[{"count":6,"href":"https:\/\/fcb.unsa.edu.pe\/biologia\/wp-json\/wp\/v2\/pages\/1213\/revisions"}],"predecessor-version":[{"id":1757,"href":"https:\/\/fcb.unsa.edu.pe\/biologia\/wp-json\/wp\/v2\/pages\/1213\/revisions\/1757"}],"wp:featuredmedia":[{"embeddable":true,"href":"https:\/\/fcb.unsa.edu.pe\/biologia\/wp-json\/wp\/v2\/media\/1263"}],"wp:attachment":[{"href":"https:\/\/fcb.unsa.edu.pe\/biologia\/wp-json\/wp\/v2\/media?parent=1213"}],"curies":[{"name":"wp","href":"https:\/\/api.w.org\/{rel}","templated":true}]}}