{"id":1225,"date":"2017-09-08T14:02:28","date_gmt":"2017-09-08T14:02:28","guid":{"rendered":"http:\/\/www2.unsa.edu.pe\/escuelas\/biologia\/?page_id=1220"},"modified":"2017-11-29T18:04:05","modified_gmt":"2017-11-29T18:04:05","slug":"modelo-educativo","status":"publish","type":"page","link":"https:\/\/fcb.unsa.edu.pe\/biologia\/modelo-educativo\/","title":{"rendered":"Modelo Educativo"},"content":{"rendered":"<p>El modelo educativo de la Universidad Nacional de San Agust\u00edn de Arequipa (UNSA) es un documento oficial que establece caracter\u00edsticas y principios que dan marco a las acciones y pr\u00e1cticas educativas de nuestra instituci\u00f3n.<br \/>\nEl modelo, orienta las acciones del conjunto de nuestra Universidad, posibilitando as\u00ed que cada una de sus Escuelas, Facultades y dem\u00e1s instancias se constituyan en agentes de los grandes prop\u00f3sitos institucionales, y en espacios de pr\u00e1ctica cotidiana de los principios y valores asumidos por la comunidad agustina en su compromiso con la sociedad y con nosotros mismos.<br \/>\nPermite incorporar est\u00e1ndares internacionales de la formulaci\u00f3n de los planes curriculares, con la mira, puesta en la homologaci\u00f3n internacional de las carreras profesionales.<br \/>\nLa formulaci\u00f3n de este documento est\u00e1 inspirada, fundamentalmente en el Estatuto recientemente aprobado y las reflexiones de las Escuelas Profesionales. Cabe anotar que el Estatuto es producto de un proceso anal\u00edtico y de debate a cargo de la Asamblea Estatutaria conformada por docentes y estudiantes elegidos por la comunidad universitaria.<br \/>\nFue responsabilidad de la Comisi\u00f3n de Asesoramiento del Vicerrectorado Acad\u00e9mico la sistematizaci\u00f3n de toda la informaci\u00f3n a partir de la cual se formul\u00f3 el Modelo Educativo de la UNSA, luego que fue aprobado por el Consejo Universitario.<br \/>\nEl Modelo Educativo plantea, en primer lugar, un conjunto de proposiciones axiol\u00f3gicas que constituye las orientaciones de sentido m\u00e1s generales, as\u00ed como los par\u00e1metros de las pr\u00e1cticas dentro de la UNSA, en segundo t\u00e9rmino se presenta los grandes retos de la actualidad, que la Comunidad Universitaria ha identificado como los de mayor relevancia para la acci\u00f3n universitaria. El tercer elemento se refiere a las responsabilidades que, como instituci\u00f3n, debemos asumir frente a nuestros estudiantes. El cuarto y quinto ac\u00e1pite refieren, respectivamente, al Perfil del Estudiante y del Docente Agustino. Finalmente, se presenta las principales caracter\u00edsticas de los curr\u00edculos en las Carreras Profesionales de la UNSA.<\/p>\n","protected":false},"excerpt":{"rendered":"<p>El modelo educativo de la Universidad Nacional de San Agust\u00edn de Arequipa (UNSA) es un documento oficial que establece caracter\u00edsticas y principios que dan marco a las acciones y pr\u00e1cticas educativas de nuestra instituci\u00f3n. El modelo, orienta las acciones del conjunto de nuestra Universidad, posibilitando as\u00ed que cada una de sus Escuelas, Facultades y dem\u00e1s [&hellip;]<\/p>\n","protected":false},"author":1,"featured_media":0,"parent":0,"menu_order":0,"comment_status":"closed","ping_status":"closed","template":"","meta":{"_acf_changed":false,"footnotes":""},"class_list":["post-1225","page","type-page","status-publish","hentry"],"acf":[],"_links":{"self":[{"href":"https:\/\/fcb.unsa.edu.pe\/biologia\/wp-json\/wp\/v2\/pages\/1225","targetHints":{"allow":["GET"]}}],"collection":[{"href":"https:\/\/fcb.unsa.edu.pe\/biologia\/wp-json\/wp\/v2\/pages"}],"about":[{"href":"https:\/\/fcb.unsa.edu.pe\/biologia\/wp-json\/wp\/v2\/types\/page"}],"author":[{"embeddable":true,"href":"https:\/\/fcb.unsa.edu.pe\/biologia\/wp-json\/wp\/v2\/users\/1"}],"replies":[{"embeddable":true,"href":"https:\/\/fcb.unsa.edu.pe\/biologia\/wp-json\/wp\/v2\/comments?post=1225"}],"version-history":[{"count":1,"href":"https:\/\/fcb.unsa.edu.pe\/biologia\/wp-json\/wp\/v2\/pages\/1225\/revisions"}],"predecessor-version":[{"id":1307,"href":"https:\/\/fcb.unsa.edu.pe\/biologia\/wp-json\/wp\/v2\/pages\/1225\/revisions\/1307"}],"wp:attachment":[{"href":"https:\/\/fcb.unsa.edu.pe\/biologia\/wp-json\/wp\/v2\/media?parent=1225"}],"curies":[{"name":"wp","href":"https:\/\/api.w.org\/{rel}","templated":true}]}}