{"id":1226,"date":"2017-09-08T14:02:56","date_gmt":"2017-09-08T14:02:56","guid":{"rendered":"http:\/\/www2.unsa.edu.pe\/escuelas\/biologia\/?page_id=1222"},"modified":"2024-11-21T11:00:19","modified_gmt":"2024-11-21T16:00:19","slug":"perfil-del-egresado","status":"publish","type":"page","link":"https:\/\/fcb.unsa.edu.pe\/biologia\/perfil-del-egresado\/","title":{"rendered":"Perfil del Egreso"},"content":{"rendered":"<p>Es un profesional que se ocupa del estudio de los seres vivos, su evoluci\u00f3n y sus relaciones con el ambiente, con s\u00f3lidos conocimientos cient\u00edficos para generar conocimiento, para solucionar, innovar y transferirlos en beneficio de la sociedad y el medio ambiente. Se desempe\u00f1a en investigaci\u00f3n, docencia, gestiona procesos vinculados a su profesi\u00f3n y presta servicios con responsabilidad social, \u00e9tica y honestidad para poner sus conocimientos al servicio de la comunidad.<\/p>\n","protected":false},"excerpt":{"rendered":"<p>Es un profesional que se ocupa del estudio de los seres vivos, su evoluci\u00f3n y sus relaciones con el ambiente, con s\u00f3lidos conocimientos cient\u00edficos para generar conocimiento, para solucionar, innovar y transferirlos en beneficio de la sociedad y el medio ambiente. Se desempe\u00f1a en investigaci\u00f3n, docencia, gestiona procesos vinculados a su profesi\u00f3n y presta servicios [&hellip;]<\/p>\n","protected":false},"author":1,"featured_media":1355,"parent":0,"menu_order":0,"comment_status":"closed","ping_status":"closed","template":"","meta":{"_acf_changed":false,"footnotes":""},"class_list":["post-1226","page","type-page","status-publish","has-post-thumbnail","hentry"],"acf":[],"_links":{"self":[{"href":"https:\/\/fcb.unsa.edu.pe\/biologia\/wp-json\/wp\/v2\/pages\/1226","targetHints":{"allow":["GET"]}}],"collection":[{"href":"https:\/\/fcb.unsa.edu.pe\/biologia\/wp-json\/wp\/v2\/pages"}],"about":[{"href":"https:\/\/fcb.unsa.edu.pe\/biologia\/wp-json\/wp\/v2\/types\/page"}],"author":[{"embeddable":true,"href":"https:\/\/fcb.unsa.edu.pe\/biologia\/wp-json\/wp\/v2\/users\/1"}],"replies":[{"embeddable":true,"href":"https:\/\/fcb.unsa.edu.pe\/biologia\/wp-json\/wp\/v2\/comments?post=1226"}],"version-history":[{"count":14,"href":"https:\/\/fcb.unsa.edu.pe\/biologia\/wp-json\/wp\/v2\/pages\/1226\/revisions"}],"predecessor-version":[{"id":1877,"href":"https:\/\/fcb.unsa.edu.pe\/biologia\/wp-json\/wp\/v2\/pages\/1226\/revisions\/1877"}],"wp:featuredmedia":[{"embeddable":true,"href":"https:\/\/fcb.unsa.edu.pe\/biologia\/wp-json\/wp\/v2\/media\/1355"}],"wp:attachment":[{"href":"https:\/\/fcb.unsa.edu.pe\/biologia\/wp-json\/wp\/v2\/media?parent=1226"}],"curies":[{"name":"wp","href":"https:\/\/api.w.org\/{rel}","templated":true}]}}