{"id":1227,"date":"2017-09-08T14:03:15","date_gmt":"2017-09-08T14:03:15","guid":{"rendered":"http:\/\/www2.unsa.edu.pe\/escuelas\/biologia\/?page_id=1224"},"modified":"2023-11-02T14:50:12","modified_gmt":"2023-11-02T19:50:12","slug":"campo-ocupacional","status":"publish","type":"page","link":"https:\/\/fcb.unsa.edu.pe\/biologia\/campo-ocupacional\/","title":{"rendered":"Campo Ocupacional"},"content":{"rendered":"<p>Los egresados de la Escuela Profesional de Biolog\u00eda, tienen el siguiente campo ocupacional:<\/p>\n<ul>\n<li>Hospitales.<\/li>\n<li>Centros de salud del sector p\u00fablico y privado.<\/li>\n<li>Gobiernos locales y regionales.<\/li>\n<li>Educaci\u00f3n b\u00e1sica, regular y superior.<\/li>\n<li>Consultor\u00edas Ambientales.<\/li>\n<li>Laboratorios Cl\u00ednicos.<\/li>\n<li>Laboratorios de Calidad Ambiental.<\/li>\n<li>Control de Calidad de Alimentos.<\/li>\n<li>Agricultura.<\/li>\n<li>SERNANP.<\/li>\n<li>SERFOR.<\/li>\n<li>SENASA.<\/li>\n<li>IMARPE.<\/li>\n<li>PRODUCE.<\/li>\n<li>SANIPES.<\/li>\n<\/ul>\n","protected":false},"excerpt":{"rendered":"<p>Los egresados de la Escuela Profesional de Biolog\u00eda, tienen el siguiente campo ocupacional: Hospitales. Centros de salud del sector p\u00fablico y privado. Gobiernos locales y regionales. Educaci\u00f3n b\u00e1sica, regular y superior. Consultor\u00edas Ambientales. Laboratorios Cl\u00ednicos. Laboratorios de Calidad Ambiental. Control de Calidad de Alimentos. Agricultura. SERNANP. SERFOR. SENASA. IMARPE. PRODUCE. SANIPES.<\/p>\n","protected":false},"author":1,"featured_media":1264,"parent":0,"menu_order":0,"comment_status":"closed","ping_status":"closed","template":"","meta":{"_acf_changed":false,"footnotes":""},"class_list":["post-1227","page","type-page","status-publish","has-post-thumbnail","hentry"],"acf":[],"_links":{"self":[{"href":"https:\/\/fcb.unsa.edu.pe\/biologia\/wp-json\/wp\/v2\/pages\/1227","targetHints":{"allow":["GET"]}}],"collection":[{"href":"https:\/\/fcb.unsa.edu.pe\/biologia\/wp-json\/wp\/v2\/pages"}],"about":[{"href":"https:\/\/fcb.unsa.edu.pe\/biologia\/wp-json\/wp\/v2\/types\/page"}],"author":[{"embeddable":true,"href":"https:\/\/fcb.unsa.edu.pe\/biologia\/wp-json\/wp\/v2\/users\/1"}],"replies":[{"embeddable":true,"href":"https:\/\/fcb.unsa.edu.pe\/biologia\/wp-json\/wp\/v2\/comments?post=1227"}],"version-history":[{"count":5,"href":"https:\/\/fcb.unsa.edu.pe\/biologia\/wp-json\/wp\/v2\/pages\/1227\/revisions"}],"predecessor-version":[{"id":1737,"href":"https:\/\/fcb.unsa.edu.pe\/biologia\/wp-json\/wp\/v2\/pages\/1227\/revisions\/1737"}],"wp:featuredmedia":[{"embeddable":true,"href":"https:\/\/fcb.unsa.edu.pe\/biologia\/wp-json\/wp\/v2\/media\/1264"}],"wp:attachment":[{"href":"https:\/\/fcb.unsa.edu.pe\/biologia\/wp-json\/wp\/v2\/media?parent=1227"}],"curies":[{"name":"wp","href":"https:\/\/api.w.org\/{rel}","templated":true}]}}