{"id":1229,"date":"2017-09-08T14:04:15","date_gmt":"2017-09-08T14:04:15","guid":{"rendered":"http:\/\/www2.unsa.edu.pe\/escuelas\/biologia\/?page_id=1228"},"modified":"2024-11-21T11:22:24","modified_gmt":"2024-11-21T16:22:24","slug":"personal-docente","status":"publish","type":"page","link":"https:\/\/fcb.unsa.edu.pe\/biologia\/personal-docente\/","title":{"rendered":"DOCENTES DEL PROGRAMA DE BIOLOG\u00cdA"},"content":{"rendered":"<table dir=\"ltr\" style=\"height: 2139px;margin-left: 40px\" border=\"1\" width=\"709\" cellspacing=\"0\" cellpadding=\"0\" data-sheets-root=\"1\" data-sheets-baot=\"1\">\n<colgroup>\n<col width=\"184\" \/>\n<col width=\"133\" \/><\/colgroup>\n<tbody style=\"padding-left: 40px\">\n<tr style=\"padding-left: 40px\">\n<td style=\"text-align: center\">Apellidos y Nombres<\/td>\n<td style=\"text-align: center\">Estado<\/td>\n<\/tr>\n<tr style=\"padding-left: 40px\">\n<td style=\"padding-left: 40px\">Arenas Ch\u00e1vez, Carlos Alberto<\/td>\n<td style=\"padding-left: 40px\">NOMBRADO<\/td>\n<\/tr>\n<tr style=\"padding-left: 40px\">\n<td style=\"padding-left: 40px\">Arenazas Rodr\u00edguez, Armando Jacinto<\/td>\n<td style=\"padding-left: 40px\">NOMBRADO<\/td>\n<\/tr>\n<tr style=\"padding-left: 40px\">\n<td style=\"padding-left: 40px\">Bernab\u00e9 Ortiz, Julio C\u00e9sar<\/td>\n<td style=\"padding-left: 40px\">NOMBRADO<\/td>\n<\/tr>\n<tr style=\"padding-left: 40px\">\n<td style=\"padding-left: 40px\">Bocardo Delgado, Edwin Fredy<\/td>\n<td style=\"padding-left: 40px\">NOMBRADO<\/td>\n<\/tr>\n<tr style=\"padding-left: 40px\">\n<td style=\"padding-left: 40px\">C\u00e1ceres Huambo, Alberto<\/td>\n<td style=\"padding-left: 40px\">NOMBRADO<\/td>\n<\/tr>\n<tr style=\"padding-left: 40px\">\n<td style=\"padding-left: 40px\">Castillo Acobo, Luz Virginia Nery<\/td>\n<td style=\"padding-left: 40px\">NOMBRADO<\/td>\n<\/tr>\n<tr style=\"padding-left: 40px\">\n<td style=\"padding-left: 40px\">Chancayauri Vaca, Carmen Rosa<\/td>\n<td style=\"padding-left: 40px\">NOMBRADO<\/td>\n<\/tr>\n<tr style=\"padding-left: 40px\">\n<td style=\"padding-left: 40px\">Coayla Pe\u00f1aloza, Cl\u00edmaco Pastor<\/td>\n<td style=\"padding-left: 40px\">NOMBRADO<\/td>\n<\/tr>\n<tr style=\"padding-left: 40px\">\n<td style=\"padding-left: 40px\">Colque Rond\u00f3n, Eusebio Walter<\/td>\n<td style=\"padding-left: 40px\">NOMBRADO<\/td>\n<\/tr>\n<tr style=\"padding-left: 40px\">\n<td style=\"padding-left: 40px\">D\u00e1vila Flores, Benjam\u00edn Jos\u00e9<\/td>\n<td style=\"padding-left: 40px\">NOMBRADO<\/td>\n<\/tr>\n<tr style=\"padding-left: 40px\">\n<td style=\"padding-left: 40px\">Del Carpio Tejada, Graciano Alberto<\/td>\n<td style=\"padding-left: 40px\">NOMBRADO<\/td>\n<\/tr>\n<tr style=\"padding-left: 40px\">\n<td style=\"padding-left: 40px\">Delgado Manrique, M\u00edriam Angela<\/td>\n<td style=\"padding-left: 40px\">NOMBRADO<\/td>\n<\/tr>\n<tr style=\"padding-left: 40px\">\n<td style=\"padding-left: 40px\">Diaz Montoya, Diana Luc\u00eda<\/td>\n<td style=\"padding-left: 40px\">NOMBRADO<\/td>\n<\/tr>\n<tr style=\"padding-left: 40px\">\n<td style=\"padding-left: 40px\">Eguren Verano, Mar\u00eda Del Carmen<\/td>\n<td style=\"padding-left: 40px\">NOMBRADO<\/td>\n<\/tr>\n<tr style=\"padding-left: 40px\">\n<td style=\"padding-left: 40px\">Frisancho Vargas, Ruth<\/td>\n<td style=\"padding-left: 40px\">NOMBRADO<\/td>\n<\/tr>\n<tr style=\"padding-left: 40px\">\n<td style=\"padding-left: 40px\">Huanca Maldonado, Javier<\/td>\n<td style=\"padding-left: 40px\">NOMBRADO<\/td>\n<\/tr>\n<tr style=\"padding-left: 40px\">\n<td style=\"padding-left: 40px\">Lazarte Rivera, Antonio Mateo<\/td>\n<td style=\"padding-left: 40px\">NOMBRADO<\/td>\n<\/tr>\n<tr style=\"padding-left: 40px\">\n<td style=\"padding-left: 40px\">Lazo Rivera, Ana Liliana<\/td>\n<td style=\"padding-left: 40px\">NOMBRADO<\/td>\n<\/tr>\n<tr style=\"padding-left: 40px\">\n<td style=\"padding-left: 40px\">Lazo Rodr\u00edguez, Herbert Omar<\/td>\n<td style=\"padding-left: 40px\">NOMBRADO<\/td>\n<\/tr>\n<tr style=\"padding-left: 40px\">\n<td style=\"padding-left: 40px\">Luque Zurita, Daniel Santos<\/td>\n<td style=\"padding-left: 40px\">NOMBRADO<\/td>\n<\/tr>\n<tr style=\"padding-left: 40px\">\n<td style=\"padding-left: 40px\">Mari\u00f1o Herrera, Leoncio Claudio<\/td>\n<td style=\"padding-left: 40px\">NOMBRADO<\/td>\n<\/tr>\n<tr style=\"padding-left: 40px\">\n<td style=\"padding-left: 40px\">Mart\u00ednez Manchego, Lu\u00eds Antonio<\/td>\n<td style=\"padding-left: 40px\">NOMBRADO<\/td>\n<\/tr>\n<tr style=\"padding-left: 40px\">\n<td style=\"padding-left: 40px\">Mestas Valdivia, Bertha Roxana<\/td>\n<td style=\"padding-left: 40px\">NOMBRADO<\/td>\n<\/tr>\n<tr style=\"padding-left: 40px\">\n<td style=\"padding-left: 40px\">Morales Hurtado, Jos\u00e9 Alberto<\/td>\n<td style=\"padding-left: 40px\">NOMBRADO<\/td>\n<\/tr>\n<tr style=\"padding-left: 40px\">\n<td style=\"padding-left: 40px\">Navarro Oviedo, Ronald Demetrio<\/td>\n<td style=\"padding-left: 40px\">NOMBRADO<\/td>\n<\/tr>\n<tr style=\"padding-left: 40px\">\n<td style=\"padding-left: 40px\">Paredes Fern\u00e1ndez, Wilmer Julio<\/td>\n<td style=\"padding-left: 40px\">NOMBRADO<\/td>\n<\/tr>\n<tr style=\"padding-left: 40px\">\n<td style=\"padding-left: 40px\">Quipuscoa Silvestre, V\u00edctor<\/td>\n<td style=\"padding-left: 40px\">NOMBRADO<\/td>\n<\/tr>\n<tr style=\"padding-left: 40px\">\n<td style=\"padding-left: 40px\">Quispe Chipana, Edgar<\/td>\n<td style=\"padding-left: 40px\">NOMBRADO<\/td>\n<\/tr>\n<tr style=\"padding-left: 40px\">\n<td style=\"padding-left: 40px\">Ramos Paredes, Adolfo Rom\u00e1n<\/td>\n<td style=\"padding-left: 40px\">NOMBRADO<\/td>\n<\/tr>\n<tr style=\"padding-left: 40px\">\n<td style=\"padding-left: 40px\">Ranilla Falc\u00f3n, C\u00e9sar Augusto<\/td>\n<td style=\"padding-left: 40px\">NOMBRADO<\/td>\n<\/tr>\n<tr style=\"padding-left: 40px\">\n<td style=\"padding-left: 40px\">Rond\u00f3n Chambi, Romina Leslie<\/td>\n<td style=\"padding-left: 40px\">NOMBRADO<\/td>\n<\/tr>\n<tr style=\"padding-left: 40px\">\n<td style=\"padding-left: 40px\">Sua\u00f1a Quispe, Mar\u00eda Elena<\/td>\n<td style=\"padding-left: 40px\">NOMBRADO<\/td>\n<\/tr>\n<tr style=\"padding-left: 40px\">\n<td style=\"padding-left: 40px\">Valderrama Valencia, Mar\u00eda Rosario Elsa<\/td>\n<td style=\"padding-left: 40px\">NOMBRADO<\/td>\n<\/tr>\n<tr style=\"padding-left: 40px\">\n<td style=\"padding-left: 40px\">Valdez Ortiz, Mar\u00eda Del Carmen<\/td>\n<td style=\"padding-left: 40px\">NOMBRADO<\/td>\n<\/tr>\n<tr style=\"padding-left: 40px\">\n<td style=\"padding-left: 40px\">Villasante Benavides, Jos\u00e9 Francisco<\/td>\n<td style=\"padding-left: 40px\">NOMBRADO<\/td>\n<\/tr>\n<tr style=\"padding-left: 40px\">\n<td style=\"padding-left: 40px\">Zumar\u00e1n Mart\u00ednez, Guido Emilio<\/td>\n<td style=\"padding-left: 40px\">NOMBRADO<\/td>\n<\/tr>\n<tr style=\"padding-left: 40px\">\n<td style=\"padding-left: 40px\">Z\u00fa\u00f1iga Calcina, Jos\u00e9 Elias<\/td>\n<td style=\"padding-left: 40px\">NOMBRADO<\/td>\n<\/tr>\n<tr style=\"padding-left: 40px\">\n<td style=\"padding-left: 40px\">Aguilar Aguilar, Fabiola Melissa<\/td>\n<td style=\"padding-left: 40px\">DOCENTES EXTRAORDINACIOS INVITADOS<\/td>\n<\/tr>\n<tr style=\"padding-left: 40px\">\n<td style=\"padding-left: 40px\">Ancco Valdivia, Fernado Ger\u00f3nimo<\/td>\n<td style=\"padding-left: 40px\">DOCENTES EXTRAORDINACIOS INVITADOS<\/td>\n<\/tr>\n<tr style=\"padding-left: 40px\">\n<td style=\"padding-left: 40px\">Condori Pacsi Sandro Jhonatan<\/td>\n<td style=\"padding-left: 40px\">DOCENTES EXTRAORDINACIOS INVITADOS<\/td>\n<\/tr>\n<tr style=\"padding-left: 40px\">\n<td style=\"padding-left: 40px\">Deza Alvarez, Vanesa Alejandra<\/td>\n<td style=\"padding-left: 40px\">DOCENTES EXTRAORDINACIOS INVITADOS<\/td>\n<\/tr>\n<tr style=\"padding-left: 40px\">\n<td style=\"padding-left: 40px\">Leon Puma Nicolas Hip\u00f3lito<\/td>\n<td style=\"padding-left: 40px\">DOCENTES EXTRAORDINACIOS INVITADOS<\/td>\n<\/tr>\n<tr style=\"padding-left: 40px\">\n<td style=\"padding-left: 40px\">Luque Fernandez Cesar Raul<\/td>\n<td style=\"padding-left: 40px\">DOCENTES EXTRAORDINACIOS INVITADOS<\/td>\n<\/tr>\n<tr style=\"padding-left: 40px\">\n<td style=\"padding-left: 40px\">Medina Medina Fiorella Julia<\/td>\n<td style=\"padding-left: 40px\">DOCENTES EXTRAORDINACIOS INVITADOS<\/td>\n<\/tr>\n<tr style=\"padding-left: 40px\">\n<td style=\"padding-left: 40px\">Motta Mamani, Julia Cecilia<\/td>\n<td style=\"padding-left: 40px\">DOCENTES EXTRAORDINACIOS INVITADOS<\/td>\n<\/tr>\n<tr style=\"padding-left: 40px\">\n<td style=\"padding-left: 40px\">Prieto Valencia Giovanni Antonio<\/td>\n<td style=\"padding-left: 40px\">DOCENTES EXTRAORDINACIOS INVITADOS<\/td>\n<\/tr>\n<tr style=\"padding-left: 40px\">\n<td style=\"padding-left: 40px\">Quille Vargas, Selma Concepcion<\/td>\n<td style=\"padding-left: 40px\">DOCENTES EXTRAORDINACIOS INVITADOS<\/td>\n<\/tr>\n<tr style=\"padding-left: 40px\">\n<td style=\"padding-left: 40px\">Rodriguez Huaccha, Soledad Miriam<\/td>\n<td style=\"padding-left: 40px\">DOCENTES EXTRAORDINACIOS INVITADOS<\/td>\n<\/tr>\n<tr style=\"padding-left: 40px\">\n<td style=\"padding-left: 40px\">Romero Vargas Frey Francisco<\/td>\n<td style=\"padding-left: 40px\">DOCENTES EXTRAORDINACIOS INVITADOS<\/td>\n<\/tr>\n<tr style=\"padding-left: 40px\">\n<td style=\"padding-left: 40px\">Salazar Castillo, Johana Veronica<\/td>\n<td style=\"padding-left: 40px\">DOCENTES EXTRAORDINACIOS INVITADOS<\/td>\n<\/tr>\n<tr style=\"padding-left: 40px\">\n<td style=\"padding-left: 40px\">Tejada Perez Cristian Antonio<\/td>\n<td style=\"padding-left: 40px\">DOCENTES EXTRAORDINACIOS INVITADOS<\/td>\n<\/tr>\n<tr style=\"padding-left: 40px\">\n<td style=\"padding-left: 40px\">Valdivia M\u00e1laga, Marco Antonio<\/td>\n<td style=\"padding-left: 40px\">DOCENTES EXTRAORDINACIOS INVITADOS<\/td>\n<\/tr>\n<tr style=\"padding-left: 40px\">\n<td style=\"padding-left: 40px\">Villegas Paredes Luis Norberto<\/td>\n<td style=\"padding-left: 40px\">DOCENTES EXTRAORDINACIOS INVITADOS<\/td>\n<\/tr>\n<tr style=\"padding-left: 40px\">\n<td style=\"padding-left: 40px\">Yurivilca Zapata William Alex<\/td>\n<td style=\"padding-left: 40px\">DOCENTES EXTRAORDINACIOS INVITADOS<\/td>\n<\/tr>\n<tr style=\"padding-left: 40px\">\n<td style=\"padding-left: 40px\">Bedregal Zegarra, Bryan Abraham<\/td>\n<td style=\"padding-left: 40px\">DOCENTES JEFE DE PR\u00c1CTICAS<\/td>\n<\/tr>\n<tr style=\"padding-left: 40px\">\n<td style=\"padding-left: 40px\">Bernedo Guill\u00e9n, Maida Susana<\/td>\n<td style=\"padding-left: 40px\">DOCENTES JEFE DE PR\u00c1CTICAS<\/td>\n<\/tr>\n<tr style=\"padding-left: 40px\">\n<td style=\"padding-left: 40px\">Romero Ugarte, Margiht Jazmin<\/td>\n<td style=\"padding-left: 40px\">DOCENTES JEFE DE PR\u00c1CTICAS<\/td>\n<\/tr>\n<\/tbody>\n<\/table>\n","protected":false},"excerpt":{"rendered":"<p>Apellidos y Nombres Estado Arenas Ch\u00e1vez, Carlos Alberto NOMBRADO Arenazas Rodr\u00edguez, Armando Jacinto NOMBRADO Bernab\u00e9 Ortiz, Julio C\u00e9sar NOMBRADO Bocardo Delgado, Edwin Fredy NOMBRADO C\u00e1ceres Huambo, Alberto NOMBRADO Castillo Acobo, Luz Virginia Nery NOMBRADO Chancayauri Vaca, Carmen Rosa NOMBRADO Coayla Pe\u00f1aloza, Cl\u00edmaco Pastor NOMBRADO Colque Rond\u00f3n, Eusebio Walter NOMBRADO D\u00e1vila Flores, Benjam\u00edn Jos\u00e9 NOMBRADO Del [&hellip;]<\/p>\n","protected":false},"author":1,"featured_media":0,"parent":0,"menu_order":0,"comment_status":"closed","ping_status":"closed","template":"","meta":{"_acf_changed":false,"footnotes":""},"class_list":["post-1229","page","type-page","status-publish","hentry"],"acf":[],"_links":{"self":[{"href":"https:\/\/fcb.unsa.edu.pe\/biologia\/wp-json\/wp\/v2\/pages\/1229","targetHints":{"allow":["GET"]}}],"collection":[{"href":"https:\/\/fcb.unsa.edu.pe\/biologia\/wp-json\/wp\/v2\/pages"}],"about":[{"href":"https:\/\/fcb.unsa.edu.pe\/biologia\/wp-json\/wp\/v2\/types\/page"}],"author":[{"embeddable":true,"href":"https:\/\/fcb.unsa.edu.pe\/biologia\/wp-json\/wp\/v2\/users\/1"}],"replies":[{"embeddable":true,"href":"https:\/\/fcb.unsa.edu.pe\/biologia\/wp-json\/wp\/v2\/comments?post=1229"}],"version-history":[{"count":14,"href":"https:\/\/fcb.unsa.edu.pe\/biologia\/wp-json\/wp\/v2\/pages\/1229\/revisions"}],"predecessor-version":[{"id":1674,"href":"https:\/\/fcb.unsa.edu.pe\/biologia\/wp-json\/wp\/v2\/pages\/1229\/revisions\/1674"}],"wp:attachment":[{"href":"https:\/\/fcb.unsa.edu.pe\/biologia\/wp-json\/wp\/v2\/media?parent=1229"}],"curies":[{"name":"wp","href":"https:\/\/api.w.org\/{rel}","templated":true}]}}