{"id":1501,"date":"2018-07-11T15:37:25","date_gmt":"2018-07-11T20:37:25","guid":{"rendered":"https:\/\/fcb.unsa.edu.pe\/biologia\/?page_id=1501"},"modified":"2024-11-21T11:12:14","modified_gmt":"2024-11-21T16:12:14","slug":"grados-y-titulos","status":"publish","type":"page","link":"https:\/\/fcb.unsa.edu.pe\/biologia\/grados-y-titulos\/","title":{"rendered":"Grados y T\u00edtulos"},"content":{"rendered":"<ul>\r\n<li>\r\n<p><strong>GRADO ACAD\u00c9MICO:<br \/><\/strong>Bachiller en Biolog\u00eda<\/p>\r\n<\/li>\r\n<\/ul>\r\n<ul>\r\n<li>\r\n<p><strong>T\u00cdTULO PROFESIONAL:<br \/><\/strong>Bi\u00f3logo\/a<\/p>\r\n<\/li>\r\n<\/ul>\r\n<h4><br \/><br \/><br \/><\/h4>\r\n","protected":false},"excerpt":{"rendered":"<p>GRADO ACAD\u00c9MICO:Bachiller en Biolog\u00eda T\u00cdTULO PROFESIONAL:Bi\u00f3logo\/a<\/p>\n","protected":false},"author":1,"featured_media":0,"parent":0,"menu_order":0,"comment_status":"closed","ping_status":"closed","template":"","meta":{"_acf_changed":false,"footnotes":""},"class_list":["post-1501","page","type-page","status-publish","hentry"],"acf":[],"_links":{"self":[{"href":"https:\/\/fcb.unsa.edu.pe\/biologia\/wp-json\/wp\/v2\/pages\/1501","targetHints":{"allow":["GET"]}}],"collection":[{"href":"https:\/\/fcb.unsa.edu.pe\/biologia\/wp-json\/wp\/v2\/pages"}],"about":[{"href":"https:\/\/fcb.unsa.edu.pe\/biologia\/wp-json\/wp\/v2\/types\/page"}],"author":[{"embeddable":true,"href":"https:\/\/fcb.unsa.edu.pe\/biologia\/wp-json\/wp\/v2\/users\/1"}],"replies":[{"embeddable":true,"href":"https:\/\/fcb.unsa.edu.pe\/biologia\/wp-json\/wp\/v2\/comments?post=1501"}],"version-history":[{"count":5,"href":"https:\/\/fcb.unsa.edu.pe\/biologia\/wp-json\/wp\/v2\/pages\/1501\/revisions"}],"predecessor-version":[{"id":1884,"href":"https:\/\/fcb.unsa.edu.pe\/biologia\/wp-json\/wp\/v2\/pages\/1501\/revisions\/1884"}],"wp:attachment":[{"href":"https:\/\/fcb.unsa.edu.pe\/biologia\/wp-json\/wp\/v2\/media?parent=1501"}],"curies":[{"name":"wp","href":"https:\/\/api.w.org\/{rel}","templated":true}]}}