{"id":1647,"date":"2021-10-13T11:59:48","date_gmt":"2021-10-13T16:59:48","guid":{"rendered":"https:\/\/fcb.unsa.edu.pe\/biologia\/?page_id=1647"},"modified":"2024-10-25T10:36:11","modified_gmt":"2024-10-25T15:36:11","slug":"perfil-del-ingreso-2","status":"publish","type":"page","link":"https:\/\/fcb.unsa.edu.pe\/biologia\/perfil-del-ingreso-2\/","title":{"rendered":"Perfil del Ingreso"},"content":{"rendered":"<p>El ingresante a la Escuela Profesional de Biolog\u00eda debe tener las siguientes condiciones<\/p>\n<ul>\n<li>Aplica el pensamiento l\u00f3gico-racional utilizando operaciones matem\u00e1ticas b\u00e1sicas.<\/li>\n<li>Capacidad de razonamiento l\u00f3gico- verbal.<\/li>\n<li>Visi\u00f3n panor\u00e1mica de los procesos hist\u00f3ricos m\u00e1s importantes, desde la Prehistoria hasta ahora.<\/li>\n<li>Comprende, analiza y eval\u00faa informaci\u00f3n obtenida de textos escritos a partir de los saberes previos, y tomando en consideraci\u00f3n el contexto o situaci\u00f3n en los que fueron producidos.<\/li>\n<li>Fundamentaciones te\u00f3rica y metodol\u00f3gica necesarias para comprender las leyes, propiedades, transformaciones, relaciones y usos de la materia y la energ\u00eda.<\/li>\n<li>Analiza los cambios qu\u00edmicos que se dan en la naturaleza.<\/li>\n<li>Conoce los elementos culturales indispensables para obtener una amplia visi\u00f3n de la Tierra, as\u00ed como los problemas que presenta.<\/li>\n<li>Conocimiento b\u00e1sico de comportamiento y desarrollo humano.<\/li>\n<li>Conocimiento b\u00e1sico de derechos humanos y ciudadan\u00eda.<\/li>\n<li>Conocimientos b\u00e1sicos relacionados con la biolog\u00eda y las ciencias, la naturaleza y los seres vivos en general.<\/li>\n<li>Capacidad para comprender los fen\u00f3menos sociales y su din\u00e1mica, as\u00ed como tambi\u00e9n el an\u00e1lisis.<\/li>\n<li>Conocimiento sobre el sistema econ\u00f3mico del Per\u00fa y econom\u00eda global.<\/li>\n<\/ul>\n","protected":false},"excerpt":{"rendered":"<p>El ingresante a la Escuela Profesional de Biolog\u00eda debe tener las siguientes condiciones Aplica el pensamiento l\u00f3gico-racional utilizando operaciones matem\u00e1ticas b\u00e1sicas. Capacidad de razonamiento l\u00f3gico- verbal. Visi\u00f3n panor\u00e1mica de los procesos hist\u00f3ricos m\u00e1s importantes, desde la Prehistoria hasta ahora. Comprende, analiza y eval\u00faa informaci\u00f3n obtenida de textos escritos a partir de los saberes previos, y [&hellip;]<\/p>\n","protected":false},"author":5,"featured_media":0,"parent":0,"menu_order":0,"comment_status":"closed","ping_status":"closed","template":"","meta":{"_acf_changed":false,"footnotes":""},"class_list":["post-1647","page","type-page","status-publish","hentry"],"acf":[],"_links":{"self":[{"href":"https:\/\/fcb.unsa.edu.pe\/biologia\/wp-json\/wp\/v2\/pages\/1647","targetHints":{"allow":["GET"]}}],"collection":[{"href":"https:\/\/fcb.unsa.edu.pe\/biologia\/wp-json\/wp\/v2\/pages"}],"about":[{"href":"https:\/\/fcb.unsa.edu.pe\/biologia\/wp-json\/wp\/v2\/types\/page"}],"author":[{"embeddable":true,"href":"https:\/\/fcb.unsa.edu.pe\/biologia\/wp-json\/wp\/v2\/users\/5"}],"replies":[{"embeddable":true,"href":"https:\/\/fcb.unsa.edu.pe\/biologia\/wp-json\/wp\/v2\/comments?post=1647"}],"version-history":[{"count":2,"href":"https:\/\/fcb.unsa.edu.pe\/biologia\/wp-json\/wp\/v2\/pages\/1647\/revisions"}],"predecessor-version":[{"id":1651,"href":"https:\/\/fcb.unsa.edu.pe\/biologia\/wp-json\/wp\/v2\/pages\/1647\/revisions\/1651"}],"wp:attachment":[{"href":"https:\/\/fcb.unsa.edu.pe\/biologia\/wp-json\/wp\/v2\/media?parent=1647"}],"curies":[{"name":"wp","href":"https:\/\/api.w.org\/{rel}","templated":true}]}}