{"id":1919,"date":"2024-12-12T09:05:57","date_gmt":"2024-12-12T14:05:57","guid":{"rendered":"https:\/\/fcb.unsa.edu.pe\/biologia\/?page_id=1919"},"modified":"2024-12-12T13:06:55","modified_gmt":"2024-12-12T18:06:55","slug":"acreditacion","status":"publish","type":"page","link":"https:\/\/fcb.unsa.edu.pe\/biologia\/acreditacion\/","title":{"rendered":"Acreditaci\u00f3n"},"content":{"rendered":"<p>El Programa Profesional de Biolog\u00eda alcanz\u00f3 un hito significativo al obtener la acreditaci\u00f3n internacional por 5 a\u00f1os otorgada por los Comit\u00e9s Interinstitucionales para la Evaluaci\u00f3n de la Educaci\u00f3n Superior (CIEES) en Diciembre del 2023, una de las organizaciones m\u00e1s prestigiosas en la evaluaci\u00f3n y mejora continua de la calidad educativa en Am\u00e9rica Latina.<\/p>\n<p>Este reconocimiento refleja el compromiso del programa con la excelencia acad\u00e9mica, la pertinencia social y el impacto de sus egresados en los \u00e1mbitos cient\u00edfico, ambiental y social.<\/p>\n<embed src=\"https:\/\/fcb.unsa.edu.pe\/biologia\/wp-content\/uploads\/sites\/2\/2024\/12\/ACREDITACION-CIEES-1.pdf#page=1\" type=\"application\/pdf\" style=\"height: 70vh; width: 100%;\"><\/embed>\n<p><a href=\"https:\/\/fcb.unsa.edu.pe\/biologia\/wp-content\/uploads\/sites\/2\/2024\/12\/ACREDITACION-CIEES-1.pdf\" target=\"_blank\" rel=\"noopener\">ACREDITACI\u00d3N CIEES PROGRAMA DE BIOLOG\u00cdA<\/a><\/p>\n","protected":false},"excerpt":{"rendered":"<p>El Programa Profesional de Biolog\u00eda alcanz\u00f3 un hito significativo al obtener la acreditaci\u00f3n internacional por 5 a\u00f1os otorgada por los Comit\u00e9s Interinstitucionales para la Evaluaci\u00f3n de la Educaci\u00f3n Superior (CIEES) en Diciembre del 2023, una de las organizaciones m\u00e1s prestigiosas en la evaluaci\u00f3n y mejora continua de la calidad educativa en Am\u00e9rica Latina. Este reconocimiento [&hellip;]<\/p>\n","protected":false},"author":5,"featured_media":0,"parent":0,"menu_order":0,"comment_status":"closed","ping_status":"closed","template":"","meta":{"_acf_changed":false,"footnotes":""},"class_list":["post-1919","page","type-page","status-publish","hentry"],"acf":[],"_links":{"self":[{"href":"https:\/\/fcb.unsa.edu.pe\/biologia\/wp-json\/wp\/v2\/pages\/1919","targetHints":{"allow":["GET"]}}],"collection":[{"href":"https:\/\/fcb.unsa.edu.pe\/biologia\/wp-json\/wp\/v2\/pages"}],"about":[{"href":"https:\/\/fcb.unsa.edu.pe\/biologia\/wp-json\/wp\/v2\/types\/page"}],"author":[{"embeddable":true,"href":"https:\/\/fcb.unsa.edu.pe\/biologia\/wp-json\/wp\/v2\/users\/5"}],"replies":[{"embeddable":true,"href":"https:\/\/fcb.unsa.edu.pe\/biologia\/wp-json\/wp\/v2\/comments?post=1919"}],"version-history":[{"count":11,"href":"https:\/\/fcb.unsa.edu.pe\/biologia\/wp-json\/wp\/v2\/pages\/1919\/revisions"}],"predecessor-version":[{"id":1931,"href":"https:\/\/fcb.unsa.edu.pe\/biologia\/wp-json\/wp\/v2\/pages\/1919\/revisions\/1931"}],"wp:attachment":[{"href":"https:\/\/fcb.unsa.edu.pe\/biologia\/wp-json\/wp\/v2\/media?parent=1919"}],"curies":[{"name":"wp","href":"https:\/\/api.w.org\/{rel}","templated":true}]}}