{"id":1935,"date":"2024-12-12T13:28:00","date_gmt":"2024-12-12T18:28:00","guid":{"rendered":"https:\/\/fcb.unsa.edu.pe\/biologia\/?page_id=1935"},"modified":"2024-12-12T13:28:00","modified_gmt":"2024-12-12T18:28:00","slug":"sistema-de-gestion-de-la-calidad-procesos-y-procedimientos-del-programa","status":"publish","type":"page","link":"https:\/\/fcb.unsa.edu.pe\/biologia\/sistema-de-gestion-de-la-calidad-procesos-y-procedimientos-del-programa\/","title":{"rendered":"Sistema de Gesti\u00f3n de la Calidad (Procesos y Procedimientos del Programa)"},"content":{"rendered":"<p>Procesos y Procedimientos de la Escuela Profesional de Biolog\u00eda<\/p>\n<ol>\n<li>Gesti\u00f3n de Planes de Estudio<\/li>\n<li>Gesti\u00f3n de Planes de Funcionamiento<\/li>\n<li>Gesti\u00f3n de S\u00edlabo, sumillas, Bibliograf\u00eda y Pesos Ponderados<\/li>\n<li>Ense\u00f1anza-Aprendizaje<\/li>\n<li>Nivelaci\u00f3n de Ingresantes<\/li>\n<li>Gesti\u00f3n Psicopedag\u00f3gica<\/li>\n<\/ol>\n<p>Procesos y Procedimientos del Departamento de Biolog\u00eda<\/p>\n<ol>\n<li>Gesti\u00f3n de la Labor Lectiva y No lectiva<\/li>\n<li>Gesti\u00f3n de la Capacitaci\u00f3n<\/li>\n<li>Enfoque en la Gesti\u00f3n de la Actividad Acad\u00e9mica<\/li>\n<li>Gesti\u00f3n de la Incorporaci\u00f3n<\/li>\n<\/ol>\n","protected":false},"excerpt":{"rendered":"<p>Procesos y Procedimientos de la Escuela Profesional de Biolog\u00eda Gesti\u00f3n de Planes de Estudio Gesti\u00f3n de Planes de Funcionamiento Gesti\u00f3n de S\u00edlabo, sumillas, Bibliograf\u00eda y Pesos Ponderados Ense\u00f1anza-Aprendizaje Nivelaci\u00f3n de Ingresantes Gesti\u00f3n Psicopedag\u00f3gica Procesos y Procedimientos del Departamento de Biolog\u00eda Gesti\u00f3n de la Labor Lectiva y No lectiva Gesti\u00f3n de la Capacitaci\u00f3n Enfoque en la [&hellip;]<\/p>\n","protected":false},"author":5,"featured_media":0,"parent":0,"menu_order":0,"comment_status":"closed","ping_status":"closed","template":"","meta":{"_acf_changed":false,"footnotes":""},"class_list":["post-1935","page","type-page","status-publish","hentry"],"acf":[],"_links":{"self":[{"href":"https:\/\/fcb.unsa.edu.pe\/biologia\/wp-json\/wp\/v2\/pages\/1935","targetHints":{"allow":["GET"]}}],"collection":[{"href":"https:\/\/fcb.unsa.edu.pe\/biologia\/wp-json\/wp\/v2\/pages"}],"about":[{"href":"https:\/\/fcb.unsa.edu.pe\/biologia\/wp-json\/wp\/v2\/types\/page"}],"author":[{"embeddable":true,"href":"https:\/\/fcb.unsa.edu.pe\/biologia\/wp-json\/wp\/v2\/users\/5"}],"replies":[{"embeddable":true,"href":"https:\/\/fcb.unsa.edu.pe\/biologia\/wp-json\/wp\/v2\/comments?post=1935"}],"version-history":[{"count":1,"href":"https:\/\/fcb.unsa.edu.pe\/biologia\/wp-json\/wp\/v2\/pages\/1935\/revisions"}],"predecessor-version":[{"id":1936,"href":"https:\/\/fcb.unsa.edu.pe\/biologia\/wp-json\/wp\/v2\/pages\/1935\/revisions\/1936"}],"wp:attachment":[{"href":"https:\/\/fcb.unsa.edu.pe\/biologia\/wp-json\/wp\/v2\/media?parent=1935"}],"curies":[{"name":"wp","href":"https:\/\/api.w.org\/{rel}","templated":true}]}}