{"id":1939,"date":"2024-12-13T15:57:08","date_gmt":"2024-12-13T20:57:08","guid":{"rendered":"https:\/\/fcb.unsa.edu.pe\/biologia\/?page_id=1939"},"modified":"2024-12-13T15:58:16","modified_gmt":"2024-12-13T20:58:16","slug":"lineas-de-investigacion","status":"publish","type":"page","link":"https:\/\/fcb.unsa.edu.pe\/biologia\/lineas-de-investigacion\/","title":{"rendered":"L\u00edneas de Investigaci\u00f3n"},"content":{"rendered":"<p>El Programa Profesional de Biolog\u00eda cuenta con 24 l\u00edneas de Investigaci\u00f3n en coherencia con las L\u00edneas de Investigaci\u00f3n de la Universidad:<\/p>\n<ol>\n<li>Gen\u00e9tica<\/li>\n<li>Bioqu\u00edmica<\/li>\n<li>Taxonom\u00eda<\/li>\n<li>Ecolog\u00eda de Poblaciones<\/li>\n<li>Biodiversidad, ecolog\u00eda y poblaci\u00f3n<\/li>\n<li>Evoluci\u00f3n y Adaptaci\u00f3n<\/li>\n<li>Escenarios clim\u00e1ticos futuros y potenciales impactos<\/li>\n<li>Manejos sostenible de Recursos Biol\u00f3gicos<\/li>\n<li>Pr\u00e1cticas culturales<\/li>\n<li>Sanidad. Fisiolog\u00eda. Protecci\u00f3n Vegetal<\/li>\n<li>Mejoramiento Gen\u00e9tico<\/li>\n<li>Reproducci\u00f3n<\/li>\n<li>Remediaci\u00f3n y Ambientes Degradados<\/li>\n<li>Reciclaje y valoraci\u00f3n de Residuos S\u00f3lidos<\/li>\n<li>Ecolog\u00eda y Conservaci\u00f3n<\/li>\n<li>Zoolog\u00eda<\/li>\n<li>Bot\u00e1nica y Ciencias de las Plantas<\/li>\n<li>Productos Naturales<\/li>\n<li>Biolog\u00eda molecular y celular<\/li>\n<li>Biorremediaci\u00f3n<\/li>\n<li>Biofertilizantes<\/li>\n<li>Microbiolog\u00eda, parasitolog\u00eda e inmunolog\u00eda<\/li>\n<li>Calidad ambiental y Salud Humana<\/li>\n<li>Citogen\u00e9tica<\/li>\n<\/ol>\n<p>&nbsp;<\/p>\n","protected":false},"excerpt":{"rendered":"<p>El Programa Profesional de Biolog\u00eda cuenta con 24 l\u00edneas de Investigaci\u00f3n en coherencia con las L\u00edneas de Investigaci\u00f3n de la Universidad: Gen\u00e9tica Bioqu\u00edmica Taxonom\u00eda Ecolog\u00eda de Poblaciones Biodiversidad, ecolog\u00eda y poblaci\u00f3n Evoluci\u00f3n y Adaptaci\u00f3n Escenarios clim\u00e1ticos futuros y potenciales impactos Manejos sostenible de Recursos Biol\u00f3gicos Pr\u00e1cticas culturales Sanidad. Fisiolog\u00eda. Protecci\u00f3n Vegetal Mejoramiento Gen\u00e9tico Reproducci\u00f3n Remediaci\u00f3n [&hellip;]<\/p>\n","protected":false},"author":5,"featured_media":0,"parent":0,"menu_order":0,"comment_status":"closed","ping_status":"closed","template":"","meta":{"_acf_changed":false,"footnotes":""},"class_list":["post-1939","page","type-page","status-publish","hentry"],"acf":[],"_links":{"self":[{"href":"https:\/\/fcb.unsa.edu.pe\/biologia\/wp-json\/wp\/v2\/pages\/1939","targetHints":{"allow":["GET"]}}],"collection":[{"href":"https:\/\/fcb.unsa.edu.pe\/biologia\/wp-json\/wp\/v2\/pages"}],"about":[{"href":"https:\/\/fcb.unsa.edu.pe\/biologia\/wp-json\/wp\/v2\/types\/page"}],"author":[{"embeddable":true,"href":"https:\/\/fcb.unsa.edu.pe\/biologia\/wp-json\/wp\/v2\/users\/5"}],"replies":[{"embeddable":true,"href":"https:\/\/fcb.unsa.edu.pe\/biologia\/wp-json\/wp\/v2\/comments?post=1939"}],"version-history":[{"count":2,"href":"https:\/\/fcb.unsa.edu.pe\/biologia\/wp-json\/wp\/v2\/pages\/1939\/revisions"}],"predecessor-version":[{"id":1942,"href":"https:\/\/fcb.unsa.edu.pe\/biologia\/wp-json\/wp\/v2\/pages\/1939\/revisions\/1942"}],"wp:attachment":[{"href":"https:\/\/fcb.unsa.edu.pe\/biologia\/wp-json\/wp\/v2\/media?parent=1939"}],"curies":[{"name":"wp","href":"https:\/\/api.w.org\/{rel}","templated":true}]}}