{"id":1994,"date":"2025-09-09T15:57:21","date_gmt":"2025-09-09T20:57:21","guid":{"rendered":"https:\/\/fcb.unsa.edu.pe\/biologia\/?page_id=1994"},"modified":"2025-09-09T16:00:34","modified_gmt":"2025-09-09T21:00:34","slug":"silabos-2024","status":"publish","type":"page","link":"https:\/\/fcb.unsa.edu.pe\/biologia\/silabos-2024\/","title":{"rendered":"S\u00cdLABOS"},"content":{"rendered":"<p>S\u00edlabos A\u00f1o Acad\u00e9mico 2024: <a href=\"https:\/\/drive.google.com\/drive\/folders\/13cR-MtHLD4Xm1DKOtm7BMlFSNWmZrTPr?usp=sharing\" target=\"_blank\" rel=\"noopener\">Aqui para ver<\/a><\/p>\n","protected":false},"excerpt":{"rendered":"<p>S\u00edlabos A\u00f1o Acad\u00e9mico 2024: Aqui para ver<\/p>\n","protected":false},"author":5,"featured_media":0,"parent":0,"menu_order":0,"comment_status":"closed","ping_status":"closed","template":"","meta":{"_acf_changed":false,"footnotes":""},"class_list":["post-1994","page","type-page","status-publish","hentry"],"acf":[],"_links":{"self":[{"href":"https:\/\/fcb.unsa.edu.pe\/biologia\/wp-json\/wp\/v2\/pages\/1994","targetHints":{"allow":["GET"]}}],"collection":[{"href":"https:\/\/fcb.unsa.edu.pe\/biologia\/wp-json\/wp\/v2\/pages"}],"about":[{"href":"https:\/\/fcb.unsa.edu.pe\/biologia\/wp-json\/wp\/v2\/types\/page"}],"author":[{"embeddable":true,"href":"https:\/\/fcb.unsa.edu.pe\/biologia\/wp-json\/wp\/v2\/users\/5"}],"replies":[{"embeddable":true,"href":"https:\/\/fcb.unsa.edu.pe\/biologia\/wp-json\/wp\/v2\/comments?post=1994"}],"version-history":[{"count":3,"href":"https:\/\/fcb.unsa.edu.pe\/biologia\/wp-json\/wp\/v2\/pages\/1994\/revisions"}],"predecessor-version":[{"id":1998,"href":"https:\/\/fcb.unsa.edu.pe\/biologia\/wp-json\/wp\/v2\/pages\/1994\/revisions\/1998"}],"wp:attachment":[{"href":"https:\/\/fcb.unsa.edu.pe\/biologia\/wp-json\/wp\/v2\/media?parent=1994"}],"curies":[{"name":"wp","href":"https:\/\/api.w.org\/{rel}","templated":true}]}}