{"id":2032,"date":"2025-12-04T11:14:51","date_gmt":"2025-12-04T16:14:51","guid":{"rendered":"https:\/\/fcb.unsa.edu.pe\/biologia\/?page_id=2032"},"modified":"2025-12-04T11:14:51","modified_gmt":"2025-12-04T16:14:51","slug":"actualizacion-de-foto","status":"publish","type":"page","link":"https:\/\/fcb.unsa.edu.pe\/biologia\/actualizacion-de-foto\/","title":{"rendered":"ACTUALIZACI\u00d3N DE FOTO"},"content":{"rendered":"<h4>Procedimiento<\/h4>\n<div class=\"lista--pasos\">\n<ol>\n<li>Pague\u00a0<span class=\"txt--des bgvalor\">S\/ 5.00<\/span>\n<ul>\n<li><strong>Pago presencial:<\/strong>\u00a0en las cajas habilitadas en la universidad o en la Caja Central ubicada en la Calle Moral 103, Arequipa<\/li>\n<li><strong>Pago Virtual:\u00a0<\/strong>\u00a0Para realizar este procedimiento debe contar con\u00a0<strong>su correo (@unsa.edu.pe) institucional activo.<\/strong>\n<ul>\n<li>Realice el dep\u00f3sito en una de estas opciones:\n<ul>\n<li>Banco de la Naci\u00f3n Nro. Cuenta\u00a0<span class=\"txt--des bgamarillo\">00101202992<\/span>\u00a0CCI: (018101000101202992-60)<\/li>\n<li>Ventanilla o Agente BCP\u00a0<span class=\"txt--des bgazul\">Pagos Varios<\/span>: Nro. Cuenta\u00a0<span class=\"txt--des bgamarillo\">2151588792019<\/span>\u00a0CCI: (002215001588792019-25) .<\/li>\n<\/ul>\n<\/li>\n<li>Luego del pago, canjea el voucher en la plataforma\u00a0<a href=\"https:\/\/ouis.unsa.edu.pe\/unsapay\/\" target=\"_blank\" rel=\"noopener\">UNSApay<\/a>.<\/li>\n<\/ul>\n<\/li>\n<\/ul>\n<\/li>\n<li>\n<div class=\"nota--destacada bgamarillo\">\n<ul type=\"square\">\n<li>Imagen a color y en fondo blanco (Traje formal)<\/li>\n<li>Resoluci\u00f3n m\u00ednima de 300 dpi<\/li>\n<li>Formato JPG<\/li>\n<li>Tama\u00f1o 240 x 288 pixeles<\/li>\n<li>Peso menor a 50Kb<\/li>\n<li>La fotograf\u00eda no debe ser scaneada y no debe tener retoquesEscribe al correo\u00a0<a href=\"mailto:ouis@unsa.edu.pe\" target=\"_blank\" rel=\"noopener\">ouis@unsa.edu.pe<\/a>\u00a0con el\u00a0<strong>asunto Actualizaci\u00f3n de Foto<\/strong>\u00a0estos datos:\u00a0<strong>Nombres, DNI, Carrera, CUI y adjunta la boleta electr\u00f3nica<\/strong> en formato PDF y la fotograf\u00eda seg\u00fan las siguientes caracter\u00edsticas:<\/li>\n<\/ul>\n<\/div>\n<\/li>\n<li>Enviar a DSA la documentaci\u00f3n correspondiente para el tr\u00e1mite (dsa@unsa.edu.pe).<\/li>\n<\/ol>\n<\/div>\n","protected":false},"excerpt":{"rendered":"<p>Procedimiento Pague\u00a0S\/ 5.00 Pago presencial:\u00a0en las cajas habilitadas en la universidad o en la Caja Central ubicada en la Calle Moral 103, Arequipa Pago Virtual:\u00a0\u00a0Para realizar este procedimiento debe contar con\u00a0su correo (@unsa.edu.pe) institucional activo. Realice el dep\u00f3sito en una de estas opciones: Banco de la Naci\u00f3n Nro. Cuenta\u00a000101202992\u00a0CCI: (018101000101202992-60) Ventanilla o Agente BCP\u00a0Pagos Varios: [&hellip;]<\/p>\n","protected":false},"author":5,"featured_media":0,"parent":0,"menu_order":0,"comment_status":"closed","ping_status":"closed","template":"","meta":{"_acf_changed":false,"footnotes":""},"class_list":["post-2032","page","type-page","status-publish","hentry"],"acf":[],"_links":{"self":[{"href":"https:\/\/fcb.unsa.edu.pe\/biologia\/wp-json\/wp\/v2\/pages\/2032","targetHints":{"allow":["GET"]}}],"collection":[{"href":"https:\/\/fcb.unsa.edu.pe\/biologia\/wp-json\/wp\/v2\/pages"}],"about":[{"href":"https:\/\/fcb.unsa.edu.pe\/biologia\/wp-json\/wp\/v2\/types\/page"}],"author":[{"embeddable":true,"href":"https:\/\/fcb.unsa.edu.pe\/biologia\/wp-json\/wp\/v2\/users\/5"}],"replies":[{"embeddable":true,"href":"https:\/\/fcb.unsa.edu.pe\/biologia\/wp-json\/wp\/v2\/comments?post=2032"}],"version-history":[{"count":1,"href":"https:\/\/fcb.unsa.edu.pe\/biologia\/wp-json\/wp\/v2\/pages\/2032\/revisions"}],"predecessor-version":[{"id":2038,"href":"https:\/\/fcb.unsa.edu.pe\/biologia\/wp-json\/wp\/v2\/pages\/2032\/revisions\/2038"}],"wp:attachment":[{"href":"https:\/\/fcb.unsa.edu.pe\/biologia\/wp-json\/wp\/v2\/media?parent=2032"}],"curies":[{"name":"wp","href":"https:\/\/api.w.org\/{rel}","templated":true}]}}