{"id":2054,"date":"2025-12-04T11:41:30","date_gmt":"2025-12-04T16:41:30","guid":{"rendered":"https:\/\/fcb.unsa.edu.pe\/biologia\/?page_id=2054"},"modified":"2025-12-04T11:43:48","modified_gmt":"2025-12-04T16:43:48","slug":"reserva-de-matricula","status":"publish","type":"page","link":"https:\/\/fcb.unsa.edu.pe\/biologia\/reserva-de-matricula\/","title":{"rendered":"RESERVA DE MATR\u00cdCULA"},"content":{"rendered":"<ol>\n<li>La Reserva de Matr\u00edcula, es el acto voluntario del estudiante de diferir su matr\u00edcula para un periodo acad\u00e9mico siguiente, debiendo solicitarlo en la Direcci\u00f3n de Servicios Acad\u00e9micos, habiendo efectuado el pago por dicho concepto y seg\u00fan Cronograma Acad\u00e9mico.<\/li>\n<li>Los estudiantes tienen derecho a solicitar reserva de matr\u00edcula por un m\u00e1ximo de tres (03) a\u00f1os consecutivos o alternos.<\/li>\n<li>El estudiante que desea hacer una reserva de matr\u00edcula deber presentar un expediente en la DUFA, con los siguientes documentos:\n<ol type=\"a\">\n<li>Solicitud redactada por el interesado, indicando sus datos generales de Ley, Escuela y la cantidad de a\u00f1os que solicita la reserva.<\/li>\n<li>Constancia de matr\u00edcula del periodo anterior (2019).<\/li>\n<li>Recibo de pago por derechos. (<span class=\"txt--des bgvalor\">S\/ 50.00\u00a0<\/span>) Banco de Cr\u00e9dito \u2013 Caja-UNSA.<\/li>\n<li>Presentaci\u00f3n del DNI.<\/li>\n<\/ol>\n<\/li>\n<li>El tr\u00e1mite es personal o con carta poder legalizada.<\/li>\n<li>El expediente quedar\u00e1 en archivo por el tiempo que dure la condici\u00f3n de RESERVA DE MATR\u00cdCULA.<\/li>\n<li>Al t\u00e9rmino del periodo correspondiente, el estudiante solicitar\u00e1 a la DUFA, se levante la condici\u00f3n de reserva en el sistema, para quedar habilitado para el proceso de Matr\u00edcula, presentando:\n<ol type=\"a\">\n<li>Solicitud redactada por el interesado, pidiendo levantamiento de la reserva efectuada.<\/li>\n<li>Recibo de pago por derechos de tr\u00e1mite documentario.<\/li>\n<li>Presentaci\u00f3n del DNI.<\/li>\n<\/ol>\n<\/li>\n<li>Si el estudiante excediera el plazo establecido, debe solicitar la reactualizaci\u00f3n de matr\u00edcula, si desea continuar sus estudios universitarios (no debiendo ser mayor a 03 a\u00f1os en total, que haya dejado de estudiar o matricularse).<\/li>\n<\/ol>\n<p><span style=\"color: #ff0000\">LEVANTAMIENTO DE RESERVA DE MATR\u00cdCULA<\/span><br \/>\nREQUISITOS:<br \/>\n&#8211; SOLICITUD DIRIGIDA A LA DSA dsa@unsa.edu.pe pidiendo levantamiento de reserva<br \/>\n&#8211; RECIBO DE PAGO S\/ 6.00 Banco BCP Cuenta UNSA \u2013 VARIOS 215-1588792-0-19<br \/>\n&#8211; ENVIAR EL VOUCHER A kurquizo@unsa.edu.pe PARA EL CANJE POR RECIBO DE TR\u00c1MITE<br \/>\nUNSA, EL QUE PRESENTAR\u00c1 CON LA SOLICITUD.<br \/>\n&#8211; CARGO DE LA SOLICITUD PRESENTADA AL PEDIR LA RESERVA DE MATR\u00cdCULA.<br \/>\n&#8211; COPIA DNI.<br \/>\nPRESENTACI\u00d3N DE ACUERDO A CRONOGRAMA dsa@unsa.edu.pe<\/p>\n<p><em><strong>NOTA: <\/strong><\/em>Seg\u00fan est\u00e9n habilitadas las escuelas para matr\u00edculas, se registrar\u00e1 el levantamiento de reserva, correspondiendo en fecha.<\/p>\n","protected":false},"excerpt":{"rendered":"<p>La Reserva de Matr\u00edcula, es el acto voluntario del estudiante de diferir su matr\u00edcula para un periodo acad\u00e9mico siguiente, debiendo solicitarlo en la Direcci\u00f3n de Servicios Acad\u00e9micos, habiendo efectuado el pago por dicho concepto y seg\u00fan Cronograma Acad\u00e9mico. Los estudiantes tienen derecho a solicitar reserva de matr\u00edcula por un m\u00e1ximo de tres (03) a\u00f1os consecutivos [&hellip;]<\/p>\n","protected":false},"author":5,"featured_media":0,"parent":0,"menu_order":0,"comment_status":"closed","ping_status":"closed","template":"","meta":{"_acf_changed":false,"footnotes":""},"class_list":["post-2054","page","type-page","status-publish","hentry"],"acf":[],"_links":{"self":[{"href":"https:\/\/fcb.unsa.edu.pe\/biologia\/wp-json\/wp\/v2\/pages\/2054","targetHints":{"allow":["GET"]}}],"collection":[{"href":"https:\/\/fcb.unsa.edu.pe\/biologia\/wp-json\/wp\/v2\/pages"}],"about":[{"href":"https:\/\/fcb.unsa.edu.pe\/biologia\/wp-json\/wp\/v2\/types\/page"}],"author":[{"embeddable":true,"href":"https:\/\/fcb.unsa.edu.pe\/biologia\/wp-json\/wp\/v2\/users\/5"}],"replies":[{"embeddable":true,"href":"https:\/\/fcb.unsa.edu.pe\/biologia\/wp-json\/wp\/v2\/comments?post=2054"}],"version-history":[{"count":3,"href":"https:\/\/fcb.unsa.edu.pe\/biologia\/wp-json\/wp\/v2\/pages\/2054\/revisions"}],"predecessor-version":[{"id":2066,"href":"https:\/\/fcb.unsa.edu.pe\/biologia\/wp-json\/wp\/v2\/pages\/2054\/revisions\/2066"}],"wp:attachment":[{"href":"https:\/\/fcb.unsa.edu.pe\/biologia\/wp-json\/wp\/v2\/media?parent=2054"}],"curies":[{"name":"wp","href":"https:\/\/api.w.org\/{rel}","templated":true}]}}