{"id":2055,"date":"2025-12-04T11:44:36","date_gmt":"2025-12-04T16:44:36","guid":{"rendered":"https:\/\/fcb.unsa.edu.pe\/biologia\/?page_id=2055"},"modified":"2025-12-04T11:44:36","modified_gmt":"2025-12-04T16:44:36","slug":"matricula-regular","status":"publish","type":"page","link":"https:\/\/fcb.unsa.edu.pe\/biologia\/matricula-regular\/","title":{"rendered":"MATR\u00cdCULA REGULAR"},"content":{"rendered":"<h3>Procedimiento<\/h3>\n<ol class=\"lista--pasos\">\n<li>Los estudiantes deber\u00e1n ingresar a la p\u00e1gina\u00a0<a href=\"http:\/\/matricula.unsa.edu.pe\/\" target=\"_blank\" rel=\"noopener\">http:\/\/matricula.unsa.edu.pe\/<\/a><\/li>\n<li>Leer Procedimientos y documentos para estar informado.<\/li>\n<li>Con el USUARIO y CLAVE que se le envi\u00f3 a su correo institucional.<\/li>\n<li>Elija la opci\u00f3n \u201cEncuesta de Evaluaci\u00f3n Docente\u201d y proceda a responder todas las preguntas.<\/li>\n<li>Elija la opci\u00f3n \u201cCronograma de Matricula\u201d para verificar si su Escuela est\u00e1 habilitada para su matr\u00edcula. Si no est\u00e1 habilitada, esperar hasta cuando quede habilitada.<\/li>\n<li>Elija la opci\u00f3n \u201cDescarga Tal\u00f3n de Pago\u201d donde podr\u00e1 visualizar la deuda que tiene con la Universidad. El estudiante que por motivos de fuerza mayor no pueda realizar el pago, podr\u00e1 matricularse y tendr\u00e1 como plazo m\u00e1ximo el 30 de octubre del 2020, para cancelar dicha deuda.<\/li>\n<li>Elija la opci\u00f3n \u201cMatricula en L\u00ednea\u201d y proceda a matricularse en las asignaturas que le correspondan. El Sistema verificar\u00e1 el cumplimiento de prerrequisitos y los topes de cr\u00e9dito (definidos para cada Escuela). El Sistema ya considera los seis (6) cr\u00e9ditos adicionales para los estudiantes que no tengan ning\u00fan curso pendiente de aprobaci\u00f3n<\/li>\n<li>Luego deber\u00e1 validar en el mismo sistema su matr\u00edcula y descargar e imprimir su CONSTANCIA DE MATRICULA<\/li>\n<\/ol>\n","protected":false},"excerpt":{"rendered":"<p>Procedimiento Los estudiantes deber\u00e1n ingresar a la p\u00e1gina\u00a0http:\/\/matricula.unsa.edu.pe\/ Leer Procedimientos y documentos para estar informado. Con el USUARIO y CLAVE que se le envi\u00f3 a su correo institucional. Elija la opci\u00f3n \u201cEncuesta de Evaluaci\u00f3n Docente\u201d y proceda a responder todas las preguntas. Elija la opci\u00f3n \u201cCronograma de Matricula\u201d para verificar si su Escuela est\u00e1 habilitada [&hellip;]<\/p>\n","protected":false},"author":5,"featured_media":0,"parent":0,"menu_order":0,"comment_status":"closed","ping_status":"closed","template":"","meta":{"_acf_changed":false,"footnotes":""},"class_list":["post-2055","page","type-page","status-publish","hentry"],"acf":[],"_links":{"self":[{"href":"https:\/\/fcb.unsa.edu.pe\/biologia\/wp-json\/wp\/v2\/pages\/2055","targetHints":{"allow":["GET"]}}],"collection":[{"href":"https:\/\/fcb.unsa.edu.pe\/biologia\/wp-json\/wp\/v2\/pages"}],"about":[{"href":"https:\/\/fcb.unsa.edu.pe\/biologia\/wp-json\/wp\/v2\/types\/page"}],"author":[{"embeddable":true,"href":"https:\/\/fcb.unsa.edu.pe\/biologia\/wp-json\/wp\/v2\/users\/5"}],"replies":[{"embeddable":true,"href":"https:\/\/fcb.unsa.edu.pe\/biologia\/wp-json\/wp\/v2\/comments?post=2055"}],"version-history":[{"count":1,"href":"https:\/\/fcb.unsa.edu.pe\/biologia\/wp-json\/wp\/v2\/pages\/2055\/revisions"}],"predecessor-version":[{"id":2067,"href":"https:\/\/fcb.unsa.edu.pe\/biologia\/wp-json\/wp\/v2\/pages\/2055\/revisions\/2067"}],"wp:attachment":[{"href":"https:\/\/fcb.unsa.edu.pe\/biologia\/wp-json\/wp\/v2\/media?parent=2055"}],"curies":[{"name":"wp","href":"https:\/\/api.w.org\/{rel}","templated":true}]}}