{"id":2056,"date":"2025-12-04T11:47:40","date_gmt":"2025-12-04T16:47:40","guid":{"rendered":"https:\/\/fcb.unsa.edu.pe\/biologia\/?page_id=2056"},"modified":"2025-12-04T11:48:21","modified_gmt":"2025-12-04T16:48:21","slug":"matricula-por-excepcion","status":"publish","type":"page","link":"https:\/\/fcb.unsa.edu.pe\/biologia\/matricula-por-excepcion\/","title":{"rendered":"MATR\u00cdCULA POR EXCEPCI\u00d3N"},"content":{"rendered":"<h3>Procedimiento<\/h3>\n<ol class=\"lista--pasos\">\n<li>Descarga<span style=\"color: #800080\">r la\u00a0<a style=\"color: #800080\" href=\"http:\/\/matricula.unsa.edu.pe\/doc\/ficha-registro-matricula_2017.pdf\">ficha de matricula<\/a>\u00a0<\/span>correspondiente<\/li>\n<li>Realizar el pago de matr\u00edcula por excepci\u00f3n en caja U.N.S.A.<\/li>\n<li>Presentar en la Escuela Profesional lo siguiente:\n<ul>\n<li>Ficha de matr\u00edcula.<\/li>\n<li>Recibo de pago de matr\u00edcula por excepci\u00f3n.<\/li>\n<li>Copia de la constancia de matr\u00edcula (Si fuera el caso)<\/li>\n<\/ul>\n<\/li>\n<li>Las Escuelas Profesionales o Decanatos, revisar\u00e1n y evaluar\u00e1n la pertinencia de la matr\u00edcula por excepci\u00f3n en funci\u00f3n del cumplimiento de los casos se\u00f1alados.<\/li>\n<li>De ser aprobada la matr\u00edcula por excepci\u00f3n, el Director de la Escuela y Decano autorizaran la matricula, dando conformidad y firmando en la ficha correspondiente.<\/li>\n<li>Las Escuelas Profesionales o Decanatos registrar\u00e1n estas matr\u00edculas en el Sistema de Matricula habilitado para tales casos. (La Oficina de Inform\u00e1tica entregar\u00e1 a cada Escuela el USUARIO y CLAVE correspondiente).<\/li>\n<li>La Escuelas Profesionales o Decanatos remitir\u00e1n a la Direcci\u00f3n de Servicios Acad\u00e9micos (DSA) los expedientes de las matr\u00edculas por excepci\u00f3n aprobados y registrados en el Sistema de Matr\u00edcula.<\/li>\n<li>Concluido el proceso se cerrar\u00e1 el Sistema y no se aceptar\u00e1 ning\u00fan expediente adicional.<\/li>\n<\/ol>\n<h5 class=\"card--procedimientos--title\">Notas<\/h5>\n<div>\n<p>Consideraciones para el proceos de matr\u00edcula de estudiantes en situaci\u00f3n de excepci\u00f3n<br \/>\n<a href=\"https:\/\/vra.unsa.edu.pe\/dufa\/wp-content\/uploads\/sites\/3\/2023\/01\/pautas_matriculaxexcepcion_2020a.pdf\" target=\"_blank\" rel=\"noopener\">Ver Documento<\/a><\/p>\n<p><strong>MONTO DE PAGO<\/strong><br \/>\nMatricula: S\/ 5.00<\/p>\n<p>Ficha de registro de matr\u00edcula por excepci\u00f3n<br \/>\n<a href=\"http:\/\/matricula.unsa.edu.pe\/doc\/ficha-registro-matricula_2017.pdf\">Ver\/Descargar<\/a><\/p>\n<\/div>\n","protected":false},"excerpt":{"rendered":"<p>Procedimiento Descargar la\u00a0ficha de matricula\u00a0correspondiente Realizar el pago de matr\u00edcula por excepci\u00f3n en caja U.N.S.A. Presentar en la Escuela Profesional lo siguiente: Ficha de matr\u00edcula. Recibo de pago de matr\u00edcula por excepci\u00f3n. Copia de la constancia de matr\u00edcula (Si fuera el caso) Las Escuelas Profesionales o Decanatos, revisar\u00e1n y evaluar\u00e1n la pertinencia de la matr\u00edcula [&hellip;]<\/p>\n","protected":false},"author":5,"featured_media":0,"parent":0,"menu_order":0,"comment_status":"closed","ping_status":"closed","template":"","meta":{"_acf_changed":false,"footnotes":""},"class_list":["post-2056","page","type-page","status-publish","hentry"],"acf":[],"_links":{"self":[{"href":"https:\/\/fcb.unsa.edu.pe\/biologia\/wp-json\/wp\/v2\/pages\/2056","targetHints":{"allow":["GET"]}}],"collection":[{"href":"https:\/\/fcb.unsa.edu.pe\/biologia\/wp-json\/wp\/v2\/pages"}],"about":[{"href":"https:\/\/fcb.unsa.edu.pe\/biologia\/wp-json\/wp\/v2\/types\/page"}],"author":[{"embeddable":true,"href":"https:\/\/fcb.unsa.edu.pe\/biologia\/wp-json\/wp\/v2\/users\/5"}],"replies":[{"embeddable":true,"href":"https:\/\/fcb.unsa.edu.pe\/biologia\/wp-json\/wp\/v2\/comments?post=2056"}],"version-history":[{"count":2,"href":"https:\/\/fcb.unsa.edu.pe\/biologia\/wp-json\/wp\/v2\/pages\/2056\/revisions"}],"predecessor-version":[{"id":2069,"href":"https:\/\/fcb.unsa.edu.pe\/biologia\/wp-json\/wp\/v2\/pages\/2056\/revisions\/2069"}],"wp:attachment":[{"href":"https:\/\/fcb.unsa.edu.pe\/biologia\/wp-json\/wp\/v2\/media?parent=2056"}],"curies":[{"name":"wp","href":"https:\/\/api.w.org\/{rel}","templated":true}]}}