{"id":2057,"date":"2025-12-04T11:49:01","date_gmt":"2025-12-04T16:49:01","guid":{"rendered":"https:\/\/fcb.unsa.edu.pe\/biologia\/?page_id=2057"},"modified":"2025-12-04T11:49:01","modified_gmt":"2025-12-04T16:49:01","slug":"retiro-de-matricula","status":"publish","type":"page","link":"https:\/\/fcb.unsa.edu.pe\/biologia\/retiro-de-matricula\/","title":{"rendered":"RETIRO DE MATR\u00cdCULA"},"content":{"rendered":"<div>\n<h5 class=\"card--procedimientos--title\">Formatos<\/h5>\n<div>\n<p>Ficha de registro de matricula por excepci\u00f3n<\/p>\n<p><a href=\"http:\/\/matricula.unsa.edu.pe\/doc\/ficha-registro-matricula_2017.pdf\" target=\"_blank\" rel=\"noopener\">Ver\/Descargar<\/a><\/p>\n<\/div>\n<\/div>\n<div>\n<h5 class=\"card--procedimientos--title\">Documentacion Relacionada<\/h5>\n<div>\n<p><strong>REGLAMENTOS<br \/>\n<\/strong>Pautas para el proceso de matr\u00edcula de estudianes en situaci\u00f3n de excepci\u00f3n<\/p>\n<p><a href=\"https:\/\/vra.unsa.edu.pe\/dufa\/wp-content\/uploads\/sites\/3\/2023\/01\/pautas_matriculaxexcepcion_2020a.pdf\" target=\"_blank\" rel=\"noopener\">Ver m\u00e1s<\/a><\/p>\n<\/div>\n<\/div>\n<div>\n<h5 class=\"card--procedimientos--title\">Notas<\/h5>\n<div>\n<p><strong>REQUISITOS<\/strong><\/p>\n<ul>\n<li>Anterior constancia de Matr\u00edcula<\/li>\n<li>Recibo de pago correspondiente<\/li>\n<\/ul>\n<p><strong>MONTO DE PAGO<\/strong><br \/>\nModificaci\u00f3n de Matr\u00edcula: S\/ 10.00<\/p>\n<\/div>\n<\/div>\n","protected":false},"excerpt":{"rendered":"<p>Formatos Ficha de registro de matricula por excepci\u00f3n Ver\/Descargar Documentacion Relacionada REGLAMENTOS Pautas para el proceso de matr\u00edcula de estudianes en situaci\u00f3n de excepci\u00f3n Ver m\u00e1s Notas REQUISITOS Anterior constancia de Matr\u00edcula Recibo de pago correspondiente MONTO DE PAGO Modificaci\u00f3n de Matr\u00edcula: S\/ 10.00<\/p>\n","protected":false},"author":5,"featured_media":0,"parent":0,"menu_order":0,"comment_status":"closed","ping_status":"closed","template":"","meta":{"_acf_changed":false,"footnotes":""},"class_list":["post-2057","page","type-page","status-publish","hentry"],"acf":[],"_links":{"self":[{"href":"https:\/\/fcb.unsa.edu.pe\/biologia\/wp-json\/wp\/v2\/pages\/2057","targetHints":{"allow":["GET"]}}],"collection":[{"href":"https:\/\/fcb.unsa.edu.pe\/biologia\/wp-json\/wp\/v2\/pages"}],"about":[{"href":"https:\/\/fcb.unsa.edu.pe\/biologia\/wp-json\/wp\/v2\/types\/page"}],"author":[{"embeddable":true,"href":"https:\/\/fcb.unsa.edu.pe\/biologia\/wp-json\/wp\/v2\/users\/5"}],"replies":[{"embeddable":true,"href":"https:\/\/fcb.unsa.edu.pe\/biologia\/wp-json\/wp\/v2\/comments?post=2057"}],"version-history":[{"count":1,"href":"https:\/\/fcb.unsa.edu.pe\/biologia\/wp-json\/wp\/v2\/pages\/2057\/revisions"}],"predecessor-version":[{"id":2070,"href":"https:\/\/fcb.unsa.edu.pe\/biologia\/wp-json\/wp\/v2\/pages\/2057\/revisions\/2070"}],"wp:attachment":[{"href":"https:\/\/fcb.unsa.edu.pe\/biologia\/wp-json\/wp\/v2\/media?parent=2057"}],"curies":[{"name":"wp","href":"https:\/\/api.w.org\/{rel}","templated":true}]}}