{"id":2061,"date":"2025-12-04T11:51:41","date_gmt":"2025-12-04T16:51:41","guid":{"rendered":"https:\/\/fcb.unsa.edu.pe\/biologia\/?page_id=2061"},"modified":"2025-12-04T11:51:41","modified_gmt":"2025-12-04T16:51:41","slug":"retiro-excepcional","status":"publish","type":"page","link":"https:\/\/fcb.unsa.edu.pe\/biologia\/retiro-excepcional\/","title":{"rendered":"RETIRO EXCEPCIONAL"},"content":{"rendered":"<p><strong>REGLAMENTO DE MATR\u00cdCULA<\/strong><\/p>\n<p>Art. 21.- El retiro total de matr\u00edcula por motivos de salud y otras causas debidamente justificadas, procede en cualquier momento durante el semestre o a\u00f1o acad\u00e9mico [&#8230;]<\/p>\n<p><a href=\"http:\/\/matricula.unsa.edu.pe\/doc\/reglamento_matricula_2020_modi.pdf\" target=\"_blank\" rel=\"noopener\">Ver m\u00e1s<\/a><\/p>\n<p><img decoding=\"async\" src=\"https:\/\/vra.unsa.edu.pe\/dsa\/wp-content\/uploads\/sites\/3\/2023\/01\/3.11-Retiro-excepcional-1024x770.jpg\" alt=\"\" \/><\/p>\n","protected":false},"excerpt":{"rendered":"<p>REGLAMENTO DE MATR\u00cdCULA Art. 21.- El retiro total de matr\u00edcula por motivos de salud y otras causas debidamente justificadas, procede en cualquier momento durante el semestre o a\u00f1o acad\u00e9mico [&#8230;] Ver m\u00e1s<\/p>\n","protected":false},"author":5,"featured_media":0,"parent":0,"menu_order":0,"comment_status":"closed","ping_status":"closed","template":"","meta":{"_acf_changed":false,"footnotes":""},"class_list":["post-2061","page","type-page","status-publish","hentry"],"acf":[],"_links":{"self":[{"href":"https:\/\/fcb.unsa.edu.pe\/biologia\/wp-json\/wp\/v2\/pages\/2061","targetHints":{"allow":["GET"]}}],"collection":[{"href":"https:\/\/fcb.unsa.edu.pe\/biologia\/wp-json\/wp\/v2\/pages"}],"about":[{"href":"https:\/\/fcb.unsa.edu.pe\/biologia\/wp-json\/wp\/v2\/types\/page"}],"author":[{"embeddable":true,"href":"https:\/\/fcb.unsa.edu.pe\/biologia\/wp-json\/wp\/v2\/users\/5"}],"replies":[{"embeddable":true,"href":"https:\/\/fcb.unsa.edu.pe\/biologia\/wp-json\/wp\/v2\/comments?post=2061"}],"version-history":[{"count":1,"href":"https:\/\/fcb.unsa.edu.pe\/biologia\/wp-json\/wp\/v2\/pages\/2061\/revisions"}],"predecessor-version":[{"id":2074,"href":"https:\/\/fcb.unsa.edu.pe\/biologia\/wp-json\/wp\/v2\/pages\/2061\/revisions\/2074"}],"wp:attachment":[{"href":"https:\/\/fcb.unsa.edu.pe\/biologia\/wp-json\/wp\/v2\/media?parent=2061"}],"curies":[{"name":"wp","href":"https:\/\/api.w.org\/{rel}","templated":true}]}}