{"id":2075,"date":"2025-12-04T11:55:53","date_gmt":"2025-12-04T16:55:53","guid":{"rendered":"https:\/\/fcb.unsa.edu.pe\/biologia\/?page_id=2075"},"modified":"2025-12-04T11:55:53","modified_gmt":"2025-12-04T16:55:53","slug":"alquiler-de-auditorio-de-biologia","status":"publish","type":"page","link":"https:\/\/fcb.unsa.edu.pe\/biologia\/alquiler-de-auditorio-de-biologia\/","title":{"rendered":"ALQUILER DE AUDITORIO DE BIOLOG\u00cdA"},"content":{"rendered":"<p data-start=\"132\" data-end=\"359\">Para solicitar el <strong data-start=\"150\" data-end=\"214\">alquiler del Auditorio de la Escuela Profesional de Biolog\u00eda<\/strong>, el interesado deber\u00e1 enviar una <strong data-start=\"248\" data-end=\"294\">solicitud dirigida al correo institucional<\/strong>: <strong data-start=\"296\" data-end=\"320\"><a class=\"decorated-link cursor-pointer\" rel=\"noopener\" data-start=\"298\" data-end=\"318\">biologia@unsa.edu.pe<\/a><\/strong>, consignando la siguiente informaci\u00f3n:<\/p>\n<ul data-start=\"361\" data-end=\"492\">\n<li data-start=\"361\" data-end=\"398\">\n<p data-start=\"363\" data-end=\"398\"><strong data-start=\"363\" data-end=\"396\">Nombres y apellidos completos<\/strong><\/p>\n<\/li>\n<li data-start=\"399\" data-end=\"424\">\n<p data-start=\"401\" data-end=\"424\"><strong data-start=\"401\" data-end=\"422\">Nombre del evento<\/strong><\/p>\n<\/li>\n<li data-start=\"425\" data-end=\"456\">\n<p data-start=\"427\" data-end=\"456\"><strong data-start=\"427\" data-end=\"454\">Fecha y hora del evento<\/strong><\/p>\n<\/li>\n<li data-start=\"457\" data-end=\"492\">\n<p data-start=\"459\" data-end=\"492\"><strong data-start=\"459\" data-end=\"492\">N\u00famero telef\u00f3nico de contacto<\/strong><\/p>\n<\/li>\n<\/ul>\n<p data-start=\"494\" data-end=\"653\">Una vez realizadas las coordinaciones respectivas, el solicitante deber\u00e1 <strong data-start=\"567\" data-end=\"627\">presentarse con el baucher de pago y una copia del mismo<\/strong> para concluir el tr\u00e1mite.<\/p>\n","protected":false},"excerpt":{"rendered":"<p>Para solicitar el alquiler del Auditorio de la Escuela Profesional de Biolog\u00eda, el interesado deber\u00e1 enviar una solicitud dirigida al correo institucional: biologia@unsa.edu.pe, consignando la siguiente informaci\u00f3n: Nombres y apellidos completos Nombre del evento Fecha y hora del evento N\u00famero telef\u00f3nico de contacto Una vez realizadas las coordinaciones respectivas, el solicitante deber\u00e1 presentarse con el [&hellip;]<\/p>\n","protected":false},"author":5,"featured_media":0,"parent":0,"menu_order":0,"comment_status":"closed","ping_status":"closed","template":"","meta":{"_acf_changed":false,"footnotes":""},"class_list":["post-2075","page","type-page","status-publish","hentry"],"acf":[],"_links":{"self":[{"href":"https:\/\/fcb.unsa.edu.pe\/biologia\/wp-json\/wp\/v2\/pages\/2075","targetHints":{"allow":["GET"]}}],"collection":[{"href":"https:\/\/fcb.unsa.edu.pe\/biologia\/wp-json\/wp\/v2\/pages"}],"about":[{"href":"https:\/\/fcb.unsa.edu.pe\/biologia\/wp-json\/wp\/v2\/types\/page"}],"author":[{"embeddable":true,"href":"https:\/\/fcb.unsa.edu.pe\/biologia\/wp-json\/wp\/v2\/users\/5"}],"replies":[{"embeddable":true,"href":"https:\/\/fcb.unsa.edu.pe\/biologia\/wp-json\/wp\/v2\/comments?post=2075"}],"version-history":[{"count":1,"href":"https:\/\/fcb.unsa.edu.pe\/biologia\/wp-json\/wp\/v2\/pages\/2075\/revisions"}],"predecessor-version":[{"id":2077,"href":"https:\/\/fcb.unsa.edu.pe\/biologia\/wp-json\/wp\/v2\/pages\/2075\/revisions\/2077"}],"wp:attachment":[{"href":"https:\/\/fcb.unsa.edu.pe\/biologia\/wp-json\/wp\/v2\/media?parent=2075"}],"curies":[{"name":"wp","href":"https:\/\/api.w.org\/{rel}","templated":true}]}}