{"id":1304,"date":"2017-09-08T16:02:35","date_gmt":"2017-09-08T16:02:35","guid":{"rendered":"http:\/\/www2.unsa.edu.pe\/escuelas\/nutricion\/?page_id=1304"},"modified":"2025-09-24T10:32:14","modified_gmt":"2025-09-24T15:32:14","slug":"personal-docente","status":"publish","type":"page","link":"https:\/\/fcb.unsa.edu.pe\/nutricion\/personal-docente\/","title":{"rendered":"Docentes del Programa"},"content":{"rendered":"<embed src=\"https:\/\/fcb.unsa.edu.pe\/nutricion\/wp-content\/uploads\/sites\/3\/2025\/09\/CARGA-LECTIVA.pdf%20#page=1\" type=\"application\/pdf\" style=\"height: 70vh; width: 100%;\"><\/embed>\n<p>&nbsp;<\/p>\n<p style=\"text-align: center\"><strong>DOCENTES DEL DEPARTAMENTO ACAD\u00c9MICO DE CIENCIAS DE LA<\/strong><br \/>\n<strong>NUTRICI\u00d3N CON GRADOS SECCI\u00d3N Y ASIGNATURA<\/strong><\/p>\n<p>&nbsp;<\/p>\n","protected":false},"excerpt":{"rendered":"<p>&nbsp; DOCENTES DEL DEPARTAMENTO ACAD\u00c9MICO DE CIENCIAS DE LA NUTRICI\u00d3N CON GRADOS SECCI\u00d3N Y ASIGNATURA &nbsp;<\/p>\n","protected":false},"author":1,"featured_media":1458,"parent":0,"menu_order":0,"comment_status":"closed","ping_status":"closed","template":"page-galeria.php","meta":{"_acf_changed":false,"footnotes":""},"class_list":["post-1304","page","type-page","status-publish","has-post-thumbnail","hentry"],"acf":[],"_links":{"self":[{"href":"https:\/\/fcb.unsa.edu.pe\/nutricion\/wp-json\/wp\/v2\/pages\/1304","targetHints":{"allow":["GET"]}}],"collection":[{"href":"https:\/\/fcb.unsa.edu.pe\/nutricion\/wp-json\/wp\/v2\/pages"}],"about":[{"href":"https:\/\/fcb.unsa.edu.pe\/nutricion\/wp-json\/wp\/v2\/types\/page"}],"author":[{"embeddable":true,"href":"https:\/\/fcb.unsa.edu.pe\/nutricion\/wp-json\/wp\/v2\/users\/1"}],"replies":[{"embeddable":true,"href":"https:\/\/fcb.unsa.edu.pe\/nutricion\/wp-json\/wp\/v2\/comments?post=1304"}],"version-history":[{"count":55,"href":"https:\/\/fcb.unsa.edu.pe\/nutricion\/wp-json\/wp\/v2\/pages\/1304\/revisions"}],"predecessor-version":[{"id":4778,"href":"https:\/\/fcb.unsa.edu.pe\/nutricion\/wp-json\/wp\/v2\/pages\/1304\/revisions\/4778"}],"wp:featuredmedia":[{"embeddable":true,"href":"https:\/\/fcb.unsa.edu.pe\/nutricion\/wp-json\/wp\/v2\/media\/1458"}],"wp:attachment":[{"href":"https:\/\/fcb.unsa.edu.pe\/nutricion\/wp-json\/wp\/v2\/media?parent=1304"}],"curies":[{"name":"wp","href":"https:\/\/api.w.org\/{rel}","templated":true}]}}