{"id":1307,"date":"2017-09-08T16:06:20","date_gmt":"2017-09-08T16:06:20","guid":{"rendered":"http:\/\/www2.unsa.edu.pe\/escuelas\/nutricion\/?page_id=1307"},"modified":"2025-07-31T15:16:06","modified_gmt":"2025-07-31T20:16:06","slug":"perfil-del-egresado","status":"publish","type":"page","link":"https:\/\/fcb.unsa.edu.pe\/nutricion\/perfil-del-egresado\/","title":{"rendered":"Perfil de Egreso"},"content":{"rendered":"<p><span style=\"color: #000000\">El Egresado(a) de la <strong><em>Escuela Profesional de Ciencias de la Nutrici\u00f3n<\/em><\/strong> de la Universidad Nacional de San Agust\u00edn de Arequipa, tiene una s\u00f3lida formaci\u00f3n acad\u00e9mica, cient\u00edfica, investigativa, human\u00edstica y \u00e9tica, se integra al campo laboral liderando y participando competitivamente en las diferentes \u00e1reas de la realidad alimentario nutricional. <\/span><br \/>\n<span style=\"color: #000000\">Desempe\u00f1a actividades preventivo, promocionales y de recuperaci\u00f3n de la salud, as\u00ed como otras \u00e1reas relacionadas con el emprendimiento, nutrici\u00f3n deportiva y la seguridad alimentaria, con compromiso y responsabilidad social.<\/span><\/p>\n","protected":false},"excerpt":{"rendered":"<p>El Egresado(a) de la Escuela Profesional de Ciencias de la Nutrici\u00f3n de la Universidad Nacional de San Agust\u00edn de Arequipa, tiene una s\u00f3lida formaci\u00f3n acad\u00e9mica, cient\u00edfica, investigativa, human\u00edstica y \u00e9tica, se integra al campo laboral liderando y participando competitivamente en las diferentes \u00e1reas de la realidad alimentario nutricional. Desempe\u00f1a actividades preventivo, promocionales y de recuperaci\u00f3n [&hellip;]<\/p>\n","protected":false},"author":1,"featured_media":4641,"parent":0,"menu_order":0,"comment_status":"closed","ping_status":"closed","template":"","meta":{"_acf_changed":false,"footnotes":""},"class_list":["post-1307","page","type-page","status-publish","has-post-thumbnail","hentry"],"acf":[],"_links":{"self":[{"href":"https:\/\/fcb.unsa.edu.pe\/nutricion\/wp-json\/wp\/v2\/pages\/1307","targetHints":{"allow":["GET"]}}],"collection":[{"href":"https:\/\/fcb.unsa.edu.pe\/nutricion\/wp-json\/wp\/v2\/pages"}],"about":[{"href":"https:\/\/fcb.unsa.edu.pe\/nutricion\/wp-json\/wp\/v2\/types\/page"}],"author":[{"embeddable":true,"href":"https:\/\/fcb.unsa.edu.pe\/nutricion\/wp-json\/wp\/v2\/users\/1"}],"replies":[{"embeddable":true,"href":"https:\/\/fcb.unsa.edu.pe\/nutricion\/wp-json\/wp\/v2\/comments?post=1307"}],"version-history":[{"count":13,"href":"https:\/\/fcb.unsa.edu.pe\/nutricion\/wp-json\/wp\/v2\/pages\/1307\/revisions"}],"predecessor-version":[{"id":3548,"href":"https:\/\/fcb.unsa.edu.pe\/nutricion\/wp-json\/wp\/v2\/pages\/1307\/revisions\/3548"}],"wp:featuredmedia":[{"embeddable":true,"href":"https:\/\/fcb.unsa.edu.pe\/nutricion\/wp-json\/wp\/v2\/media\/4641"}],"wp:attachment":[{"href":"https:\/\/fcb.unsa.edu.pe\/nutricion\/wp-json\/wp\/v2\/media?parent=1307"}],"curies":[{"name":"wp","href":"https:\/\/api.w.org\/{rel}","templated":true}]}}