{"id":1315,"date":"2017-09-08T16:12:37","date_gmt":"2017-09-08T16:12:37","guid":{"rendered":"http:\/\/www2.unsa.edu.pe\/escuelas\/nutricion\/?page_id=1315"},"modified":"2021-10-25T09:45:32","modified_gmt":"2021-10-25T14:45:32","slug":"competencias-de-la-carrera","status":"publish","type":"page","link":"https:\/\/fcb.unsa.edu.pe\/nutricion\/competencias-de-la-carrera\/","title":{"rendered":"Competencias Generales y Especificas"},"content":{"rendered":"<h4><strong>Competencias Generales<\/strong><\/h4>\n<ol>\n<li>Aprecia obras art\u00edstico -culturales y expresa sensibilidad e identidad local y nacional.<\/li>\n<li>Produce textos coherentes y creativos cumpliendo las normativas ortogr\u00e1ficas y formalidades redaccionales de la lengua espa\u00f1ola con la finalidad de potenciar sus habilidades lectoras y de redacci\u00f3n.<\/li>\n<li>Interact\u00faa con otras personas y en diversos contextos, comunic\u00e1ndose integralmente, en su lengua materna y otras lenguas.<\/li>\n<li>Reconoce la importancia de sistematizar, construir y exponer en forma individual y grupal trabajos de investigaci\u00f3n cient\u00edfica relacionados con su opci\u00f3n profesional, propiciando el debate y la argumentaci\u00f3n de ideas.<\/li>\n<li>Es capaz de realizar y presentar tanto por escrito como oralmente los trabajos universitarios que se le encomiendan a lo largo de sus estudios.<\/li>\n<li>Reconoce la investigaci\u00f3n como una labor a fin a su autonom\u00eda y a sus preferencias tem\u00e1ticas.<\/li>\n<li>Introduce conceptos b\u00e1sicos de investigaci\u00f3n para realizar proyecto de investigaci\u00f3n cient\u00edfica que cumpla con requisitos m\u00ednimos para realizar investigaci\u00f3n cualitativa.<\/li>\n<li>Aplica los conocimientos b\u00e1sicos de razonamiento matem\u00e1tico, para realizar los c\u00e1lculos necesarios en los procesos de evaluaci\u00f3n, con objetividad y eficacia.<\/li>\n<\/ol>\n<h4><strong>Competencias Espec\u00edficas<\/strong><\/h4>\n<ol>\n<li>Utiliza los conocimientos b\u00e1sicos de las ciencias de la salud, reconociendo los diversos procesos biol\u00f3gicos, f\u00edsicos y sociales que aseguran el completo bienestar del individuo y la comunidad con eficiencia y responsabilidad.<\/li>\n<li>Diagnostica problemas alimentarios nutricionales, seguridad alimentaria y medio ambiente que afectan el estado nutricional de los diferentes grupos poblacionales y situaciones fisiol\u00f3gicas en el contexto sociocultural de la regi\u00f3n, emitiendo un resultado veraz y guardando la confidencialidad pertinente.<\/li>\n<li>Planifica el tratamiento nutricional de la poblaci\u00f3n, considerando su grupo etario, estado fisiol\u00f3gico y\/o patol\u00f3gico, proporcionando estrategias, m\u00e9todos y t\u00e9cnicas para satisfacer sus necesidades de nutrientes con principios \u00e9ticos y capacidad anal\u00edtica.<\/li>\n<li>Gerencia la calidad e implementa servicios de alimentaci\u00f3n colectiva, aplicando la legislaci\u00f3n y normativa vigente, garantizando el cumplimiento de las normas para brindar un servicio de calidad, con eficacia, objetividad y \u00e9tica.<\/li>\n<li>Elabora proyectos, programas y planes p\u00fablicos o privados y los gerencia en el \u00e1mbito alimentario nutricional para el desarrollo social, sostenibles, garantizando la protecci\u00f3n del medio ambiente con responsabilidad social.<\/li>\n<\/ol>\n","protected":false},"excerpt":{"rendered":"<p>Competencias Generales Aprecia obras art\u00edstico -culturales y expresa sensibilidad e identidad local y nacional. Produce textos coherentes y creativos cumpliendo las normativas ortogr\u00e1ficas y formalidades redaccionales de la lengua espa\u00f1ola con la finalidad de potenciar sus habilidades lectoras y de redacci\u00f3n. Interact\u00faa con otras personas y en diversos contextos, comunic\u00e1ndose integralmente, en su lengua materna [&hellip;]<\/p>\n","protected":false},"author":1,"featured_media":1413,"parent":0,"menu_order":0,"comment_status":"closed","ping_status":"closed","template":"","meta":{"_acf_changed":false,"footnotes":""},"class_list":["post-1315","page","type-page","status-publish","has-post-thumbnail","hentry"],"acf":[],"_links":{"self":[{"href":"https:\/\/fcb.unsa.edu.pe\/nutricion\/wp-json\/wp\/v2\/pages\/1315","targetHints":{"allow":["GET"]}}],"collection":[{"href":"https:\/\/fcb.unsa.edu.pe\/nutricion\/wp-json\/wp\/v2\/pages"}],"about":[{"href":"https:\/\/fcb.unsa.edu.pe\/nutricion\/wp-json\/wp\/v2\/types\/page"}],"author":[{"embeddable":true,"href":"https:\/\/fcb.unsa.edu.pe\/nutricion\/wp-json\/wp\/v2\/users\/1"}],"replies":[{"embeddable":true,"href":"https:\/\/fcb.unsa.edu.pe\/nutricion\/wp-json\/wp\/v2\/comments?post=1315"}],"version-history":[{"count":4,"href":"https:\/\/fcb.unsa.edu.pe\/nutricion\/wp-json\/wp\/v2\/pages\/1315\/revisions"}],"predecessor-version":[{"id":2157,"href":"https:\/\/fcb.unsa.edu.pe\/nutricion\/wp-json\/wp\/v2\/pages\/1315\/revisions\/2157"}],"wp:featuredmedia":[{"embeddable":true,"href":"https:\/\/fcb.unsa.edu.pe\/nutricion\/wp-json\/wp\/v2\/media\/1413"}],"wp:attachment":[{"href":"https:\/\/fcb.unsa.edu.pe\/nutricion\/wp-json\/wp\/v2\/media?parent=1315"}],"curies":[{"name":"wp","href":"https:\/\/api.w.org\/{rel}","templated":true}]}}