{"id":1328,"date":"2017-09-08T16:33:34","date_gmt":"2017-09-08T16:33:34","guid":{"rendered":"http:\/\/www2.unsa.edu.pe\/escuelas\/nutricion\/?page_id=1328"},"modified":"2025-07-31T15:14:37","modified_gmt":"2025-07-31T20:14:37","slug":"perfil-del-postulante","status":"publish","type":"page","link":"https:\/\/fcb.unsa.edu.pe\/nutricion\/perfil-del-postulante\/","title":{"rendered":"Perfil de Ingreso"},"content":{"rendered":"<p><span style=\"color: #000000\">El ingresante a la Escuela Profesional de Ciencias de la Nutrici\u00f3n Humana :<\/span><\/p>\n<ol>\n<li><span style=\"color: #000000\">Comprende de aspectos b\u00e1sicos sobre ciencias formales y sociales.<\/span><\/li>\n<li><span style=\"color: #000000\">Posee habilidad de comunicaci\u00f3n asertiva, actitud de servicio y compromiso social con la salud de la poblaci\u00f3n.<\/span><\/li>\n<li><span style=\"color: #000000\">Posee capacidad de an\u00e1lisis cr\u00edtico, inter\u00e9s por la investigaci\u00f3n y predisposici\u00f3n para el autoaprendizaje.<\/span><\/li>\n<\/ol>\n","protected":false},"excerpt":{"rendered":"<p>El ingresante a la Escuela Profesional de Ciencias de la Nutrici\u00f3n Humana : Comprende de aspectos b\u00e1sicos sobre ciencias formales y sociales. Posee habilidad de comunicaci\u00f3n asertiva, actitud de servicio y compromiso social con la salud de la poblaci\u00f3n. Posee capacidad de an\u00e1lisis cr\u00edtico, inter\u00e9s por la investigaci\u00f3n y predisposici\u00f3n para el autoaprendizaje.<\/p>\n","protected":false},"author":1,"featured_media":4640,"parent":0,"menu_order":0,"comment_status":"closed","ping_status":"closed","template":"","meta":{"_acf_changed":false,"footnotes":""},"class_list":["post-1328","page","type-page","status-publish","has-post-thumbnail","hentry"],"acf":[],"_links":{"self":[{"href":"https:\/\/fcb.unsa.edu.pe\/nutricion\/wp-json\/wp\/v2\/pages\/1328","targetHints":{"allow":["GET"]}}],"collection":[{"href":"https:\/\/fcb.unsa.edu.pe\/nutricion\/wp-json\/wp\/v2\/pages"}],"about":[{"href":"https:\/\/fcb.unsa.edu.pe\/nutricion\/wp-json\/wp\/v2\/types\/page"}],"author":[{"embeddable":true,"href":"https:\/\/fcb.unsa.edu.pe\/nutricion\/wp-json\/wp\/v2\/users\/1"}],"replies":[{"embeddable":true,"href":"https:\/\/fcb.unsa.edu.pe\/nutricion\/wp-json\/wp\/v2\/comments?post=1328"}],"version-history":[{"count":14,"href":"https:\/\/fcb.unsa.edu.pe\/nutricion\/wp-json\/wp\/v2\/pages\/1328\/revisions"}],"predecessor-version":[{"id":3307,"href":"https:\/\/fcb.unsa.edu.pe\/nutricion\/wp-json\/wp\/v2\/pages\/1328\/revisions\/3307"}],"wp:featuredmedia":[{"embeddable":true,"href":"https:\/\/fcb.unsa.edu.pe\/nutricion\/wp-json\/wp\/v2\/media\/4640"}],"wp:attachment":[{"href":"https:\/\/fcb.unsa.edu.pe\/nutricion\/wp-json\/wp\/v2\/media?parent=1328"}],"curies":[{"name":"wp","href":"https:\/\/api.w.org\/{rel}","templated":true}]}}