{"id":1637,"date":"2018-07-11T15:28:20","date_gmt":"2018-07-11T20:28:20","guid":{"rendered":"https:\/\/fcb.unsa.edu.pe\/nutricion\/?page_id=1637"},"modified":"2021-11-01T22:08:44","modified_gmt":"2021-11-02T03:08:44","slug":"grados-y-titulos","status":"publish","type":"page","link":"https:\/\/fcb.unsa.edu.pe\/nutricion\/grados-y-titulos\/","title":{"rendered":"Grados y T\u00edtulos"},"content":{"rendered":"<ul>\n<li><strong>GRADO ACAD\u00c9MICO:<br \/>\n<\/strong>Bachiller en Nutrici\u00f3n y Diet\u00e9tica<\/li>\n<\/ul>\n<ul>\n<li><strong>T\u00cdTULO PROFESIONAL:<br \/>\n<\/strong>Licenciado en Nutrici\u00f3n Humana<\/li>\n<\/ul>\n","protected":false},"excerpt":{"rendered":"<p>GRADO ACAD\u00c9MICO: Bachiller en Nutrici\u00f3n y Diet\u00e9tica T\u00cdTULO PROFESIONAL: Licenciado en Nutrici\u00f3n Humana<\/p>\n","protected":false},"author":1,"featured_media":2446,"parent":0,"menu_order":0,"comment_status":"closed","ping_status":"closed","template":"","meta":{"_acf_changed":false,"footnotes":""},"class_list":["post-1637","page","type-page","status-publish","has-post-thumbnail","hentry"],"acf":[],"_links":{"self":[{"href":"https:\/\/fcb.unsa.edu.pe\/nutricion\/wp-json\/wp\/v2\/pages\/1637","targetHints":{"allow":["GET"]}}],"collection":[{"href":"https:\/\/fcb.unsa.edu.pe\/nutricion\/wp-json\/wp\/v2\/pages"}],"about":[{"href":"https:\/\/fcb.unsa.edu.pe\/nutricion\/wp-json\/wp\/v2\/types\/page"}],"author":[{"embeddable":true,"href":"https:\/\/fcb.unsa.edu.pe\/nutricion\/wp-json\/wp\/v2\/users\/1"}],"replies":[{"embeddable":true,"href":"https:\/\/fcb.unsa.edu.pe\/nutricion\/wp-json\/wp\/v2\/comments?post=1637"}],"version-history":[{"count":1,"href":"https:\/\/fcb.unsa.edu.pe\/nutricion\/wp-json\/wp\/v2\/pages\/1637\/revisions"}],"predecessor-version":[{"id":1638,"href":"https:\/\/fcb.unsa.edu.pe\/nutricion\/wp-json\/wp\/v2\/pages\/1637\/revisions\/1638"}],"wp:featuredmedia":[{"embeddable":true,"href":"https:\/\/fcb.unsa.edu.pe\/nutricion\/wp-json\/wp\/v2\/media\/2446"}],"wp:attachment":[{"href":"https:\/\/fcb.unsa.edu.pe\/nutricion\/wp-json\/wp\/v2\/media?parent=1637"}],"curies":[{"name":"wp","href":"https:\/\/api.w.org\/{rel}","templated":true}]}}