{"id":1645,"date":"2018-11-20T11:46:27","date_gmt":"2018-11-20T16:46:27","guid":{"rendered":"https:\/\/fcb.unsa.edu.pe\/nutricion\/?page_id=1645"},"modified":"2021-11-01T21:45:45","modified_gmt":"2021-11-02T02:45:45","slug":"objetivos-educacionales","status":"publish","type":"page","link":"https:\/\/fcb.unsa.edu.pe\/nutricion\/objetivos-educacionales\/","title":{"rendered":"OBJETIVOS EDUCACIONALES"},"content":{"rendered":"<p>Se espera que los profesionales en Nutrici\u00f3n Humana, logren despu\u00e9s de 3 a\u00f1os de haberse titulado, los siguientes objetivos:<\/p>\n<ol>\n<li>Ejerce la profesi\u00f3n con capacidad cient\u00edfica, \u00e9tica, liderazgo, sensibilidad y responsabilidad social.<\/li>\n<li>Dise\u00f1a y difunde material did\u00e1ctico para la consultor\u00eda y educaci\u00f3n alimentario nutricional demostrando habilidades comunicativas biling\u00fces durante la interacci\u00f3n con la comunidad as\u00ed como en estudios de post grado.<\/li>\n<li>Participa en equipos multidisciplinarios en la prevenci\u00f3n, promoci\u00f3n y recuperaci\u00f3n de los diversos problemas de la salud relacionados a la alimentaci\u00f3n y nutrici\u00f3n, as\u00ed como participar en investigaci\u00f3n ligada a la salud y nutrici\u00f3n en los diferentes grupo etarios dentro de los equipos de salud.<\/li>\n<li>Participa en la implementaci\u00f3n y vigilancia de programas en seguridad alimentaria nutricional, en sus diversas etapas, respetando la identidad cultural de la comunidad y los lineamientos de gesti\u00f3n p\u00fablica.<\/li>\n<li>Participa en la elaboraci\u00f3n de productos alimenticios procesados optimizando el uso de la tecnolog\u00eda ecoeficiente y aplicando sistemas de control de calidad de los alimentos de acuerdo a los est\u00e1ndares establecidos seg\u00fan la normativa y legislaci\u00f3n del Estado peruano y normas internacionales como las del Codex y la Uni\u00f3n Europea.<\/li>\n<\/ol>\n","protected":false},"excerpt":{"rendered":"<p>Se espera que los profesionales en Nutrici\u00f3n Humana, logren despu\u00e9s de 3 a\u00f1os de haberse titulado, los siguientes objetivos: Ejerce la profesi\u00f3n con capacidad cient\u00edfica, \u00e9tica, liderazgo, sensibilidad y responsabilidad social. Dise\u00f1a y difunde material did\u00e1ctico para la consultor\u00eda y educaci\u00f3n alimentario nutricional demostrando habilidades comunicativas biling\u00fces durante la interacci\u00f3n con la comunidad as\u00ed como [&hellip;]<\/p>\n","protected":false},"author":1,"featured_media":1723,"parent":0,"menu_order":0,"comment_status":"closed","ping_status":"closed","template":"","meta":{"_acf_changed":false,"footnotes":""},"class_list":["post-1645","page","type-page","status-publish","has-post-thumbnail","hentry"],"acf":[],"_links":{"self":[{"href":"https:\/\/fcb.unsa.edu.pe\/nutricion\/wp-json\/wp\/v2\/pages\/1645","targetHints":{"allow":["GET"]}}],"collection":[{"href":"https:\/\/fcb.unsa.edu.pe\/nutricion\/wp-json\/wp\/v2\/pages"}],"about":[{"href":"https:\/\/fcb.unsa.edu.pe\/nutricion\/wp-json\/wp\/v2\/types\/page"}],"author":[{"embeddable":true,"href":"https:\/\/fcb.unsa.edu.pe\/nutricion\/wp-json\/wp\/v2\/users\/1"}],"replies":[{"embeddable":true,"href":"https:\/\/fcb.unsa.edu.pe\/nutricion\/wp-json\/wp\/v2\/comments?post=1645"}],"version-history":[{"count":1,"href":"https:\/\/fcb.unsa.edu.pe\/nutricion\/wp-json\/wp\/v2\/pages\/1645\/revisions"}],"predecessor-version":[{"id":1646,"href":"https:\/\/fcb.unsa.edu.pe\/nutricion\/wp-json\/wp\/v2\/pages\/1645\/revisions\/1646"}],"wp:featuredmedia":[{"embeddable":true,"href":"https:\/\/fcb.unsa.edu.pe\/nutricion\/wp-json\/wp\/v2\/media\/1723"}],"wp:attachment":[{"href":"https:\/\/fcb.unsa.edu.pe\/nutricion\/wp-json\/wp\/v2\/media?parent=1645"}],"curies":[{"name":"wp","href":"https:\/\/api.w.org\/{rel}","templated":true}]}}