{"id":1943,"date":"2021-10-22T10:12:03","date_gmt":"2021-10-22T15:12:03","guid":{"rendered":"https:\/\/fcb.unsa.edu.pe\/nutricion\/?page_id=1943"},"modified":"2021-10-29T11:10:29","modified_gmt":"2021-10-29T16:10:29","slug":"mision-unsa","status":"publish","type":"page","link":"https:\/\/fcb.unsa.edu.pe\/nutricion\/mision-unsa\/","title":{"rendered":"MISI\u00d3N UNSA"},"content":{"rendered":"<div class=\"gran01\" style=\"padding: 25px 25px 0 25px; border-radius: 8px; font: 400 1.6rem\/2.8rem 'Open Sans'; letter-spacing: 0rem;\">Formar profesionales competentes y \u00e9ticos, con capacidad para la investigaci\u00f3n e innovaci\u00f3n generando conocimiento cient\u00edfico, tecnol\u00f3gico y human\u00edstico, contribuyendo al desarrollo sostenible de la regi\u00f3n y del pa\u00eds.<\/p>\n<h4 style=\"font: 700 2.8rem\/2rem 'Open Sans';\">Misi\u00f3n UNSA<\/h4>\n<\/div>\n","protected":false},"excerpt":{"rendered":"<p>Formar profesionales competentes y \u00e9ticos, con capacidad para la investigaci\u00f3n e innovaci\u00f3n generando conocimiento cient\u00edfico, tecnol\u00f3gico y human\u00edstico, contribuyendo al desarrollo sostenible de la regi\u00f3n y del pa\u00eds. Misi\u00f3n UNSA<\/p>\n","protected":false},"author":2,"featured_media":2357,"parent":0,"menu_order":0,"comment_status":"closed","ping_status":"closed","template":"","meta":{"_acf_changed":false,"footnotes":""},"class_list":["post-1943","page","type-page","status-publish","has-post-thumbnail","hentry"],"acf":[],"_links":{"self":[{"href":"https:\/\/fcb.unsa.edu.pe\/nutricion\/wp-json\/wp\/v2\/pages\/1943","targetHints":{"allow":["GET"]}}],"collection":[{"href":"https:\/\/fcb.unsa.edu.pe\/nutricion\/wp-json\/wp\/v2\/pages"}],"about":[{"href":"https:\/\/fcb.unsa.edu.pe\/nutricion\/wp-json\/wp\/v2\/types\/page"}],"author":[{"embeddable":true,"href":"https:\/\/fcb.unsa.edu.pe\/nutricion\/wp-json\/wp\/v2\/users\/2"}],"replies":[{"embeddable":true,"href":"https:\/\/fcb.unsa.edu.pe\/nutricion\/wp-json\/wp\/v2\/comments?post=1943"}],"version-history":[{"count":25,"href":"https:\/\/fcb.unsa.edu.pe\/nutricion\/wp-json\/wp\/v2\/pages\/1943\/revisions"}],"predecessor-version":[{"id":2408,"href":"https:\/\/fcb.unsa.edu.pe\/nutricion\/wp-json\/wp\/v2\/pages\/1943\/revisions\/2408"}],"wp:featuredmedia":[{"embeddable":true,"href":"https:\/\/fcb.unsa.edu.pe\/nutricion\/wp-json\/wp\/v2\/media\/2357"}],"wp:attachment":[{"href":"https:\/\/fcb.unsa.edu.pe\/nutricion\/wp-json\/wp\/v2\/media?parent=1943"}],"curies":[{"name":"wp","href":"https:\/\/api.w.org\/{rel}","templated":true}]}}