{"id":1960,"date":"2021-10-22T10:46:20","date_gmt":"2021-10-22T15:46:20","guid":{"rendered":"https:\/\/fcb.unsa.edu.pe\/nutricion\/?page_id=1960"},"modified":"2025-09-24T10:05:10","modified_gmt":"2025-09-24T15:05:10","slug":"direccion-departamento","status":"publish","type":"page","link":"https:\/\/fcb.unsa.edu.pe\/nutricion\/direccion-departamento\/","title":{"rendered":"Direcci\u00f3n de Departamento"},"content":{"rendered":"<h3><img loading=\"lazy\" decoding=\"async\" class=\"aligncenter size-full wp-image-4737\" src=\"https:\/\/fcb.unsa.edu.pe\/nutricion\/wp-content\/uploads\/sites\/3\/2025\/09\/WhatsApp-Image-2025-09-02-at-2.09.19-PM.jpeg\" alt=\"\" width=\"1599\" height=\"899\" srcset=\"https:\/\/fcb.unsa.edu.pe\/nutricion\/wp-content\/uploads\/sites\/3\/2025\/09\/WhatsApp-Image-2025-09-02-at-2.09.19-PM.jpeg 1599w, https:\/\/fcb.unsa.edu.pe\/nutricion\/wp-content\/uploads\/sites\/3\/2025\/09\/WhatsApp-Image-2025-09-02-at-2.09.19-PM-360x203.jpeg 360w, https:\/\/fcb.unsa.edu.pe\/nutricion\/wp-content\/uploads\/sites\/3\/2025\/09\/WhatsApp-Image-2025-09-02-at-2.09.19-PM-768x432.jpeg 768w, https:\/\/fcb.unsa.edu.pe\/nutricion\/wp-content\/uploads\/sites\/3\/2025\/09\/WhatsApp-Image-2025-09-02-at-2.09.19-PM-1536x864.jpeg 1536w\" sizes=\"auto, (max-width: 1599px) 100vw, 1599px\" \/><\/h3>\n<h3 style=\"text-align: center\"><span style=\"color: #631414\"><strong>DRA. ANA MARGOTH RIVERA PORTUGAL<\/strong><\/span><\/h3>\n<h3 style=\"text-align: center\"><strong>DIRECTORA DEL DEPARTAMENTO ACAD\u00c9MICO DE CIENCIAS DE LA NUTRICI\u00d3N<\/strong><\/h3>\n<p style=\"background: white;margin: 0cm 0cm 15pt;text-align: center\"><span style=\"font-size: 10.5pt;font-family: 'Open Sans','sans-serif';color: #686868;letter-spacing: -.4pt\"> DOCENTE INVESTIGADOR DE LA UNSA<br \/>\nInvestigador CONCYTEC, en el RENACYT, Registro Nacional Cient\u00edfico,<br \/>\nTecnol\u00f3gico y de Innovaci\u00f3n Tecnol\u00f3gica<br \/>\nNivel IV\u00a0<\/span><\/p>\n","protected":false},"excerpt":{"rendered":"<p>DRA. ANA MARGOTH RIVERA PORTUGAL DIRECTORA DEL DEPARTAMENTO ACAD\u00c9MICO DE CIENCIAS DE LA NUTRICI\u00d3N DOCENTE INVESTIGADOR DE LA UNSA Investigador CONCYTEC, en el RENACYT, Registro Nacional Cient\u00edfico, Tecnol\u00f3gico y de Innovaci\u00f3n Tecnol\u00f3gica Nivel IV\u00a0<\/p>\n","protected":false},"author":2,"featured_media":0,"parent":0,"menu_order":0,"comment_status":"closed","ping_status":"closed","template":"page-autoridades.php","meta":{"_acf_changed":false,"footnotes":""},"class_list":["post-1960","page","type-page","status-publish","hentry"],"acf":[],"_links":{"self":[{"href":"https:\/\/fcb.unsa.edu.pe\/nutricion\/wp-json\/wp\/v2\/pages\/1960","targetHints":{"allow":["GET"]}}],"collection":[{"href":"https:\/\/fcb.unsa.edu.pe\/nutricion\/wp-json\/wp\/v2\/pages"}],"about":[{"href":"https:\/\/fcb.unsa.edu.pe\/nutricion\/wp-json\/wp\/v2\/types\/page"}],"author":[{"embeddable":true,"href":"https:\/\/fcb.unsa.edu.pe\/nutricion\/wp-json\/wp\/v2\/users\/2"}],"replies":[{"embeddable":true,"href":"https:\/\/fcb.unsa.edu.pe\/nutricion\/wp-json\/wp\/v2\/comments?post=1960"}],"version-history":[{"count":44,"href":"https:\/\/fcb.unsa.edu.pe\/nutricion\/wp-json\/wp\/v2\/pages\/1960\/revisions"}],"predecessor-version":[{"id":4810,"href":"https:\/\/fcb.unsa.edu.pe\/nutricion\/wp-json\/wp\/v2\/pages\/1960\/revisions\/4810"}],"wp:attachment":[{"href":"https:\/\/fcb.unsa.edu.pe\/nutricion\/wp-json\/wp\/v2\/media?parent=1960"}],"curies":[{"name":"wp","href":"https:\/\/api.w.org\/{rel}","templated":true}]}}