{"id":2138,"date":"2021-10-25T09:29:42","date_gmt":"2021-10-25T14:29:42","guid":{"rendered":"https:\/\/fcb.unsa.edu.pe\/nutricion\/?page_id=2138"},"modified":"2025-11-10T13:09:22","modified_gmt":"2025-11-10T18:09:22","slug":"actividad-rr-ss","status":"publish","type":"page","link":"https:\/\/fcb.unsa.edu.pe\/nutricion\/actividad-rr-ss\/","title":{"rendered":"Actividad RR.SS. y Medio Ambiente"},"content":{"rendered":"<h5 style=\"text-align: center\"><strong><span style=\"color: #000000\"><img loading=\"lazy\" decoding=\"async\" class=\"aligncenter size-full wp-image-4655\" src=\"https:\/\/fcb.unsa.edu.pe\/nutricion\/wp-content\/uploads\/sites\/3\/2025\/07\/WhatsApp-Image-2024-10-12-at-2.10.15-PM.jpeg\" alt=\"\" width=\"1280\" height=\"960\" srcset=\"https:\/\/fcb.unsa.edu.pe\/nutricion\/wp-content\/uploads\/sites\/3\/2025\/07\/WhatsApp-Image-2024-10-12-at-2.10.15-PM.jpeg 1280w, https:\/\/fcb.unsa.edu.pe\/nutricion\/wp-content\/uploads\/sites\/3\/2025\/07\/WhatsApp-Image-2024-10-12-at-2.10.15-PM-88x67.jpeg 88w, https:\/\/fcb.unsa.edu.pe\/nutricion\/wp-content\/uploads\/sites\/3\/2025\/07\/WhatsApp-Image-2024-10-12-at-2.10.15-PM-768x576.jpeg 768w\" sizes=\"auto, (max-width: 1280px) 100vw, 1280px\" \/><\/span><\/strong><\/h5>\n<h5 style=\"text-align: center\"><strong><span style=\"color: #000000\">OBJETIVO<\/span><\/strong><\/h5>\n<p style=\"text-align: center\"><span style=\"color: #000000\">Fomentar en la comunidad educativa acciones que remarquen la importancia de contribuir a mejorar la calidad de vida de la poblaci\u00f3n Arequipe\u00f1a, en la actual situaci\u00f3n de pandemia, utilizando la modalidad <\/span><\/p>\n<p>&nbsp;<\/p>\n<embed src=\"https:\/\/fcb.unsa.edu.pe\/nutricion\/wp-content\/uploads\/sites\/3\/2025\/11\/Oficio-Multiple-027_2025_DACN-NUEVA-DESIGNACION-COMISION-DE-RESPONSABILIDA-SOCIAL-1.pdf%20#page=1\" type=\"application\/pdf\" style=\"height: 70vh; width: 100%;\"><\/embed>\n<p><a href=\"https:\/\/fcb.unsa.edu.pe\/nutricion\/wp-content\/uploads\/sites\/3\/2025\/11\/Oficio-Multiple-027_2025_DACN-NUEVA-DESIGNACION-COMISION-DE-RESPONSABILIDA-SOCIAL-1.pdf\">Oficio M\u00faltiple 027_2025_DACN NUEVA DESIGNACI\u00d3N COMISI\u00d3N DE RESPONSABILIDA SOCIAL<\/a><\/p>\n<p><span style=\"color: #000000\">Para conocer mas de las actividades de responsabilidad social puede visitarnos en nuestros canales de comunicaci\u00f3n y difusi\u00f3n, en los siguientes enlaces:\u00a0<\/span><\/p>\n<p><span style=\"color: #ff0000\"><strong><a style=\"color: #ff0000\" href=\"https:\/\/www.youtube.com\/playlist?list=PLOB2J5ACVWzG5ZA8q7wJ3t_7FbAz1YCa-\">YOUTUBE &#8211; Responsabilidad Social<\/a><\/strong><\/span><\/p>\n<p><span style=\"color: #0000ff\"><strong><a style=\"color: #0000ff\" href=\"https:\/\/www.facebook.com\/watch\/102451232182899\/922240868641199\">FACEBOOK &#8211; Responsabilidad Social<\/a><\/strong><\/span><\/p>\n","protected":false},"excerpt":{"rendered":"<p>OBJETIVO Fomentar en la comunidad educativa acciones que remarquen la importancia de contribuir a mejorar la calidad de vida de la poblaci\u00f3n Arequipe\u00f1a, en la actual situaci\u00f3n de pandemia, utilizando la modalidad &nbsp; Oficio M\u00faltiple 027_2025_DACN NUEVA DESIGNACI\u00d3N COMISI\u00d3N DE RESPONSABILIDA SOCIAL Para conocer mas de las actividades de responsabilidad social puede visitarnos en nuestros [&hellip;]<\/p>\n","protected":false},"author":2,"featured_media":0,"parent":0,"menu_order":0,"comment_status":"closed","ping_status":"closed","template":"","meta":{"_acf_changed":false,"footnotes":""},"class_list":["post-2138","page","type-page","status-publish","hentry"],"acf":[],"_links":{"self":[{"href":"https:\/\/fcb.unsa.edu.pe\/nutricion\/wp-json\/wp\/v2\/pages\/2138","targetHints":{"allow":["GET"]}}],"collection":[{"href":"https:\/\/fcb.unsa.edu.pe\/nutricion\/wp-json\/wp\/v2\/pages"}],"about":[{"href":"https:\/\/fcb.unsa.edu.pe\/nutricion\/wp-json\/wp\/v2\/types\/page"}],"author":[{"embeddable":true,"href":"https:\/\/fcb.unsa.edu.pe\/nutricion\/wp-json\/wp\/v2\/users\/2"}],"replies":[{"embeddable":true,"href":"https:\/\/fcb.unsa.edu.pe\/nutricion\/wp-json\/wp\/v2\/comments?post=2138"}],"version-history":[{"count":17,"href":"https:\/\/fcb.unsa.edu.pe\/nutricion\/wp-json\/wp\/v2\/pages\/2138\/revisions"}],"predecessor-version":[{"id":4989,"href":"https:\/\/fcb.unsa.edu.pe\/nutricion\/wp-json\/wp\/v2\/pages\/2138\/revisions\/4989"}],"wp:attachment":[{"href":"https:\/\/fcb.unsa.edu.pe\/nutricion\/wp-json\/wp\/v2\/media?parent=2138"}],"curies":[{"name":"wp","href":"https:\/\/api.w.org\/{rel}","templated":true}]}}