{"id":2146,"date":"2021-10-25T09:33:11","date_gmt":"2021-10-25T14:33:11","guid":{"rendered":"https:\/\/fcb.unsa.edu.pe\/nutricion\/?page_id=2146"},"modified":"2022-06-21T13:04:38","modified_gmt":"2022-06-21T18:04:38","slug":"objetivos-de-calidad","status":"publish","type":"page","link":"https:\/\/fcb.unsa.edu.pe\/nutricion\/objetivos-de-calidad\/","title":{"rendered":"Objetivos de Calidad del Programa"},"content":{"rendered":"<ol>\n<li>\n<blockquote><p><span style=\"color: #000000\">Brindar una formaci\u00f3n dirigida hacia la excelencia, garantizando una oferta acad\u00e9mica acorde con las necesidades y expectativas de nuestros usuarios y la sociedad en general.<\/span><\/p><\/blockquote>\n<\/li>\n<li>\n<blockquote><p><span style=\"color: #000000\">Asegurar que la pol\u00edtica de calidad sea aplicada por los actores del Programa de estudios y entendida por toda la comunidad de Ciencias de la Nutrici\u00f3n.<\/span><\/p><\/blockquote>\n<\/li>\n<li>\n<blockquote><p><span style=\"color: #000000\">Garantizar que el Sistema de Gesti\u00f3n de Calidad se mantenga efectivo, siendo auditado y revisado de forma peri\u00f3dica.<\/span><\/p><\/blockquote>\n<\/li>\n<li>\n<blockquote><p><span style=\"color: #000000\">Impulsar acciones de responsabilidad social en la comunidad del Programa de Ciencias de la Nutrici\u00f3n y Grupos de Inter\u00e9s Internos y Externos.<\/span><\/p><\/blockquote>\n<\/li>\n<li>\n<blockquote><p><span style=\"color: #000000\">Promover el desarrollo de una educaci\u00f3n y cultura ambiental sostenible, mediante el conocimiento de las pol\u00edticas ambientales del Programa de Ciencias de la Nutrici\u00f3n, con criterios de eco eficiencia para mitigar los problemas del cambio clim\u00e1tico.<\/span><\/p><\/blockquote>\n<\/li>\n<\/ol>\n","protected":false},"excerpt":{"rendered":"<p>Brindar una formaci\u00f3n dirigida hacia la excelencia, garantizando una oferta acad\u00e9mica acorde con las necesidades y expectativas de nuestros usuarios y la sociedad en general. Asegurar que la pol\u00edtica de calidad sea aplicada por los actores del Programa de estudios y entendida por toda la comunidad de Ciencias de la Nutrici\u00f3n. Garantizar que el Sistema [&hellip;]<\/p>\n","protected":false},"author":2,"featured_media":2446,"parent":0,"menu_order":0,"comment_status":"closed","ping_status":"closed","template":"","meta":{"_acf_changed":false,"footnotes":""},"class_list":["post-2146","page","type-page","status-publish","has-post-thumbnail","hentry"],"acf":[],"_links":{"self":[{"href":"https:\/\/fcb.unsa.edu.pe\/nutricion\/wp-json\/wp\/v2\/pages\/2146","targetHints":{"allow":["GET"]}}],"collection":[{"href":"https:\/\/fcb.unsa.edu.pe\/nutricion\/wp-json\/wp\/v2\/pages"}],"about":[{"href":"https:\/\/fcb.unsa.edu.pe\/nutricion\/wp-json\/wp\/v2\/types\/page"}],"author":[{"embeddable":true,"href":"https:\/\/fcb.unsa.edu.pe\/nutricion\/wp-json\/wp\/v2\/users\/2"}],"replies":[{"embeddable":true,"href":"https:\/\/fcb.unsa.edu.pe\/nutricion\/wp-json\/wp\/v2\/comments?post=2146"}],"version-history":[{"count":15,"href":"https:\/\/fcb.unsa.edu.pe\/nutricion\/wp-json\/wp\/v2\/pages\/2146\/revisions"}],"predecessor-version":[{"id":2755,"href":"https:\/\/fcb.unsa.edu.pe\/nutricion\/wp-json\/wp\/v2\/pages\/2146\/revisions\/2755"}],"wp:featuredmedia":[{"embeddable":true,"href":"https:\/\/fcb.unsa.edu.pe\/nutricion\/wp-json\/wp\/v2\/media\/2446"}],"wp:attachment":[{"href":"https:\/\/fcb.unsa.edu.pe\/nutricion\/wp-json\/wp\/v2\/media?parent=2146"}],"curies":[{"name":"wp","href":"https:\/\/api.w.org\/{rel}","templated":true}]}}