{"id":2699,"date":"2022-03-04T19:51:23","date_gmt":"2022-03-05T00:51:23","guid":{"rendered":"https:\/\/fcb.unsa.edu.pe\/nutricion\/?page_id=2699"},"modified":"2024-11-04T15:31:17","modified_gmt":"2024-11-04T20:31:17","slug":"requisitos-constancia-de-egresado-virtual","status":"publish","type":"page","link":"https:\/\/fcb.unsa.edu.pe\/nutricion\/requisitos-constancia-de-egresado-virtual\/","title":{"rendered":"Requisitos &#8211; Constancia de Egresado Virtual"},"content":{"rendered":"<p><em><strong><span style=\"color: #000000\">De los Requisitos:<\/span><\/strong><\/em><\/p>\n<p><span style=\"color: #000000\">&#8211; Solicitud de Informe de\u00a0 constancia de egresado <strong>dirigida a la directora de la <\/strong><\/span><br \/>\n<span style=\"color: #000000\"><strong>Escuela Profesional de Ciencias de la Nutrici\u00f3n<\/strong><strong>. <\/strong>(emitido por la Facultad o Escuela Profesional)<\/span><br \/>\n<span style=\"color: #000000\">&#8211; Boleta Electr\u00f3nica s\/. 20.00 nuevos soles (pregrado) banco de la naci\u00f3n cuenta (00101202992)<\/span><br \/>\n<span style=\"color: #000000\">(escaneada) \u00f3 cuenta Banco de cr\u00e9dito N\u00b0 215-1588792-0-19.<\/span><\/p>\n<p><span style=\"color: #000000\"><strong>Ejemplo<\/strong>:\u00a0 <em>Enviar al correo<\/em> <span style=\"color: #333399\"><em>seccion.ingresos@unsa.edu.pe<\/em><\/span> <em>el voucher de pago del banco, colocando todos sus datos completos: Nombres, DNI, Carrera, CUI, N\u00b0 de celular, correo vigente, y concepto de tramite, para canjearlos por la boleta electr\u00f3nica.<\/em><\/span><br \/>\n<em><span style=\"color: #000000\"><strong>Nota:<\/strong> Tambi\u00e9n puede canjear la boleta electr\u00f3nica o pagar de forma presencial <\/span><span style=\"color: #000000\">en la caja de Sede principal del rectorado de la UNSA.\u00a0<\/span><\/em><\/p>\n<p><span style=\"color: #000000\">&#8211; Copia DNI (escaneada)<\/span><br \/>\n<span style=\"color: #000000\">&#8211; Copia Libreta de Notas (escaneada)<\/span><br \/>\n<span style=\"color: #000000\">&#8211; Copia Certificado Estudios (escaneada)<\/span><br \/>\n<span style=\"color: #000000\">&#8211; Foto digital<\/span><\/p>\n<p><span style=\"color: #000000\">* Todos los requisitos deber\u00e1n de ir en un solo archivo adjunto.<\/span><\/p>\n<p><span style=\"color: #000000\"><strong><em>De la Entrega:<\/em><\/strong><\/span><br \/>\n<span style=\"color: #000000\">&#8211; La Facultad, Escuela Profesional o el Egresado enviara todos los requisitos al correo<\/span><br \/>\n<span style=\"color: #000000\"><span style=\"color: #003366\"><em>dufa@unsa.edu.pe<\/em><\/span> para la revisi\u00f3n y emisi\u00f3n de la Constancia de Egresado.<\/span><br \/>\n<span style=\"color: #000000\">&#8211; La Entrega de la Constancia de Egresado, se enviar\u00e1 virtualmente a los correos<\/span><br \/>\n<span style=\"color: #000000\">personales institucionales del egresado, con copia a su respectiva Facultad.<\/span><\/p>\n<p>&nbsp;<\/p>\n<p style=\"text-align: left\"><strong><em><span style=\"color: #000000\">EN CASO DE DUPLICADO DE <\/span><\/em><span style=\"color: #000000\">CONSTANCIA DE EGRESADO <\/span><span style=\"color: #000000\">(VIRTUAL<\/span><em><span style=\"color: #000000\">) <\/span><span style=\"color: #000000\">PREGRADO, SEGUNDAS ESPECIALIDADES Y PROGRAMAS ESPECIALIDADES<\/span><\/em><\/strong><br \/>\n<em><strong><span style=\"color: #000000\">De los Requisitos:<\/span><\/strong><\/em><br \/>\n<span style=\"color: #000000\">&#8211; Recibo s\/. 20.00 nuevos soles (pregrado) banco de la naci\u00f3n cuenta (00101202992)<\/span><br \/>\n<span style=\"color: #000000\">(escaneada)<\/span><br \/>\n<span style=\"color: #000000\">&#8211; Recibo s\/. 25.00 nuevos soles ( 2das Especialidades y Programas Especiales) banco<\/span><br \/>\n<span style=\"color: #000000\">de la naci\u00f3n cuenta (00101202992) (escaneada)<\/span><br \/>\n<span style=\"color: #000000\">&#8211; Copia DNI (escaneada)<\/span><br \/>\n<span style=\"color: #000000\">&#8211; Copia Constancia Egresado anterior (escaneada)<\/span><br \/>\n<span style=\"color: #000000\">&#8211; Copia Certificado Estudios (escaneada)<\/span><br \/>\n<span style=\"color: #000000\">&#8211; Foto digital<\/span><br \/>\n<em><strong><span style=\"color: #000000\">De la Entrega:<\/span><\/strong><\/em><br \/>\n<span style=\"color: #000000\">&#8211; La Facultad, Escuela Profesional o el Egresado enviara todos los requisitos al correo<\/span><br \/>\n<span style=\"color: #000000\">dufa@unsa.edu,pe para la revisi\u00f3n y emisi\u00f3n de la Constancia de Egresado.<\/span><br \/>\n<span style=\"color: #000000\">&#8211; La Entrega de la Constancia de Egresado, se enviar\u00e1 virtualmente a los correos<\/span><br \/>\n<span style=\"color: #000000\">personales institucionales del egresado, con copia a su respectiva Facultad.<\/span><\/p>\n<p>&nbsp;<\/p>\n<p>&nbsp;<\/p>\n","protected":false},"excerpt":{"rendered":"<p>De los Requisitos: &#8211; Solicitud de Informe de\u00a0 constancia de egresado dirigida a la directora de la Escuela Profesional de Ciencias de la Nutrici\u00f3n. (emitido por la Facultad o Escuela Profesional) &#8211; Boleta Electr\u00f3nica s\/. 20.00 nuevos soles (pregrado) banco de la naci\u00f3n cuenta (00101202992) (escaneada) \u00f3 cuenta Banco de cr\u00e9dito N\u00b0 215-1588792-0-19. Ejemplo:\u00a0 Enviar [&hellip;]<\/p>\n","protected":false},"author":2,"featured_media":0,"parent":0,"menu_order":0,"comment_status":"closed","ping_status":"closed","template":"","meta":{"_acf_changed":false,"footnotes":""},"class_list":["post-2699","page","type-page","status-publish","hentry"],"acf":[],"_links":{"self":[{"href":"https:\/\/fcb.unsa.edu.pe\/nutricion\/wp-json\/wp\/v2\/pages\/2699","targetHints":{"allow":["GET"]}}],"collection":[{"href":"https:\/\/fcb.unsa.edu.pe\/nutricion\/wp-json\/wp\/v2\/pages"}],"about":[{"href":"https:\/\/fcb.unsa.edu.pe\/nutricion\/wp-json\/wp\/v2\/types\/page"}],"author":[{"embeddable":true,"href":"https:\/\/fcb.unsa.edu.pe\/nutricion\/wp-json\/wp\/v2\/users\/2"}],"replies":[{"embeddable":true,"href":"https:\/\/fcb.unsa.edu.pe\/nutricion\/wp-json\/wp\/v2\/comments?post=2699"}],"version-history":[{"count":7,"href":"https:\/\/fcb.unsa.edu.pe\/nutricion\/wp-json\/wp\/v2\/pages\/2699\/revisions"}],"predecessor-version":[{"id":3766,"href":"https:\/\/fcb.unsa.edu.pe\/nutricion\/wp-json\/wp\/v2\/pages\/2699\/revisions\/3766"}],"wp:attachment":[{"href":"https:\/\/fcb.unsa.edu.pe\/nutricion\/wp-json\/wp\/v2\/media?parent=2699"}],"curies":[{"name":"wp","href":"https:\/\/api.w.org\/{rel}","templated":true}]}}