{"id":2791,"date":"2022-04-29T10:50:12","date_gmt":"2022-04-29T15:50:12","guid":{"rendered":"https:\/\/fcb.unsa.edu.pe\/nutricion\/?page_id=2791"},"modified":"2025-07-31T16:02:31","modified_gmt":"2025-07-31T21:02:31","slug":"maestria-en-ciencias-con-mencion-en-seguridad-alimentaria-y-desarrollo-humano","status":"publish","type":"page","link":"https:\/\/fcb.unsa.edu.pe\/nutricion\/maestria-en-ciencias-con-mencion-en-seguridad-alimentaria-y-desarrollo-humano\/","title":{"rendered":"Maestr\u00eda en Ciencias con menci\u00f3n en Seguridad Alimentaria y Desarrollo Humano"},"content":{"rendered":"<p><span style=\"color: #000000\"><strong>CONVOCATORIA A MAESTR\u00cdA EN CIENCIAS: SEGURIDAD ALIMENTARIA Y DESARROLLO HUMANO<\/strong><\/span><\/p>\n<ol>\n<li>Especializar profesionales en seguridad alimentaria y desarrollo humano, capaces de dar impulso a programas y proyectos nutricionales, productivos y sociales a nivel local, regional y\/o nacional.<\/li>\n<li>Brindar una formaci\u00f3n integral altamente calificada a profesionales, capaces de intervenir en la prevenci\u00f3n de riesgos de deficiencias nutricionales y reducir los niveles de malnutrici\u00f3n de la poblaci\u00f3n de mayor vulnerabilidad, promoviendo pr\u00e1cticas saludables de consumo alimentario e higiene, asegurando una oferta sostenible competitiva de alimentos de origen nacional.<\/li>\n<li>Brindar a los maestrantes formaci\u00f3n en investigaci\u00f3n, que los habilite para un manejo adecuado de enfoques, m\u00e9todos y t\u00e9cnicas necesarias para resolver problemas de seguridad alimentaria y desarrollo social.<\/li>\n<li>Formar profesionales con una visi\u00f3n global y coherente de la din\u00e1mica socioecon\u00f3mica y pol\u00edtica nacional, regional y local, que le permita contribuir a definir la misi\u00f3n y objetivos de una organizaci\u00f3n desde una concepci\u00f3n de desarrollo y una perspectiva del cambio social.<\/li>\n<li>Fortalecer los valores de \u00e9tica y human\u00edstica basada en la equidad y el derecho a la satisfacci\u00f3n de sus necesidades b\u00e1sicas.<\/li>\n<\/ol>\n<p>&nbsp;<\/p>\n<p><span style=\"color: #000000\"><strong><span style=\"color: #0000ff\"><a style=\"color: #0000ff\" href=\"http:\/\/posgrado.unsa.edu.pe\/escuela\/maestria-en-ciencias-con-mencion-en-seguridad-alimentaria-y-desarrollo-humano\/\" target=\"_blank\" rel=\"noopener noreferrer\" data-saferedirecturl=\"https:\/\/www.google.com\/url?q=http:\/\/posgrado.unsa.edu.pe\/escuela\/maestria-en-ciencias-con-mencion-en-seguridad-alimentaria-y-desarrollo-humano\/&amp;source=gmail&amp;ust=1651325101375000&amp;usg=AOvVaw0mWoUjNYbWQ18d5n6hY2TZ\">http:\/\/posgrado.unsa.edu.pe\/escuela\/maestria-en-ciencias-con-mencion-en-seguridad-alimentaria-y-desarrollo-humano\/<\/a><\/span><\/strong><\/span><\/p>\n<p>&nbsp;<\/p>\n","protected":false},"excerpt":{"rendered":"<p>CONVOCATORIA A MAESTR\u00cdA EN CIENCIAS: SEGURIDAD ALIMENTARIA Y DESARROLLO HUMANO Especializar profesionales en seguridad alimentaria y desarrollo humano, capaces de dar impulso a programas y proyectos nutricionales, productivos y sociales a nivel local, regional y\/o nacional. Brindar una formaci\u00f3n integral altamente calificada a profesionales, capaces de intervenir en la prevenci\u00f3n de riesgos de deficiencias nutricionales [&hellip;]<\/p>\n","protected":false},"author":2,"featured_media":2792,"parent":0,"menu_order":0,"comment_status":"closed","ping_status":"closed","template":"","meta":{"_acf_changed":false,"footnotes":""},"class_list":["post-2791","page","type-page","status-publish","has-post-thumbnail","hentry"],"acf":[],"_links":{"self":[{"href":"https:\/\/fcb.unsa.edu.pe\/nutricion\/wp-json\/wp\/v2\/pages\/2791","targetHints":{"allow":["GET"]}}],"collection":[{"href":"https:\/\/fcb.unsa.edu.pe\/nutricion\/wp-json\/wp\/v2\/pages"}],"about":[{"href":"https:\/\/fcb.unsa.edu.pe\/nutricion\/wp-json\/wp\/v2\/types\/page"}],"author":[{"embeddable":true,"href":"https:\/\/fcb.unsa.edu.pe\/nutricion\/wp-json\/wp\/v2\/users\/2"}],"replies":[{"embeddable":true,"href":"https:\/\/fcb.unsa.edu.pe\/nutricion\/wp-json\/wp\/v2\/comments?post=2791"}],"version-history":[{"count":10,"href":"https:\/\/fcb.unsa.edu.pe\/nutricion\/wp-json\/wp\/v2\/pages\/2791\/revisions"}],"predecessor-version":[{"id":4661,"href":"https:\/\/fcb.unsa.edu.pe\/nutricion\/wp-json\/wp\/v2\/pages\/2791\/revisions\/4661"}],"wp:featuredmedia":[{"embeddable":true,"href":"https:\/\/fcb.unsa.edu.pe\/nutricion\/wp-json\/wp\/v2\/media\/2792"}],"wp:attachment":[{"href":"https:\/\/fcb.unsa.edu.pe\/nutricion\/wp-json\/wp\/v2\/media?parent=2791"}],"curies":[{"name":"wp","href":"https:\/\/api.w.org\/{rel}","templated":true}]}}