{"id":2976,"date":"2022-09-26T09:03:20","date_gmt":"2022-09-26T14:03:20","guid":{"rendered":"https:\/\/fcb.unsa.edu.pe\/nutricion\/?page_id=2976"},"modified":"2024-11-04T15:30:43","modified_gmt":"2024-11-04T20:30:43","slug":"modificacion-de-matricula","status":"publish","type":"page","link":"https:\/\/fcb.unsa.edu.pe\/nutricion\/modificacion-de-matricula\/","title":{"rendered":"Modificaci\u00f3n de Matricula"},"content":{"rendered":"<p><span style=\"color: #000000\">Para Modificaci\u00f3n de matr\u00edcula y Matricula por excepci\u00f3n deber\u00e1n de pagar S\/10.00 y S\/5.00 soles respectivamente.<\/span><\/p>\n<p><span style=\"color: #000000\">Presentar una solicitud dirigida a la Directora de Escuela adjuntando: <\/span><\/p>\n<p><span style=\"color: #000000\">1. Boleta electr\u00f3nica de pago emitida por la UNSA <\/span><\/p>\n<p><span style=\"color: #000000\">2. Ficha de matr\u00edcula debidamente llenada<\/span> <a href=\"https:\/\/fcb.unsa.edu.pe\/nutricion\/wp-content\/uploads\/sites\/3\/2022\/09\/ficha-registro-matricula_2022-3.pdf\"><span style=\"color: #0000ff\"><strong>Descargar formato<\/strong><\/span><\/a><\/p>\n<p><span style=\"color: #000000\">3. Constancia de Matricula\u00a0<\/span><\/p>\n<p><span style=\"color: #000000\">4. Libreta de Notas<\/span><\/p>\n<p><span style=\"color: #000000\">Nota ( presentar los requisitos en un solo archivo PDF)<\/span><\/p>\n","protected":false},"excerpt":{"rendered":"<p>Para Modificaci\u00f3n de matr\u00edcula y Matricula por excepci\u00f3n deber\u00e1n de pagar S\/10.00 y S\/5.00 soles respectivamente. Presentar una solicitud dirigida a la Directora de Escuela adjuntando: 1. Boleta electr\u00f3nica de pago emitida por la UNSA 2. Ficha de matr\u00edcula debidamente llenada Descargar formato 3. Constancia de Matricula\u00a0 4. Libreta de Notas Nota ( presentar los [&hellip;]<\/p>\n","protected":false},"author":2,"featured_media":2446,"parent":0,"menu_order":0,"comment_status":"closed","ping_status":"closed","template":"","meta":{"_acf_changed":false,"footnotes":""},"class_list":["post-2976","page","type-page","status-publish","has-post-thumbnail","hentry"],"acf":[],"_links":{"self":[{"href":"https:\/\/fcb.unsa.edu.pe\/nutricion\/wp-json\/wp\/v2\/pages\/2976","targetHints":{"allow":["GET"]}}],"collection":[{"href":"https:\/\/fcb.unsa.edu.pe\/nutricion\/wp-json\/wp\/v2\/pages"}],"about":[{"href":"https:\/\/fcb.unsa.edu.pe\/nutricion\/wp-json\/wp\/v2\/types\/page"}],"author":[{"embeddable":true,"href":"https:\/\/fcb.unsa.edu.pe\/nutricion\/wp-json\/wp\/v2\/users\/2"}],"replies":[{"embeddable":true,"href":"https:\/\/fcb.unsa.edu.pe\/nutricion\/wp-json\/wp\/v2\/comments?post=2976"}],"version-history":[{"count":3,"href":"https:\/\/fcb.unsa.edu.pe\/nutricion\/wp-json\/wp\/v2\/pages\/2976\/revisions"}],"predecessor-version":[{"id":3765,"href":"https:\/\/fcb.unsa.edu.pe\/nutricion\/wp-json\/wp\/v2\/pages\/2976\/revisions\/3765"}],"wp:featuredmedia":[{"embeddable":true,"href":"https:\/\/fcb.unsa.edu.pe\/nutricion\/wp-json\/wp\/v2\/media\/2446"}],"wp:attachment":[{"href":"https:\/\/fcb.unsa.edu.pe\/nutricion\/wp-json\/wp\/v2\/media?parent=2976"}],"curies":[{"name":"wp","href":"https:\/\/api.w.org\/{rel}","templated":true}]}}