{"id":3526,"date":"2024-10-01T10:38:38","date_gmt":"2024-10-01T15:38:38","guid":{"rendered":"https:\/\/fcb.unsa.edu.pe\/nutricion\/?page_id=3526"},"modified":"2024-10-04T11:16:44","modified_gmt":"2024-10-04T16:16:44","slug":"auditorias-internas","status":"publish","type":"page","link":"https:\/\/fcb.unsa.edu.pe\/nutricion\/auditorias-internas\/","title":{"rendered":"Auditor\u00eda Interna"},"content":{"rendered":"<p>El 17 de setiembre se realiz\u00f3 la Auditor\u00eda Interna\u00a0 correspondiente al periodo 2023 tanto a la direcci\u00f3n del Departamento Acad\u00e9mico de Ciencias de la Nutrici\u00f3n como a la Direcci\u00f3n de la Escuela Profesional de Ciencias de la Nutrici\u00f3n cumpli\u00e9ndose con la evaluaci\u00f3n de los procesos conforme al Plan de Auditor\u00eda.<\/p>\n<p><em>\u00a0Auditor\u00eda Interna al Departamento Acad\u00e9mico de Ciencias de la Nutrici\u00f3n\u00a0 \u00a0 \u00a0 \u00a0 \u00a0 \u00a0<\/em><em>\u00a0<\/em><\/p>\n<p><img loading=\"lazy\" decoding=\"async\" class=\"size-full wp-image-3594\" src=\"https:\/\/fcb.unsa.edu.pe\/nutricion\/wp-content\/uploads\/sites\/3\/2024\/10\/auditoria-Departamento.jpg\" alt=\"\" width=\"573\" height=\"426\" \/><\/p>\n<p><em>\u00a0Auditor\u00eda Interna a la Escuela Profesional de Ciencias de la Nutrici\u00f3n\u00a0 <\/em><\/p>\n<p><img loading=\"lazy\" decoding=\"async\" class=\"size-full wp-image-3596 alignnone\" src=\"https:\/\/fcb.unsa.edu.pe\/nutricion\/wp-content\/uploads\/sites\/3\/2024\/10\/auditoria-Escuela.jpg\" alt=\"\" width=\"573\" height=\"427\" srcset=\"https:\/\/fcb.unsa.edu.pe\/nutricion\/wp-content\/uploads\/sites\/3\/2024\/10\/auditoria-Escuela.jpg 573w, https:\/\/fcb.unsa.edu.pe\/nutricion\/wp-content\/uploads\/sites\/3\/2024\/10\/auditoria-Escuela-88x67.jpg 88w\" sizes=\"auto, (max-width: 573px) 100vw, 573px\" \/><\/p>\n","protected":false},"excerpt":{"rendered":"<p>El 17 de setiembre se realiz\u00f3 la Auditor\u00eda Interna\u00a0 correspondiente al periodo 2023 tanto a la direcci\u00f3n del Departamento Acad\u00e9mico de Ciencias de la Nutrici\u00f3n como a la Direcci\u00f3n de la Escuela Profesional de Ciencias de la Nutrici\u00f3n cumpli\u00e9ndose con la evaluaci\u00f3n de los procesos conforme al Plan de Auditor\u00eda. \u00a0Auditor\u00eda Interna al Departamento Acad\u00e9mico [&hellip;]<\/p>\n","protected":false},"author":6,"featured_media":0,"parent":0,"menu_order":0,"comment_status":"closed","ping_status":"closed","template":"","meta":{"_acf_changed":false,"footnotes":""},"class_list":["post-3526","page","type-page","status-publish","hentry"],"acf":[],"_links":{"self":[{"href":"https:\/\/fcb.unsa.edu.pe\/nutricion\/wp-json\/wp\/v2\/pages\/3526","targetHints":{"allow":["GET"]}}],"collection":[{"href":"https:\/\/fcb.unsa.edu.pe\/nutricion\/wp-json\/wp\/v2\/pages"}],"about":[{"href":"https:\/\/fcb.unsa.edu.pe\/nutricion\/wp-json\/wp\/v2\/types\/page"}],"author":[{"embeddable":true,"href":"https:\/\/fcb.unsa.edu.pe\/nutricion\/wp-json\/wp\/v2\/users\/6"}],"replies":[{"embeddable":true,"href":"https:\/\/fcb.unsa.edu.pe\/nutricion\/wp-json\/wp\/v2\/comments?post=3526"}],"version-history":[{"count":2,"href":"https:\/\/fcb.unsa.edu.pe\/nutricion\/wp-json\/wp\/v2\/pages\/3526\/revisions"}],"predecessor-version":[{"id":3597,"href":"https:\/\/fcb.unsa.edu.pe\/nutricion\/wp-json\/wp\/v2\/pages\/3526\/revisions\/3597"}],"wp:attachment":[{"href":"https:\/\/fcb.unsa.edu.pe\/nutricion\/wp-json\/wp\/v2\/media?parent=3526"}],"curies":[{"name":"wp","href":"https:\/\/api.w.org\/{rel}","templated":true}]}}