{"id":3611,"date":"2024-10-07T08:36:54","date_gmt":"2024-10-07T13:36:54","guid":{"rendered":"https:\/\/fcb.unsa.edu.pe\/nutricion\/?page_id=3611"},"modified":"2025-07-31T16:01:58","modified_gmt":"2025-07-31T21:01:58","slug":"maestria-en-ciencias-con-mencion-en-nutricion-deporte-y-estetica","status":"publish","type":"page","link":"https:\/\/fcb.unsa.edu.pe\/nutricion\/maestria-en-ciencias-con-mencion-en-nutricion-deporte-y-estetica\/","title":{"rendered":"Maestr\u00eda en Ciencias con menci\u00f3n en Nutrici\u00f3n, Deporte y Est\u00e9tica"},"content":{"rendered":"<p><img decoding=\"async\" src=\"http:\/\/posgrado.unsa.edu.pe\/wp-content\/uploads\/2020\/03\/5-alimento-para-dieta-vegetariana-deportista.jpeg\" \/><img loading=\"lazy\" decoding=\"async\" class=\"aligncenter wp-image-3677\" src=\"https:\/\/fcb.unsa.edu.pe\/nutricion\/wp-content\/uploads\/sites\/3\/2024\/10\/5-alimento-para-dieta-vegetariana-deportista.jpeg\" alt=\"\" width=\"544\" height=\"313\" srcset=\"https:\/\/fcb.unsa.edu.pe\/nutricion\/wp-content\/uploads\/sites\/3\/2024\/10\/5-alimento-para-dieta-vegetariana-deportista.jpeg 1200w, https:\/\/fcb.unsa.edu.pe\/nutricion\/wp-content\/uploads\/sites\/3\/2024\/10\/5-alimento-para-dieta-vegetariana-deportista-768x442.jpeg 768w\" sizes=\"auto, (max-width: 544px) 100vw, 544px\" \/><\/p>\n<div class=\"titulo-tab\"><\/div>\n<div>\n<p>El preservar la salud f\u00edsica mental constituye una responsabilidad individual y social as\u00ed se lograr\u00e1 una vejez sana portadora de ricas ejemplarizantes experiencias para los m\u00e1s j\u00f3venes tal legado es un estilo de vida.<\/p>\n<p>Por estilo de vida entendemos la adopci\u00f3n de un patr\u00f3n conductual que refleja en estado vivencial influido por las normas de convivencia y condiciones socioecon\u00f3micas bajo las que se desarrolla el \u00e1mbito de la vida de la persona.<\/p>\n<p>Por lo tanto, la forma f\u00edsica definir\u00e1 el estado entre los marcos de la actuaci\u00f3n que con un gasto m\u00ednimo mental, energ\u00e9tico y f\u00edsico permita resultados superiores a muy corto plazo, propicia el mantenimiento prolongado y sostenimiento de la actividad y que emana un sentimiento de bienestar.<\/p>\n<p>Evidentemente hoy d\u00eda, el estilo de vida propicia la forma f\u00edsica, dado que los patrones conductuales adoptados se reflejan en la actitud f\u00edsica desarrollada, por lo tanto, ella es el resultado de las convergencias de diversos factores entre los que destacan: h\u00e1bitos alimentarios y la pr\u00e1ctica del ejercicio f\u00edsico<\/p>\n<p>En la actualidad se dispone de datos que justifica una promoci\u00f3n generalizada de la actividad f\u00edsica y la reducci\u00f3n de peso como una medida efectiva segura, pr\u00e1ctica y econ\u00f3mica para la mejor salud y la prevenci\u00f3n de enfermedades, yendo de la mano con alimentaci\u00f3n adecuada para cada grupo etario, con ejercicio adecuado.<\/p>\n<\/div>\n<div><\/div>\n<div><span style=\"color: #0000ff\"><strong><a style=\"color: #0000ff\" href=\"http:\/\/posgrado.unsa.edu.pe\/escuela\/maestria-en-ciencias-con-mencion-en-nutricion-deporte-y-estetica\/\">http:\/\/posgrado.unsa.edu.pe\/escuela\/maestria-en-ciencias-con-mencion-en-nutricion-deporte-y-estetica\/<\/a><\/strong><\/span><\/div>\n<div>\n<p>&nbsp;<\/p>\n<\/div>\n","protected":false},"excerpt":{"rendered":"<p>El preservar la salud f\u00edsica mental constituye una responsabilidad individual y social as\u00ed se lograr\u00e1 una vejez sana portadora de ricas ejemplarizantes experiencias para los m\u00e1s j\u00f3venes tal legado es un estilo de vida. Por estilo de vida entendemos la adopci\u00f3n de un patr\u00f3n conductual que refleja en estado vivencial influido por las normas de [&hellip;]<\/p>\n","protected":false},"author":6,"featured_media":0,"parent":0,"menu_order":0,"comment_status":"closed","ping_status":"closed","template":"","meta":{"_acf_changed":false,"footnotes":""},"class_list":["post-3611","page","type-page","status-publish","hentry"],"acf":[],"_links":{"self":[{"href":"https:\/\/fcb.unsa.edu.pe\/nutricion\/wp-json\/wp\/v2\/pages\/3611","targetHints":{"allow":["GET"]}}],"collection":[{"href":"https:\/\/fcb.unsa.edu.pe\/nutricion\/wp-json\/wp\/v2\/pages"}],"about":[{"href":"https:\/\/fcb.unsa.edu.pe\/nutricion\/wp-json\/wp\/v2\/types\/page"}],"author":[{"embeddable":true,"href":"https:\/\/fcb.unsa.edu.pe\/nutricion\/wp-json\/wp\/v2\/users\/6"}],"replies":[{"embeddable":true,"href":"https:\/\/fcb.unsa.edu.pe\/nutricion\/wp-json\/wp\/v2\/comments?post=3611"}],"version-history":[{"count":16,"href":"https:\/\/fcb.unsa.edu.pe\/nutricion\/wp-json\/wp\/v2\/pages\/3611\/revisions"}],"predecessor-version":[{"id":4660,"href":"https:\/\/fcb.unsa.edu.pe\/nutricion\/wp-json\/wp\/v2\/pages\/3611\/revisions\/4660"}],"wp:attachment":[{"href":"https:\/\/fcb.unsa.edu.pe\/nutricion\/wp-json\/wp\/v2\/media?parent=3611"}],"curies":[{"name":"wp","href":"https:\/\/api.w.org\/{rel}","templated":true}]}}