{"id":4506,"date":"2025-05-07T08:37:20","date_gmt":"2025-05-07T13:37:20","guid":{"rendered":"https:\/\/fcb.unsa.edu.pe\/nutricion\/?page_id=4506"},"modified":"2025-10-24T15:40:17","modified_gmt":"2025-10-24T20:40:17","slug":"vision-del-programa","status":"publish","type":"page","link":"https:\/\/fcb.unsa.edu.pe\/nutricion\/vision-del-programa\/","title":{"rendered":"Visi\u00f3n del Programa"},"content":{"rendered":"<div class=\"cua-gra\"><\/p>\n<p><img loading=\"lazy\" decoding=\"async\" class=\"hidden-xs size-medium wp-image-2359 alignnone\" src=\"https:\/\/fcb.unsa.edu.pe\/nutricion\/wp-content\/uploads\/sites\/3\/2021\/10\/esc-nutricion_unsa_08-848x355-1-360x203.jpg\" alt=\"\" width=\"360\" height=\"203\" \/>Ser una Escuela, reconocida a nivel regional, nacional e internacional por su alto nivel acad\u00e9mico, cient\u00edfico y tecnol\u00f3gico, con compromiso social, formadora de profesionales nutricionistas altamente competitivos, human\u00edsticos y con capacidad innovadora; que contribuyan a mejorar las condiciones alimentario nutricionales y de desarrollo de la poblaci\u00f3n, con un enfoque transdisciplinario <\/div>\n","protected":false},"excerpt":{"rendered":"","protected":false},"author":6,"featured_media":3343,"parent":0,"menu_order":0,"comment_status":"closed","ping_status":"closed","template":"","meta":{"_acf_changed":false,"footnotes":""},"class_list":["post-4506","page","type-page","status-publish","has-post-thumbnail","hentry"],"acf":[],"_links":{"self":[{"href":"https:\/\/fcb.unsa.edu.pe\/nutricion\/wp-json\/wp\/v2\/pages\/4506","targetHints":{"allow":["GET"]}}],"collection":[{"href":"https:\/\/fcb.unsa.edu.pe\/nutricion\/wp-json\/wp\/v2\/pages"}],"about":[{"href":"https:\/\/fcb.unsa.edu.pe\/nutricion\/wp-json\/wp\/v2\/types\/page"}],"author":[{"embeddable":true,"href":"https:\/\/fcb.unsa.edu.pe\/nutricion\/wp-json\/wp\/v2\/users\/6"}],"replies":[{"embeddable":true,"href":"https:\/\/fcb.unsa.edu.pe\/nutricion\/wp-json\/wp\/v2\/comments?post=4506"}],"version-history":[{"count":32,"href":"https:\/\/fcb.unsa.edu.pe\/nutricion\/wp-json\/wp\/v2\/pages\/4506\/revisions"}],"predecessor-version":[{"id":4932,"href":"https:\/\/fcb.unsa.edu.pe\/nutricion\/wp-json\/wp\/v2\/pages\/4506\/revisions\/4932"}],"wp:featuredmedia":[{"embeddable":true,"href":"https:\/\/fcb.unsa.edu.pe\/nutricion\/wp-json\/wp\/v2\/media\/3343"}],"wp:attachment":[{"href":"https:\/\/fcb.unsa.edu.pe\/nutricion\/wp-json\/wp\/v2\/media?parent=4506"}],"curies":[{"name":"wp","href":"https:\/\/api.w.org\/{rel}","templated":true}]}}