{"id":4695,"date":"2025-08-12T09:32:45","date_gmt":"2025-08-12T14:32:45","guid":{"rendered":"https:\/\/fcb.unsa.edu.pe\/nutricion\/?page_id=4695"},"modified":"2025-09-24T14:09:27","modified_gmt":"2025-09-24T19:09:27","slug":"decanato","status":"publish","type":"page","link":"https:\/\/fcb.unsa.edu.pe\/nutricion\/decanato\/","title":{"rendered":"Decanato"},"content":{"rendered":"<p><img loading=\"lazy\" decoding=\"async\" class=\"aligncenter wp-image-4696\" src=\"https:\/\/fcb.unsa.edu.pe\/nutricion\/wp-content\/uploads\/sites\/3\/2025\/08\/JESUS-JULIANO-RAMOS.jpg\" alt=\"\" width=\"693\" height=\"719\" srcset=\"https:\/\/fcb.unsa.edu.pe\/nutricion\/wp-content\/uploads\/sites\/3\/2025\/08\/JESUS-JULIANO-RAMOS.jpg 1040w, https:\/\/fcb.unsa.edu.pe\/nutricion\/wp-content\/uploads\/sites\/3\/2025\/08\/JESUS-JULIANO-RAMOS-768x798.jpg 768w\" sizes=\"auto, (max-width: 693px) 100vw, 693px\" \/><\/p>\n<h3 style=\"text-align: center\"><span style=\"color: #5e0e15\">DRA. JES\u00daS FELICITAS JULIANO RAMOS<\/span><\/h3>\n<h3 style=\"text-align: center\">\u00a0FACULTAD DE CIENCIAS BIOL\u00d3GICAS<\/h3>\n<p style=\"text-align: center\">\u00a0INVESTIGADOR REGISTRADO EN DINA<\/p>\n<p><strong>GRADOS ACAD\u00c9MICOS<\/strong><\/p>\n<ul>\n<li>DOCTORA EN CIENCIAS: SALUD PUBLICA\u00a0 \u00a0 \u00a0 \u00a0 \u00a0 \u00a0 \u00a0 \u00a0 \u00a0 \u00a0 \u00a0 \u00a0 \u00a0 \u00a0 \u00a0 \u00a0 \u00a0 \u00a0 \u00a0 \u00a0 \u00a0 \u00a0 \u00a0 \u00a0 \u00a0 \u00a0 \u00a0 \u00a0 \u00a0 \u00a0 \u00a0 \u00a0 \u00a0 \u00a0 \u00a0 \u00a0 \u00a0 \u00a0 \u00a0 \u00a0 \u00a0 \u00a0 \u00a0 \u00a0 \u00a0 \u00a0 \u00a0 \u00a0 \u00a0 \u00a0 \u00a0 \u00a0 \u00a0 \u00a0 \u00a02023<\/li>\n<li>MAESTRO EN CIENCIAS SALUD P\u00daBLICA\u00a0 \u00a0 \u00a0 \u00a0 \u00a0 \u00a0 \u00a0 \u00a0 \u00a0 \u00a0 \u00a0 \u00a0 \u00a0 \u00a0 \u00a0 \u00a0 \u00a0 \u00a0 \u00a0 \u00a0 \u00a0 \u00a0 \u00a0 \u00a0 \u00a0 \u00a0 \u00a0 \u00a0 \u00a0 \u00a0 \u00a0 \u00a0 \u00a0 \u00a0 \u00a0 \u00a0 \u00a0 \u00a0 \u00a0 \u00a0 \u00a0 \u00a0 \u00a0 \u00a0 \u00a0 \u00a0 \u00a0 \u00a0 \u00a0 \u00a0 \u00a0 \u00a0 \u00a0 \u00a0 \u00a0 \u00a02005<\/li>\n<li>BACHILLER EN NUTRICI\u00d3N Y DIET\u00c9TICA\u00a0 \u00a0 \u00a0 \u00a0 \u00a0 \u00a0 \u00a0 \u00a0 \u00a0 \u00a0 \u00a0 \u00a0 \u00a0 \u00a0 \u00a0 \u00a0 \u00a0 \u00a0 \u00a0 \u00a0 \u00a0 \u00a0 \u00a0 \u00a0 \u00a0 \u00a0 \u00a0 \u00a0 \u00a0 \u00a0 \u00a0 \u00a0 \u00a0 \u00a0 \u00a0 \u00a0 \u00a0 \u00a0 \u00a0 \u00a0 \u00a0 \u00a0 \u00a0 \u00a0 \u00a0 \u00a0 \u00a0 \u00a0 \u00a0 \u00a0 \u00a0 \u00a0 \u00a0 \u00a0 \u00a0 \u00a0 1998<\/li>\n<\/ul>\n<p><strong>T\u00cdTULO PROFESIONAL<\/strong><\/p>\n<ul>\n<li>LICENCIADO EN NUTRICI\u00d3N HUMANA\u00a0 \u00a0 \u00a0 \u00a0 \u00a0 \u00a0 \u00a0 \u00a0 \u00a0 \u00a0 \u00a0 \u00a0 \u00a0 \u00a0 \u00a0 \u00a0 \u00a0 \u00a0 \u00a0 \u00a0 \u00a0 \u00a0 \u00a0 \u00a0 \u00a0 \u00a0 \u00a0 \u00a0 \u00a0 \u00a0 \u00a0 \u00a0 \u00a0 \u00a0 \u00a0 \u00a0 \u00a0 \u00a0 \u00a0 \u00a0 \u00a0 \u00a0 \u00a0 \u00a0 \u00a0 \u00a0 \u00a0 \u00a0 \u00a0 \u00a0 \u00a0 \u00a0 \u00a0 \u00a0 \u00a0 \u00a0 \u00a0 1990<\/li>\n<li>SEGUNDA ESPECIALIDAD ESPECIALIDAD DE: TOXICOLOG\u00cdA Y CONTROL ALIMENTARIO\u00a0 \u00a0 \u00a0 \u00a0 \u00a0 \u00a0 \u00a0 \u00a0 \u00a0 \u00a0 \u00a0 \u00a02008<\/li>\n<li>DIPLOMATURA DE ESTUDIO DE ALTA GERENCIA EN EDUCACI\u00d3N SUPERIOR UNIVERSITARIA\u00a0 \u00a0 \u00a0 \u00a0 \u00a0 \u00a0 \u00a02016<\/li>\n<\/ul>\n<p><strong>ADMINISTRACI\u00d3N UNIVERSITARIA<\/strong><\/p>\n<ul>\n<li>DIRECTORA DEL DEPARTAMENTO ACAD\u00c9MICO DE NUTRICI\u00d3N DE LA FACULTAD DE CIENCIAS BIOL\u00d3GICAS. RESOLUCI\u00d3N NRO 010-2021-CEU, FECHA 8 DE ABRIL DEL 2021 (09-04-2021 al 08-4-2023)<\/li>\n<li>COORDINADOR DE LA MAESTR\u00cdA EN CIENCIAS: SEGURIDAD ALIMENTARIA Y DESARROLLO HUMANO. UNIDAD DE POST GRADO DE LA FACULTAD DE CIENCIAS BIOL\u00d3GICAS. (2006-2023)<\/li>\n<li>ENCARGADA DE LA DIRECCI\u00d3N DE LA UNIDAD DE POST GRADO DE LA FACULTAD DE CS BIOL\u00d3GICAS. (MARZO 2016)<\/li>\n<li>REPRESENTANTE ANTE LA ASAMBLEA UNIVERSITARIA DE LA UNIVERSIDAD NACIONAL DE SAN AGUST\u00cdN. (2011-2014)<\/li>\n<li>JEFE DEL DEPARTAMENTO ACAD\u00c9MICO DE NUTRICI\u00d3N DE LA FACULTAD DE CIENCIAS BIOL\u00d3GICAS Y AGROPECUARIAS (2008 \u2013 2011)<\/li>\n<li>CONSEJERA DE LA FACULTAD DE CIENCIAS BIOL\u00d3GICAS Y AGROPECUARIAS (2005-2008)<\/li>\n<li>DIRECTORA DE LA ESCUELA PROFESIONAL DE CIENCIAS DE LA NUTRICI\u00d3N DE LA FACULTAD DE CIENCIAS AGROPECUARIAS DE LA UNIVERSIDAD NACIONAL DE SAN AGUST\u00cdN (2005-2008)<\/li>\n<\/ul>\n<p><strong>C\u00c1TEDRAS<\/strong><\/p>\n<ul>\n<li>SEGURIDAD ALIMENTARIA<\/li>\n<li>INVESTIGACI\u00d3N E INNOVACI\u00d3N EN NUTRICI\u00d3N<\/li>\n<li>TALLER DE PROGRAMAS SOCIALES<\/li>\n<li>INTRODUCCI\u00d3N A LA METODOLOG\u00cdA DE LA INVESTIGACI\u00d3N CIENT\u00cdFICA<\/li>\n<li>SEMINARIO DE TESIS II<\/li>\n<li>SEGURIDAD ALIMENTARIA Y NUTRICI\u00d3N.<\/li>\n<li>HIGIENE Y CONTROL DE ALIMENTOS<\/li>\n<li>EPIDEMIOLOG\u00cdA EN NUTRICI\u00d3N<\/li>\n<\/ul>\n<p><strong>PUBLICACIONES<\/strong><\/p>\n<ul>\n<li>SEGURIDAD ALIMENTARIA. (CUARTA EDICI\u00d3N 2023)<\/li>\n<li>TALLER DE PROGRAMAS SOCIALES (E). (SEGUNDA EDICI\u00d3N 2022)<\/li>\n<li>SEGURIDAD ALIMENTARIA. (TERCERA EDICI\u00d3N 2022)<\/li>\n<li>INVESTIGACI\u00d3N E INNOVACI\u00d3N EN NUTRICI\u00d3N I. (SEGUNDA EDICI\u00d3N 2021)<\/li>\n<li>SEGURIDAD ALIMENTARIA. (SEGUNDA EDICI\u00d3N 2021)<\/li>\n<li>INVESTIGACI\u00d3N E INNOVACI\u00d3N EN NUTRICI\u00d3N I. (PRIMERA EDICI\u00d3N 2020)<\/li>\n<li>SEGURIDAD ALIMENTARIA. (PRIMERA EDICI\u00d3N 2020)<\/li>\n<li>SEGURIDAD ALIMENTARIA Y NUTRICI\u00d3N (QUINTA EDICI\u00d3N)<\/li>\n<li>SEGURIDAD ALIMENTARIA Y NUTRICI\u00d3N (CUARTA EDICI\u00d3N)<\/li>\n<li>HIGIENE Y CONTROL DE ALIMENTOS (TERCERA EDICI\u00d3N, INSCRITO DEPARTAMENTO Y ESCUELA DE CIENCIAS DE LA NUTRICI\u00d3N) 2018.<\/li>\n<li>SEGURIDAD ALIMENTARIA Y NUTRICI\u00d3N. (TERCERA EDICI\u00d3N INSCRITO DEPARTAMENTO Y ESCUELA DE CIENCIAS DE LA NUTRICI\u00d3N).<\/li>\n<li>EPIDEMIOLOG\u00cdA EN NUTRICI\u00d3N. COAUTORA<\/li>\n<\/ul>\n<p><strong>INVESTIGACIONES<\/strong><\/p>\n<ul>\n<li>CANASTA DE CONSUMO DE ALIMENTOS Y SU VALORACI\u00d3N NUTRICIONAL Y ECON\u00d3MICA EN LOS PUEBLOS TRADICIONALES DE CHARACATO, MOLLEBAYA Y SABAND\u00cdA DE LA PROVINCIA DE AREQUIPA 2022-2023<\/li>\n<li>EFECTO DEL TRATAMIENTO CON SUPLEMENTOS DE HIERRO ALTERNATIVO Y UNA INTERVENCI\u00d3N EDUCATIVA EN EL MANEJO DE LA ANEMIA EN MENORES DE 3 A\u00d1OS Y MUJERES EMBARAZADAS 2021<\/li>\n<li>INFLUENCIA DE LA ESCOLARIDAD Y NIVEL DE CONOCIMIENTOS HIGI\u00c9NICOS SANITARIOS SOBRE LAS PR\u00c1CTICAS DE MANIPULACI\u00d3N DE ALIMENTOS QUE MANEJAN LOS ENCARGADOS DEL EXPENDIO DE KIOSCOS Y PUESTOS DE COMIDAS Y JUGOS DE MERCADOS DE AREQUIPA. INVESTIGACI\u00d3N B\u00c1SICA. DECRETO DIRECTORAL No 009- 2020-UPG-FM\/UNSA<\/li>\n<\/ul>\n","protected":false},"excerpt":{"rendered":"<p>DRA. JES\u00daS FELICITAS JULIANO RAMOS \u00a0FACULTAD DE CIENCIAS BIOL\u00d3GICAS \u00a0INVESTIGADOR REGISTRADO EN DINA GRADOS ACAD\u00c9MICOS DOCTORA EN CIENCIAS: SALUD PUBLICA\u00a0 \u00a0 \u00a0 \u00a0 \u00a0 \u00a0 \u00a0 \u00a0 \u00a0 \u00a0 \u00a0 \u00a0 \u00a0 \u00a0 \u00a0 \u00a0 \u00a0 \u00a0 \u00a0 \u00a0 \u00a0 \u00a0 \u00a0 \u00a0 \u00a0 \u00a0 \u00a0 \u00a0 \u00a0 \u00a0 \u00a0 \u00a0 \u00a0 \u00a0 \u00a0 \u00a0 [&hellip;]<\/p>\n","protected":false},"author":6,"featured_media":0,"parent":0,"menu_order":0,"comment_status":"closed","ping_status":"closed","template":"","meta":{"_acf_changed":false,"footnotes":""},"class_list":["post-4695","page","type-page","status-publish","hentry"],"acf":[],"_links":{"self":[{"href":"https:\/\/fcb.unsa.edu.pe\/nutricion\/wp-json\/wp\/v2\/pages\/4695","targetHints":{"allow":["GET"]}}],"collection":[{"href":"https:\/\/fcb.unsa.edu.pe\/nutricion\/wp-json\/wp\/v2\/pages"}],"about":[{"href":"https:\/\/fcb.unsa.edu.pe\/nutricion\/wp-json\/wp\/v2\/types\/page"}],"author":[{"embeddable":true,"href":"https:\/\/fcb.unsa.edu.pe\/nutricion\/wp-json\/wp\/v2\/users\/6"}],"replies":[{"embeddable":true,"href":"https:\/\/fcb.unsa.edu.pe\/nutricion\/wp-json\/wp\/v2\/comments?post=4695"}],"version-history":[{"count":11,"href":"https:\/\/fcb.unsa.edu.pe\/nutricion\/wp-json\/wp\/v2\/pages\/4695\/revisions"}],"predecessor-version":[{"id":4857,"href":"https:\/\/fcb.unsa.edu.pe\/nutricion\/wp-json\/wp\/v2\/pages\/4695\/revisions\/4857"}],"wp:attachment":[{"href":"https:\/\/fcb.unsa.edu.pe\/nutricion\/wp-json\/wp\/v2\/media?parent=4695"}],"curies":[{"name":"wp","href":"https:\/\/api.w.org\/{rel}","templated":true}]}}