{"id":4796,"date":"2025-09-24T09:38:32","date_gmt":"2025-09-24T14:38:32","guid":{"rendered":"https:\/\/fcb.unsa.edu.pe\/nutricion\/?page_id=4796"},"modified":"2025-09-24T09:50:53","modified_gmt":"2025-09-24T14:50:53","slug":"proceso-del-programa","status":"publish","type":"page","link":"https:\/\/fcb.unsa.edu.pe\/nutricion\/proceso-del-programa\/","title":{"rendered":"Procesos del Programa"},"content":{"rendered":"<p><strong>Procesos y Procedimientos de la Escuela Profesional de Ciencias de la Nutrici\u00f3n<\/strong><\/p>\n<ol>\n<li>Gesti\u00f3n de Planes de Estudio<\/li>\n<li>Gesti\u00f3n de Planes de Funcionamiento<\/li>\n<li>Gesti\u00f3n de S\u00edlabo, sumillas, Bibliograf\u00eda y Pesos Ponderados<\/li>\n<li>Ense\u00f1anza-Aprendizaje<\/li>\n<li>Nivelaci\u00f3n de Ingresantes<\/li>\n<li>Gesti\u00f3n Psicopedag\u00f3gica<\/li>\n<\/ol>\n<p><strong>Procesos y Procedimientos del Departamento de Ciencias de la Nutrici\u00f3n<\/strong><\/p>\n<ol>\n<li>Gesti\u00f3n de la Labor Lectiva y No lectiva<\/li>\n<li>Gesti\u00f3n de la Capacitaci\u00f3n<\/li>\n<li>Enfoque en la Gesti\u00f3n de la Actividad Acad\u00e9mica<\/li>\n<li>Gesti\u00f3n de la Incorporaci\u00f3n<\/li>\n<\/ol>\n","protected":false},"excerpt":{"rendered":"<p>Procesos y Procedimientos de la Escuela Profesional de Ciencias de la Nutrici\u00f3n Gesti\u00f3n de Planes de Estudio Gesti\u00f3n de Planes de Funcionamiento Gesti\u00f3n de S\u00edlabo, sumillas, Bibliograf\u00eda y Pesos Ponderados Ense\u00f1anza-Aprendizaje Nivelaci\u00f3n de Ingresantes Gesti\u00f3n Psicopedag\u00f3gica Procesos y Procedimientos del Departamento de Ciencias de la Nutrici\u00f3n Gesti\u00f3n de la Labor Lectiva y No lectiva Gesti\u00f3n [&hellip;]<\/p>\n","protected":false},"author":6,"featured_media":0,"parent":0,"menu_order":0,"comment_status":"closed","ping_status":"closed","template":"","meta":{"_acf_changed":false,"footnotes":""},"class_list":["post-4796","page","type-page","status-publish","hentry"],"acf":[],"_links":{"self":[{"href":"https:\/\/fcb.unsa.edu.pe\/nutricion\/wp-json\/wp\/v2\/pages\/4796","targetHints":{"allow":["GET"]}}],"collection":[{"href":"https:\/\/fcb.unsa.edu.pe\/nutricion\/wp-json\/wp\/v2\/pages"}],"about":[{"href":"https:\/\/fcb.unsa.edu.pe\/nutricion\/wp-json\/wp\/v2\/types\/page"}],"author":[{"embeddable":true,"href":"https:\/\/fcb.unsa.edu.pe\/nutricion\/wp-json\/wp\/v2\/users\/6"}],"replies":[{"embeddable":true,"href":"https:\/\/fcb.unsa.edu.pe\/nutricion\/wp-json\/wp\/v2\/comments?post=4796"}],"version-history":[{"count":2,"href":"https:\/\/fcb.unsa.edu.pe\/nutricion\/wp-json\/wp\/v2\/pages\/4796\/revisions"}],"predecessor-version":[{"id":4803,"href":"https:\/\/fcb.unsa.edu.pe\/nutricion\/wp-json\/wp\/v2\/pages\/4796\/revisions\/4803"}],"wp:attachment":[{"href":"https:\/\/fcb.unsa.edu.pe\/nutricion\/wp-json\/wp\/v2\/media?parent=4796"}],"curies":[{"name":"wp","href":"https:\/\/api.w.org\/{rel}","templated":true}]}}