{"id":1055,"date":"2017-07-11T14:16:16","date_gmt":"2017-07-11T14:16:16","guid":{"rendered":"http:\/\/www2.unsa.edu.pe\/escuelas\/ingpesquera\/?page_id=1055"},"modified":"2024-03-24T17:08:23","modified_gmt":"2024-03-24T17:08:23","slug":"resena-historica","status":"publish","type":"page","link":"https:\/\/fcb.unsa.edu.pe\/pesquera\/resena-historica\/","title":{"rendered":"Rese\u00f1a Hist\u00f3rica"},"content":{"rendered":"<p>El funcionamiento de la Escuela Profesional de Ingenier\u00eda Pesquera fue aprobado el 6 de Setiembre de 1983 por la Comisi\u00f3n Nacional Interuniversitaria con Resoluci\u00f3n N\u00ba3659-83-CONAI. Desde un inicio sus actividades acad\u00e9micas se desarrollan en el \u00c1rea de Biom\u00e9dicas, contando con un pabell\u00f3n con aulas y laboratorios, donde desarrolla las actividades administrativas, de investigaci\u00f3n y acad\u00e9micas.<\/p>\n<p>La Escuela Profesional de Ingenier\u00eda Pesquera inicia sus labores con una plana docente integrada por ingenieros pesqueros y bi\u00f3logos, en la actualidad se cuenta con 16 profesionales con especialidad en las diferentes \u00e1reas del sector pesquero, quienes poseen grado de Magister y\/o Doctor.<\/p>\n<p>La Escuela Profesional de Ingenier\u00eda Pesquera forma profesionales altamente calificados en ciencia y tecnolog\u00eda, en las \u00e1reas de cultivo, extracci\u00f3n, transformaci\u00f3n, distribuci\u00f3n y gesti\u00f3n de recursos hidrobiol\u00f3gicos y de producci\u00f3n pesquera.<\/p>\n<p>Los egresados de la Escuela de Ingenier\u00eda Pesquera ocupan cargos de gesti\u00f3n de producci\u00f3n en instituciones y empresas p\u00fablicas o privadas. Tambi\u00e9n se encuentran desarrollando trabajos de investigaci\u00f3n y estudios de postgrado en prestigiosas instituciones nacionales y del extranjero.<\/p>\n","protected":false},"excerpt":{"rendered":"<p>El funcionamiento de la Escuela Profesional de Ingenier\u00eda Pesquera fue aprobado el 6 de Setiembre de 1983 por la Comisi\u00f3n Nacional Interuniversitaria con Resoluci\u00f3n N\u00ba3659-83-CONAI. Desde un inicio sus actividades acad\u00e9micas se desarrollan en el \u00c1rea de Biom\u00e9dicas, contando con un pabell\u00f3n con aulas y laboratorios, donde desarrolla las actividades administrativas, de investigaci\u00f3n y acad\u00e9micas. [&hellip;]<\/p>\n","protected":false},"author":1,"featured_media":2070,"parent":0,"menu_order":0,"comment_status":"closed","ping_status":"closed","template":"","meta":{"_acf_changed":false,"footnotes":""},"class_list":["post-1055","page","type-page","status-publish","has-post-thumbnail","hentry"],"acf":[],"_links":{"self":[{"href":"https:\/\/fcb.unsa.edu.pe\/pesquera\/wp-json\/wp\/v2\/pages\/1055","targetHints":{"allow":["GET"]}}],"collection":[{"href":"https:\/\/fcb.unsa.edu.pe\/pesquera\/wp-json\/wp\/v2\/pages"}],"about":[{"href":"https:\/\/fcb.unsa.edu.pe\/pesquera\/wp-json\/wp\/v2\/types\/page"}],"author":[{"embeddable":true,"href":"https:\/\/fcb.unsa.edu.pe\/pesquera\/wp-json\/wp\/v2\/users\/1"}],"replies":[{"embeddable":true,"href":"https:\/\/fcb.unsa.edu.pe\/pesquera\/wp-json\/wp\/v2\/comments?post=1055"}],"version-history":[{"count":1,"href":"https:\/\/fcb.unsa.edu.pe\/pesquera\/wp-json\/wp\/v2\/pages\/1055\/revisions"}],"predecessor-version":[{"id":1249,"href":"https:\/\/fcb.unsa.edu.pe\/pesquera\/wp-json\/wp\/v2\/pages\/1055\/revisions\/1249"}],"wp:featuredmedia":[{"embeddable":true,"href":"https:\/\/fcb.unsa.edu.pe\/pesquera\/wp-json\/wp\/v2\/media\/2070"}],"wp:attachment":[{"href":"https:\/\/fcb.unsa.edu.pe\/pesquera\/wp-json\/wp\/v2\/media?parent=1055"}],"curies":[{"name":"wp","href":"https:\/\/api.w.org\/{rel}","templated":true}]}}