{"id":1057,"date":"2017-07-11T14:17:54","date_gmt":"2017-07-11T14:17:54","guid":{"rendered":"http:\/\/www2.unsa.edu.pe\/escuelas\/ingpesquera\/?page_id=1057"},"modified":"2021-08-25T14:02:01","modified_gmt":"2021-08-25T14:02:01","slug":"vision-y-mision","status":"publish","type":"page","link":"https:\/\/fcb.unsa.edu.pe\/pesquera\/vision-y-mision\/","title":{"rendered":"Visi\u00f3n y Misi\u00f3n"},"content":{"rendered":"<div class=\"cua-gra\"><a href=\"https:\/\/fcb.unsa.edu.pe\/pesquera\/vision-y-mision\/mision01\/\" rel=\"attachment wp-att-1673\"><img loading=\"lazy\" decoding=\"async\" class=\"hidden-xs aligncenter wp-image-1811 size-full\" src=\"https:\/\/fcb.unsa.edu.pe\/pesquera\/wp-content\/uploads\/sites\/4\/2021\/08\/mision01.jpg\" alt=\"\" width=\"506\" height=\"250\" \/><\/a><\/p>\n<h1>Misi\u00f3n<\/h1>\n<p>La Escuela Profesional de Ingenier\u00eda Pesquera, es un centro de formaci\u00f3n profesional de la Universidad Nacional de San Agust\u00edn, que forma profesionales en conocimiento y valores en los campos de medio ambiente, acuicultura, extracci\u00f3n transformaci\u00f3n y gesti\u00f3n en el sector pesquero; genera, incorpora y trasmite los avances cient\u00edficos; crea y difunde tecnolog\u00eda; realiza investigaci\u00f3n y desarrolla acciones de proyecci\u00f3n social.<\/div>\n<div class=\"cua-gri\"><a href=\"https:\/\/fcb.unsa.edu.pe\/pesquera\/vision-y-mision\/vision01\/\" rel=\"attachment wp-att-1675\"><img loading=\"lazy\" decoding=\"async\" class=\"hidden-xs aligncenter wp-image-1812 size-full\" src=\"https:\/\/fcb.unsa.edu.pe\/pesquera\/wp-content\/uploads\/sites\/4\/2021\/08\/vision01.jpg\" alt=\"\" width=\"506\" height=\"250\" \/><\/a><\/p>\n<h1>Visi\u00f3n<\/h1>\n<p>La Escuela Profesional de Ingenier\u00eda Pesquera de la UNSA, es el principal centro de formaci\u00f3n profesional del sector pesquero en el Sur del pa\u00eds; los profesionales egresados de la Escuela, con la formaci\u00f3n cient\u00edfica, human\u00edstica y tecnol\u00f3gica en valores se desenvuelven con \u00e9xito en los diferentes campos del sector; los docentes, todos con post grado, son altamente competentes y con actualizaci\u00f3n permanente; con participaci\u00f3n de los alumnos desarrollan programas de investigaci\u00f3n y proyecci\u00f3n social, orientados al desarrollo de la Regi\u00f3n. La infraestructura y el equipamiento de la escuela son adecuados para alcanzar los logros de aprendizaje previstos, se dispone de embarcaciones, centros de producci\u00f3n y extensi\u00f3n en Arequipa, Moquegua, Puno y Madre de Dios. La Escuela es referente y ente generador de sinergias institucionales.<\/div>\n","protected":false},"excerpt":{"rendered":"","protected":false},"author":1,"featured_media":0,"parent":0,"menu_order":0,"comment_status":"closed","ping_status":"closed","template":"page-blanco.php","meta":{"_acf_changed":false,"footnotes":""},"class_list":["post-1057","page","type-page","status-publish","hentry"],"acf":[],"_links":{"self":[{"href":"https:\/\/fcb.unsa.edu.pe\/pesquera\/wp-json\/wp\/v2\/pages\/1057","targetHints":{"allow":["GET"]}}],"collection":[{"href":"https:\/\/fcb.unsa.edu.pe\/pesquera\/wp-json\/wp\/v2\/pages"}],"about":[{"href":"https:\/\/fcb.unsa.edu.pe\/pesquera\/wp-json\/wp\/v2\/types\/page"}],"author":[{"embeddable":true,"href":"https:\/\/fcb.unsa.edu.pe\/pesquera\/wp-json\/wp\/v2\/users\/1"}],"replies":[{"embeddable":true,"href":"https:\/\/fcb.unsa.edu.pe\/pesquera\/wp-json\/wp\/v2\/comments?post=1057"}],"version-history":[{"count":7,"href":"https:\/\/fcb.unsa.edu.pe\/pesquera\/wp-json\/wp\/v2\/pages\/1057\/revisions"}],"predecessor-version":[{"id":1813,"href":"https:\/\/fcb.unsa.edu.pe\/pesquera\/wp-json\/wp\/v2\/pages\/1057\/revisions\/1813"}],"wp:attachment":[{"href":"https:\/\/fcb.unsa.edu.pe\/pesquera\/wp-json\/wp\/v2\/media?parent=1057"}],"curies":[{"name":"wp","href":"https:\/\/api.w.org\/{rel}","templated":true}]}}