{"id":1059,"date":"2017-07-11T14:19:27","date_gmt":"2017-07-11T14:19:27","guid":{"rendered":"http:\/\/www2.unsa.edu.pe\/escuelas\/ingpesquera\/?page_id=1059"},"modified":"2018-04-05T20:35:09","modified_gmt":"2018-04-05T20:35:09","slug":"objetivos-academicos","status":"publish","type":"page","link":"https:\/\/fcb.unsa.edu.pe\/pesquera\/objetivos-academicos\/","title":{"rendered":"Objetivos acad\u00e9micos"},"content":{"rendered":"<ul>\n<li>Formar profesionales competentes de acuerdo con las necesidades del entorno.<\/li>\n<\/ul>\n<div class=\"cua-obj\">Identificar<strong> est\u00e1ndares nacionales e internacionales<\/strong> que orienten la formaci\u00f3n profesional.<\/div>\n<div class=\"cua-obj\">Desarrollar un curr\u00edculo que se adecue a las <strong>necesidades del entorno<\/strong> y a los avances cient\u00edfico tecnol\u00f3gico.<\/div>\n<div class=\"cua-obj\">Implementar <strong>procesos de ense\u00f1anza-aprendizaje<\/strong> acordes con el curr\u00edculo.<\/div>\n<ul>\n<li>Desarrollar investigaci\u00f3n, proyecci\u00f3n social y extensi\u00f3n universitaria.<\/li>\n<\/ul>\n<div class=\"cua-obj\">Identificar los requerimientos de investigaci\u00f3n y definir las<strong> l\u00edneas de investigaci\u00f3n considerando los planes de desarrollo local<\/strong>, regional y nacional.<\/div>\n<div class=\"cua-obj\">Desarrollar programas de investigaci\u00f3n, en base a los requerimientos identificados, considerando la <strong>participaci\u00f3n de los alumnos<\/strong>, graduandos e instituciones p\u00fablicas y privadas.<\/div>\n<div class=\"cua-obj\">Desarrollar programas de proyecci\u00f3n social y extensi\u00f3n universitaria que permitan <strong>articular el quehacer universitario<\/strong> con los planes de desarrollo local, regional y nacional.<\/div>\n<ul>\n<li>Generar una plataforma de servicios educativos eficientes y eficaces, con gesti\u00f3n por procesos de ense\u00f1anza-aprendizaje.<\/li>\n<\/ul>\n<div class=\"cua-obj\">Implementar <strong>infraestructura y su equipamiento<\/strong> que aporte a la correcta ejecuci\u00f3n de los procesos de ense\u00f1anza- aprendizaje.<\/div>\n<div class=\"cua-obj\">Disponer, v\u00eda gesti\u00f3n propia o por convenio, de e<strong>mbarcaciones, centros de investigaci\u00f3n, producci\u00f3n y extensi\u00f3n<\/strong> en la Regi\u00f3n Sur.<\/div>\n<p>&nbsp;<\/p>\n","protected":false},"excerpt":{"rendered":"<p>Formar profesionales competentes de acuerdo con las necesidades del entorno. Desarrollar investigaci\u00f3n, proyecci\u00f3n social y extensi\u00f3n universitaria. Generar una plataforma de servicios educativos eficientes y eficaces, con gesti\u00f3n por procesos de ense\u00f1anza-aprendizaje. &nbsp;<\/p>\n","protected":false},"author":1,"featured_media":0,"parent":0,"menu_order":0,"comment_status":"closed","ping_status":"closed","template":"page-blanco.php","meta":{"_acf_changed":false,"footnotes":""},"class_list":["post-1059","page","type-page","status-publish","hentry"],"acf":[],"_links":{"self":[{"href":"https:\/\/fcb.unsa.edu.pe\/pesquera\/wp-json\/wp\/v2\/pages\/1059","targetHints":{"allow":["GET"]}}],"collection":[{"href":"https:\/\/fcb.unsa.edu.pe\/pesquera\/wp-json\/wp\/v2\/pages"}],"about":[{"href":"https:\/\/fcb.unsa.edu.pe\/pesquera\/wp-json\/wp\/v2\/types\/page"}],"author":[{"embeddable":true,"href":"https:\/\/fcb.unsa.edu.pe\/pesquera\/wp-json\/wp\/v2\/users\/1"}],"replies":[{"embeddable":true,"href":"https:\/\/fcb.unsa.edu.pe\/pesquera\/wp-json\/wp\/v2\/comments?post=1059"}],"version-history":[{"count":2,"href":"https:\/\/fcb.unsa.edu.pe\/pesquera\/wp-json\/wp\/v2\/pages\/1059\/revisions"}],"predecessor-version":[{"id":1358,"href":"https:\/\/fcb.unsa.edu.pe\/pesquera\/wp-json\/wp\/v2\/pages\/1059\/revisions\/1358"}],"wp:attachment":[{"href":"https:\/\/fcb.unsa.edu.pe\/pesquera\/wp-json\/wp\/v2\/media?parent=1059"}],"curies":[{"name":"wp","href":"https:\/\/api.w.org\/{rel}","templated":true}]}}