{"id":1075,"date":"2017-07-11T14:44:28","date_gmt":"2017-07-11T14:44:28","guid":{"rendered":"http:\/\/www2.unsa.edu.pe\/escuelas\/ingpesquera\/?page_id=1075"},"modified":"2024-08-12T16:55:56","modified_gmt":"2024-08-12T16:55:56","slug":"perfil-del-egresado","status":"publish","type":"page","link":"https:\/\/fcb.unsa.edu.pe\/pesquera\/perfil-del-egresado\/","title":{"rendered":"Perfil del Egresado"},"content":{"rendered":"<ol>\n<li style=\"list-style-type: none\">\n<ol>\n<li>El Ingeniero Pesquero egresado de la Universidad Nacional de San Agust\u00edn de Arequipa, es un profesional dotado de una s\u00f3lida base tecnol\u00f3gica, cient\u00edfica y human\u00edstica, con excelente trayectoria acad\u00e9mica y experiencia pr\u00e1ctica acumulada antes de egresar de la universidad.<\/li>\n<li>El ingeniero pesquero tiene competencias para identificar, analizar y solucionar problemas, bajo un enfoque sist\u00e9mico.<\/li>\n<li>Tiene competencias para desarrollar visi\u00f3n y estrategias orientadas al desarrollo del sector y de las organizaciones en este.<\/li>\n<li>Practica el aprovechamiento sostenible de los recursos hidrobiol\u00f3gicos y contribuye a la preservaci\u00f3n del medio ambiente.<\/li>\n<li>El Ingeniero Pesquero se desempe\u00f1a eficientemente en las \u00e1reas de manejo de recursos, transformaci\u00f3n, acuicultura y de gesti\u00f3n y servicios en el sector pesquero.\n<ul>\n<li>Manejo de Recursos Hidrobiol\u00f3gicos: Evaluaci\u00f3n y gesti\u00f3n de recursos; dise\u00f1o y adecuaci\u00f3n de\u00a0 m\u00e9todos y aparejos de pesca y de embarcaciones; dise\u00f1os y operaci\u00f3n de centros de desembarque de recursos hidrobiol\u00f3gicos.<\/li>\n<li>Transformaci\u00f3n: Dise\u00f1o y manejo procesos productivos en la fabricaci\u00f3n de productos pesqueros en conserva, congelados, curados, pastas, harina y aceite de recursos pesqueros y otros derivados de la pesca y recolecci\u00f3n de animales y plantas acu\u00e1ticas.<\/li>\n<li>Acuicultura: Reproducci\u00f3n, alevinaje, cultivos y tratamiento de enfermedades de peces, crust\u00e1ceos,\u00a0 moluscos, plantas acu\u00e1ticas, en ambientes marinos, estuarinos y continentales.<\/li>\n<li>Gesti\u00f3n y Servicios en manejo de recursos hidrobiol\u00f3gicos, transformaci\u00f3n y acuicultura: Gesti\u00f3n\u00a0 \u00a0de\u00a0 la calidad; gesti\u00f3n de la producci\u00f3n; formulaci\u00f3n de proyectos; gesti\u00f3n sanitaria; an\u00e1lisis f\u00edsicos,\u00a0 qu\u00edmicos, microbiol\u00f3gicos; supervisi\u00f3n y vigilancias pesquera; dise\u00f1o y adecuaci\u00f3n de equipos y\u00a0 maquinarias; investigaci\u00f3n.<\/li>\n<\/ul>\n<\/li>\n<\/ol>\n<\/li>\n<\/ol>\n","protected":false},"excerpt":{"rendered":"<p>El Ingeniero Pesquero egresado de la Universidad Nacional de San Agust\u00edn de Arequipa, es un profesional dotado de una s\u00f3lida base tecnol\u00f3gica, cient\u00edfica y human\u00edstica, con excelente trayectoria acad\u00e9mica y experiencia pr\u00e1ctica acumulada antes de egresar de la universidad. El ingeniero pesquero tiene competencias para identificar, analizar y solucionar problemas, bajo un enfoque sist\u00e9mico. Tiene [&hellip;]<\/p>\n","protected":false},"author":1,"featured_media":2082,"parent":0,"menu_order":0,"comment_status":"closed","ping_status":"closed","template":"","meta":{"_acf_changed":false,"footnotes":""},"class_list":["post-1075","page","type-page","status-publish","has-post-thumbnail","hentry"],"acf":[],"_links":{"self":[{"href":"https:\/\/fcb.unsa.edu.pe\/pesquera\/wp-json\/wp\/v2\/pages\/1075","targetHints":{"allow":["GET"]}}],"collection":[{"href":"https:\/\/fcb.unsa.edu.pe\/pesquera\/wp-json\/wp\/v2\/pages"}],"about":[{"href":"https:\/\/fcb.unsa.edu.pe\/pesquera\/wp-json\/wp\/v2\/types\/page"}],"author":[{"embeddable":true,"href":"https:\/\/fcb.unsa.edu.pe\/pesquera\/wp-json\/wp\/v2\/users\/1"}],"replies":[{"embeddable":true,"href":"https:\/\/fcb.unsa.edu.pe\/pesquera\/wp-json\/wp\/v2\/comments?post=1075"}],"version-history":[{"count":8,"href":"https:\/\/fcb.unsa.edu.pe\/pesquera\/wp-json\/wp\/v2\/pages\/1075\/revisions"}],"predecessor-version":[{"id":2119,"href":"https:\/\/fcb.unsa.edu.pe\/pesquera\/wp-json\/wp\/v2\/pages\/1075\/revisions\/2119"}],"wp:featuredmedia":[{"embeddable":true,"href":"https:\/\/fcb.unsa.edu.pe\/pesquera\/wp-json\/wp\/v2\/media\/2082"}],"wp:attachment":[{"href":"https:\/\/fcb.unsa.edu.pe\/pesquera\/wp-json\/wp\/v2\/media?parent=1075"}],"curies":[{"name":"wp","href":"https:\/\/api.w.org\/{rel}","templated":true}]}}