{"id":1077,"date":"2017-07-11T14:45:37","date_gmt":"2017-07-11T14:45:37","guid":{"rendered":"http:\/\/www2.unsa.edu.pe\/escuelas\/ingpesquera\/?page_id=1077"},"modified":"2021-08-25T16:40:59","modified_gmt":"2021-08-25T16:40:59","slug":"competencias-de-la-carrera","status":"publish","type":"page","link":"https:\/\/fcb.unsa.edu.pe\/pesquera\/competencias-de-la-carrera\/","title":{"rendered":"Competencias de la Carrera"},"content":{"rendered":"<ul>\n<li>Manejo de Recursos Hidrobiol\u00f3gicos: Evaluaci\u00f3n y gesti\u00f3n de recursos; dise\u00f1o y adecuaci\u00f3n de m\u00e9todos y aparejos de pesca y de embarcaciones; dise\u00f1os y operaci\u00f3n de centros de desembarque de recursos hidrobiol\u00f3gicos.<\/li>\n<li>Transformaci\u00f3n: Dise\u00f1o y manejo procesos productivos en la fabricaci\u00f3n de productos pesqueros en conserva, congelados, curados, pastas, harina y aceite de recursos pesqueros y otros derivados de la pesca y recolecci\u00f3n de animales y plantas acu\u00e1ticas.<\/li>\n<li>Acuicultura: Reproducci\u00f3n, alevinaje, cultivos y tratamiento de enfermedades de peces, crust\u00e1ceos, moluscos, plantas acu\u00e1ticas, en ambientes marinos, estuarinos y continentales.<\/li>\n<li>Gesti\u00f3n y Servicios en manejo de recursos hidrobiol\u00f3gicos, transformaci\u00f3n y acuicultura: Gesti\u00f3n de la calidad; gesti\u00f3n de la producci\u00f3n; formulaci\u00f3n de proyectos; gesti\u00f3n sanitaria; an\u00e1lisis f\u00edsicos, qu\u00edmicos, microbiol\u00f3gicos; supervisi\u00f3n y vigilancias pesquera; dise\u00f1o y adecuaci\u00f3n de equipos y maquinarias; investigaci\u00f3n.<\/li>\n<\/ul>\n","protected":false},"excerpt":{"rendered":"<p>Manejo de Recursos Hidrobiol\u00f3gicos: Evaluaci\u00f3n y gesti\u00f3n de recursos; dise\u00f1o y adecuaci\u00f3n de m\u00e9todos y aparejos de pesca y de embarcaciones; dise\u00f1os y operaci\u00f3n de centros de desembarque de recursos hidrobiol\u00f3gicos. Transformaci\u00f3n: Dise\u00f1o y manejo procesos productivos en la fabricaci\u00f3n de productos pesqueros en conserva, congelados, curados, pastas, harina y aceite de recursos pesqueros y [&hellip;]<\/p>\n","protected":false},"author":1,"featured_media":1816,"parent":0,"menu_order":0,"comment_status":"closed","ping_status":"closed","template":"","meta":{"_acf_changed":false,"footnotes":""},"class_list":["post-1077","page","type-page","status-publish","has-post-thumbnail","hentry"],"acf":[],"_links":{"self":[{"href":"https:\/\/fcb.unsa.edu.pe\/pesquera\/wp-json\/wp\/v2\/pages\/1077","targetHints":{"allow":["GET"]}}],"collection":[{"href":"https:\/\/fcb.unsa.edu.pe\/pesquera\/wp-json\/wp\/v2\/pages"}],"about":[{"href":"https:\/\/fcb.unsa.edu.pe\/pesquera\/wp-json\/wp\/v2\/types\/page"}],"author":[{"embeddable":true,"href":"https:\/\/fcb.unsa.edu.pe\/pesquera\/wp-json\/wp\/v2\/users\/1"}],"replies":[{"embeddable":true,"href":"https:\/\/fcb.unsa.edu.pe\/pesquera\/wp-json\/wp\/v2\/comments?post=1077"}],"version-history":[{"count":2,"href":"https:\/\/fcb.unsa.edu.pe\/pesquera\/wp-json\/wp\/v2\/pages\/1077\/revisions"}],"predecessor-version":[{"id":1551,"href":"https:\/\/fcb.unsa.edu.pe\/pesquera\/wp-json\/wp\/v2\/pages\/1077\/revisions\/1551"}],"wp:featuredmedia":[{"embeddable":true,"href":"https:\/\/fcb.unsa.edu.pe\/pesquera\/wp-json\/wp\/v2\/media\/1816"}],"wp:attachment":[{"href":"https:\/\/fcb.unsa.edu.pe\/pesquera\/wp-json\/wp\/v2\/media?parent=1077"}],"curies":[{"name":"wp","href":"https:\/\/api.w.org\/{rel}","templated":true}]}}