{"id":1079,"date":"2017-07-11T14:46:02","date_gmt":"2017-07-11T14:46:02","guid":{"rendered":"http:\/\/www2.unsa.edu.pe\/escuelas\/ingpesquera\/?page_id=1079"},"modified":"2026-03-30T09:23:39","modified_gmt":"2026-03-30T14:23:39","slug":"campo-ocupacional","status":"publish","type":"page","link":"https:\/\/fcb.unsa.edu.pe\/pesquera\/campo-ocupacional\/","title":{"rendered":"Campo Ocupacional"},"content":{"rendered":"<p>El egresado de esta Escuela Profesional podr\u00e1 desempe\u00f1arse en:<\/p>\n<ul>\n<li>Empresas pesqueras de explotaci\u00f3n y cultivo: Peces, moluscos, crust\u00e1ceos y algas<\/li>\n<li>Empresas de extracci\u00f3n, procesamiento y comercializaci\u00f3n de productos pesqueros<\/li>\n<li>Instituciones p\u00fablicas: Ministerio de la Producci\u00f3n (Vice Ministerio de Pesquer\u00eda), Direcciones o Gerencias Regionales de Producci\u00f3n, Instituto del Mar del Per\u00fa, Instituto Tecnol\u00f3gico de la Producci\u00f3n, Fondo Nacional de Desarrollo Pesquero<\/li>\n<li>Empresas de fabricaci\u00f3n y construcci\u00f3n de equipamiento de cubierta y aparejos de pesca<\/li>\n<li>Centros de desarrollo de investigaci\u00f3n tecnol\u00f3gica: Instituto Tecnol\u00f3gico Pesquero del Per\u00fa (ITP)<\/li>\n<li>Empresas pesqueras de industrializaci\u00f3n del Recurso Pesquero: Congelado, Conservas, Harina y Aceite de pescado, seco salado, embutido, etc.<\/li>\n<li>Organismos estatales nacionales, provinciales y municipales<\/li>\n<li>Empresas relacionadas con el manejo, conservaci\u00f3n y comercializaci\u00f3n de los alimentos marinos<\/li>\n<li>Centros de Embarque y Desembarque<\/li>\n<li>Empresas de dise\u00f1o, fabricaci\u00f3n y construcci\u00f3n de equipos de la industria pesquera<\/li>\n<li>Empresas exportadoras de productos pesqueros<\/li>\n<li>Empresas privadas y Organismos No Gubernamentales<\/li>\n<li>Empresas estatales del sector, tanto de investigaci\u00f3n, tecnol\u00f3gicas, de capacitaci\u00f3n, de desarrollo, normativas, fiscalizadoras y de extensi\u00f3n pesquera<\/li>\n<li>Empresas de control, supervisi\u00f3n y certificadoras<\/li>\n<li>Organizaciones cient\u00edficas relacionadas con la Oceanograf\u00eda, Pesquer\u00eda y \u00e1reas afines<\/li>\n<li>Instituciones de educaci\u00f3n t\u00e9cnica y universitaria<\/li>\n<li>Creaci\u00f3n de empresas pesqueras<\/li>\n<\/ul>\n","protected":false},"excerpt":{"rendered":"<p>El egresado de esta Escuela Profesional podr\u00e1 desempe\u00f1arse en: Empresas pesqueras de explotaci\u00f3n y cultivo: Peces, moluscos, crust\u00e1ceos y algas Empresas de extracci\u00f3n, procesamiento y comercializaci\u00f3n de productos pesqueros Instituciones p\u00fablicas: Ministerio de la Producci\u00f3n (Vice Ministerio de Pesquer\u00eda), Direcciones o Gerencias Regionales de Producci\u00f3n, Instituto del Mar del Per\u00fa, Instituto Tecnol\u00f3gico de la Producci\u00f3n, [&hellip;]<\/p>\n","protected":false},"author":1,"featured_media":2234,"parent":0,"menu_order":0,"comment_status":"closed","ping_status":"closed","template":"","meta":{"_acf_changed":false,"footnotes":""},"class_list":["post-1079","page","type-page","status-publish","has-post-thumbnail","hentry"],"acf":[],"_links":{"self":[{"href":"https:\/\/fcb.unsa.edu.pe\/pesquera\/wp-json\/wp\/v2\/pages\/1079","targetHints":{"allow":["GET"]}}],"collection":[{"href":"https:\/\/fcb.unsa.edu.pe\/pesquera\/wp-json\/wp\/v2\/pages"}],"about":[{"href":"https:\/\/fcb.unsa.edu.pe\/pesquera\/wp-json\/wp\/v2\/types\/page"}],"author":[{"embeddable":true,"href":"https:\/\/fcb.unsa.edu.pe\/pesquera\/wp-json\/wp\/v2\/users\/1"}],"replies":[{"embeddable":true,"href":"https:\/\/fcb.unsa.edu.pe\/pesquera\/wp-json\/wp\/v2\/comments?post=1079"}],"version-history":[{"count":1,"href":"https:\/\/fcb.unsa.edu.pe\/pesquera\/wp-json\/wp\/v2\/pages\/1079\/revisions"}],"predecessor-version":[{"id":1364,"href":"https:\/\/fcb.unsa.edu.pe\/pesquera\/wp-json\/wp\/v2\/pages\/1079\/revisions\/1364"}],"wp:featuredmedia":[{"embeddable":true,"href":"https:\/\/fcb.unsa.edu.pe\/pesquera\/wp-json\/wp\/v2\/media\/2234"}],"wp:attachment":[{"href":"https:\/\/fcb.unsa.edu.pe\/pesquera\/wp-json\/wp\/v2\/media?parent=1079"}],"curies":[{"name":"wp","href":"https:\/\/api.w.org\/{rel}","templated":true}]}}