{"id":1552,"date":"2018-07-11T20:22:42","date_gmt":"2018-07-11T20:22:42","guid":{"rendered":"https:\/\/fcb.unsa.edu.pe\/pesquera\/?page_id=1552"},"modified":"2024-03-24T18:11:31","modified_gmt":"2024-03-24T18:11:31","slug":"grados-y-titulos","status":"publish","type":"page","link":"https:\/\/fcb.unsa.edu.pe\/pesquera\/grados-y-titulos\/","title":{"rendered":"Grados y T\u00edtulos"},"content":{"rendered":"<ul>\n<li><strong>GRADO ACAD\u00c9MICO:<br \/>\n<\/strong>Bachiller en Ingenier\u00eda Pesquera<\/li>\n<\/ul>\n<ul>\n<li><strong>T\u00cdTULO PROFESIONAL:<br \/>\n<\/strong>Ingeniero Pesquero<\/li>\n<\/ul>\n<p>Adem\u00e1s, gracias a la Acreditaci\u00f3n por ICACIT, los ingenieros graduados podr\u00e1n registrarse en los colegios profesionales para obtener la licencia como ingeniero profesional en 14 de los 20 pa\u00edses firmantes del Acuerdo de Washington.<\/p>\n<p>La formaci\u00f3n es equivalente a la recibida en Australia, Estados Unidos, Jap\u00f3n o cualquiera de los 20 signatarios del Acuerdo de Washington, a los egresados se les consideran como referencia para la equivalencia acad\u00e9mica al momento de emitir visas.<\/p>\n<p>&nbsp;<\/p>\n","protected":false},"excerpt":{"rendered":"<p>GRADO ACAD\u00c9MICO: Bachiller en Ingenier\u00eda Pesquera T\u00cdTULO PROFESIONAL: Ingeniero Pesquero Adem\u00e1s, gracias a la Acreditaci\u00f3n por ICACIT, los ingenieros graduados podr\u00e1n registrarse en los colegios profesionales para obtener la licencia como ingeniero profesional en 14 de los 20 pa\u00edses firmantes del Acuerdo de Washington. La formaci\u00f3n es equivalente a la recibida en Australia, Estados Unidos, [&hellip;]<\/p>\n","protected":false},"author":1,"featured_media":2073,"parent":0,"menu_order":0,"comment_status":"closed","ping_status":"closed","template":"","meta":{"_acf_changed":false,"footnotes":""},"class_list":["post-1552","page","type-page","status-publish","has-post-thumbnail","hentry"],"acf":[],"_links":{"self":[{"href":"https:\/\/fcb.unsa.edu.pe\/pesquera\/wp-json\/wp\/v2\/pages\/1552","targetHints":{"allow":["GET"]}}],"collection":[{"href":"https:\/\/fcb.unsa.edu.pe\/pesquera\/wp-json\/wp\/v2\/pages"}],"about":[{"href":"https:\/\/fcb.unsa.edu.pe\/pesquera\/wp-json\/wp\/v2\/types\/page"}],"author":[{"embeddable":true,"href":"https:\/\/fcb.unsa.edu.pe\/pesquera\/wp-json\/wp\/v2\/users\/1"}],"replies":[{"embeddable":true,"href":"https:\/\/fcb.unsa.edu.pe\/pesquera\/wp-json\/wp\/v2\/comments?post=1552"}],"version-history":[{"count":3,"href":"https:\/\/fcb.unsa.edu.pe\/pesquera\/wp-json\/wp\/v2\/pages\/1552\/revisions"}],"predecessor-version":[{"id":1881,"href":"https:\/\/fcb.unsa.edu.pe\/pesquera\/wp-json\/wp\/v2\/pages\/1552\/revisions\/1881"}],"wp:featuredmedia":[{"embeddable":true,"href":"https:\/\/fcb.unsa.edu.pe\/pesquera\/wp-json\/wp\/v2\/media\/2073"}],"wp:attachment":[{"href":"https:\/\/fcb.unsa.edu.pe\/pesquera\/wp-json\/wp\/v2\/media?parent=1552"}],"curies":[{"name":"wp","href":"https:\/\/api.w.org\/{rel}","templated":true}]}}