{"id":1563,"date":"2019-01-10T16:45:35","date_gmt":"2019-01-10T16:45:35","guid":{"rendered":"https:\/\/fcb.unsa.edu.pe\/pesquera\/?page_id=1563"},"modified":"2026-03-30T10:08:06","modified_gmt":"2026-03-30T15:08:06","slug":"resultados-del-estudiante","status":"publish","type":"page","link":"https:\/\/fcb.unsa.edu.pe\/pesquera\/resultados-del-estudiante\/","title":{"rendered":"Atributos del Graduado"},"content":{"rendered":"<p><div class=\"gris06 cua01\">Aqui va el contenido de mision<h1>Misi\u00f3n<\/h1><\/div><div class=\"cua-gra\">Aqui va el chidden-xs ontenido<\/div>Para Programas de Ingenier\u00eda:<\/p>\n<p>[AG-I01] <strong>El Profesional y el Mundo:<\/strong> Analiza y eval\u00faa el impacto de las soluciones a problemas complejos de ingenier\u00eda en el desarrollo sostenible de la sociedad, la econom\u00eda, la sostenibilidad, la salud y la seguridad, los marcos legales y el medio ambiente.<\/p>\n<p>[AG-I02] <strong>\u00c9tica:<\/strong> Aplica los principios \u00e9ticos, la \u00e9tica profesional y las normas de la pr\u00e1ctica de la ingenier\u00eda, se adhiere al marco legal pertinente y respeta la diversidad de los grupos humanos.<\/p>\n<p>[AG-I03] <strong>Trabajo Individual y en Equipo:<\/strong> Se desempe\u00f1a efectivamente como individuo y como parte de un equipo, en un entorno multidisciplinar, colaborativo e inclusivo, empleando mecanismos de interacci\u00f3n presenciales, remotos y sus combinaciones, estableciendo metas y estrategias para cumplir sus objetivos.<\/p>\n<p>[AG-I04] <strong>Comunicaci\u00f3n:<\/strong> Se comunica de forma efectiva en actividades complejas de ingenier\u00eda con la comunidad de ingenieria y la sociedad en general, a trav\u00e9s de la elaboraci\u00f3n y comprensi\u00f3n de informes y documentaci\u00f3n de dise\u00f1o, y a trav\u00e9s de la elaboraci\u00f3n y realizaci\u00f3n de presentaciones efectivas, seg\u00fan el p\u00fablico objetivo.<\/p>\n<p>[AG-I05] <strong>Gesti\u00f3n de Proyectos:<\/strong> Aplica los principios de gesti\u00f3n en ingenier\u00eda y la toma de decisiones econ\u00f3micas considerando eventuales riesgos, como miembro y l\u00edder de un equipo, para gestionar proyectos en entornos multidisciplinarios.<\/p>\n<p>[AG-I06] <strong>Aprendizaje a lo largo de la vida:<\/strong> Reconoce la necesidad y est\u00e1 preparado para: i) aprender de forma independiente y continua, ii) adaptarse a tecnolog\u00edas nuevas y emergentes, y iii) aplicar el pensamiento cr\u00edtico en el contexto m\u00e1s amplio de los cambios tecnol\u00f3gicos.<\/p>\n<p>[AG-I07] <strong>Conocimientos de Ingenier\u00eda:<\/strong> Aplica conocimientos de matem\u00e1ticas, ciencias naturales, computaci\u00f3n, y conocimientos fundamentales y especializados de ingenier\u00eda para desarrollar soluciones a problemas complejos de ingenier\u00eda.<\/p>\n<p>[AG-I08] <strong>An\u00e1lisis de Problemas:<\/strong> Identifica, busca informaci\u00f3n, caracteriza y analiza problemas complejos de ingenier\u00eda y su contexto, llegando a conclusiones fundamentadas usando conocimientos de matem\u00e1ticas, ciencias naturales y ciencias de la ingenier\u00eda desde una perspectiva hol\u00edstica para el desarrollo sostenible.<\/p>\n<p>[AG-I09] <strong>Dise\u00f1o y Desarrollo de Soluciones:<\/strong> Dise\u00f1a soluciones creativas para problemas complejos de ingenier\u00eda y dise\u00f1a sistemas, componentes o procesos para satisfacer necesidades identificadas dentro de restricciones realistas, seg\u00fan se requiera, de salud y seguridad p\u00fablica, el costo del ciclo de vida, el cero carbono neto, de recursos, culturales, sociales, econ\u00f3micas y ambientales.<\/p>\n<p>[AG-I10] <strong>Indagaci\u00f3n:<\/strong> Conduce indagaciones de problemas complejos de ingenier\u00eda usando m\u00e9todos de investigaci\u00f3n incluyendo conocimiento basado en investigaci\u00f3n, dise\u00f1o y conducci\u00f3n de experimentos, an\u00e1lisis e interpretaci\u00f3n de datos y s\u00edntesis de informaci\u00f3n para producir conclusiones v\u00e1lidas<\/p>\n<p>[AG-I11] <strong>Uso de Herramientas:<\/strong> Crea, selecciona, aplica, y reconoce las limitaciones de las t\u00e9cnicas, recursos y herramientas modernas apropiadas de ingenier\u00eda y tecnolog\u00edas de la informaci\u00f3n, incluyendo la predicci\u00f3n y el modelado, en problemas complejos de ingenier\u00eda.<\/p>\n","protected":false},"excerpt":{"rendered":"<p>Para Programas de Ingenier\u00eda: [AG-I01] El Profesional y el Mundo: Analiza y eval\u00faa el impacto de las soluciones a problemas complejos de ingenier\u00eda en el desarrollo sostenible de la sociedad, la econom\u00eda, la sostenibilidad, la salud y la seguridad, los marcos legales y el medio ambiente. [AG-I02] \u00c9tica: Aplica los principios \u00e9ticos, la \u00e9tica profesional [&hellip;]<\/p>\n","protected":false},"author":1,"featured_media":2245,"parent":0,"menu_order":0,"comment_status":"closed","ping_status":"closed","template":"page-imagen.php","meta":{"_acf_changed":false,"footnotes":""},"class_list":["post-1563","page","type-page","status-publish","has-post-thumbnail","hentry"],"acf":[],"_links":{"self":[{"href":"https:\/\/fcb.unsa.edu.pe\/pesquera\/wp-json\/wp\/v2\/pages\/1563","targetHints":{"allow":["GET"]}}],"collection":[{"href":"https:\/\/fcb.unsa.edu.pe\/pesquera\/wp-json\/wp\/v2\/pages"}],"about":[{"href":"https:\/\/fcb.unsa.edu.pe\/pesquera\/wp-json\/wp\/v2\/types\/page"}],"author":[{"embeddable":true,"href":"https:\/\/fcb.unsa.edu.pe\/pesquera\/wp-json\/wp\/v2\/users\/1"}],"replies":[{"embeddable":true,"href":"https:\/\/fcb.unsa.edu.pe\/pesquera\/wp-json\/wp\/v2\/comments?post=1563"}],"version-history":[{"count":8,"href":"https:\/\/fcb.unsa.edu.pe\/pesquera\/wp-json\/wp\/v2\/pages\/1563\/revisions"}],"predecessor-version":[{"id":2251,"href":"https:\/\/fcb.unsa.edu.pe\/pesquera\/wp-json\/wp\/v2\/pages\/1563\/revisions\/2251"}],"wp:featuredmedia":[{"embeddable":true,"href":"https:\/\/fcb.unsa.edu.pe\/pesquera\/wp-json\/wp\/v2\/media\/2245"}],"wp:attachment":[{"href":"https:\/\/fcb.unsa.edu.pe\/pesquera\/wp-json\/wp\/v2\/media?parent=1563"}],"curies":[{"name":"wp","href":"https:\/\/api.w.org\/{rel}","templated":true}]}}