{"id":1586,"date":"2020-10-15T15:54:29","date_gmt":"2020-10-15T15:54:29","guid":{"rendered":"https:\/\/fcb.unsa.edu.pe\/pesquera\/?page_id=1586"},"modified":"2025-10-27T19:46:43","modified_gmt":"2025-10-27T19:46:43","slug":"directora-de-escuela","status":"publish","type":"page","link":"https:\/\/fcb.unsa.edu.pe\/pesquera\/directora-de-escuela\/","title":{"rendered":"Director de Escuela"},"content":{"rendered":"<h3><strong>Dr. Jos\u00e9 Isa\u00edas Laura Huam\u00e1n<\/strong><\/h3>\n<p>Estudi\u00f3 Ingenier\u00eda Pesquera en la <strong>Universidad Nacional de San Agust\u00edn de Arequipa<\/strong>, donde posteriormente obtuvo su Colegiatura <strong>CIP N.\u00ba 50088.<\/strong><\/p>\n<p>Actualmente, se desempe\u00f1a como catedr\u00e1tico en el <strong>Departamento de Ingenier\u00eda Pesquera de la Facultad de Ciencias Biol\u00f3gicas de la UNSA<\/strong>, instituci\u00f3n en la que ha formado parte del cuerpo docente <strong>desde el a\u00f1o 1995.<\/strong><\/p>\n<p>A lo largo de m\u00e1s de 30 a\u00f1os de experiencia profesional, ha desarrollado una destacada labor en el \u00e1mbito de la<strong> tecnolog\u00eda pesquera y de alimentos,<\/strong> as\u00ed como en temas relacionados con la <strong>calidad e inocuidad alimentaria y la formulaci\u00f3n de proyectos pesqueros y acu\u00edcolas.<\/strong><\/p>\n<p>Asimismo, cuenta con una s\u00f3lida formaci\u00f3n acad\u00e9mica de posgrado. Por un lado, obtuvo el grado de Mag\u00edster en Ciencias en Ingenier\u00eda Industrial, con menci\u00f3n en Gesti\u00f3n de la Producci\u00f3n, a trav\u00e9s de un convenio entre la <strong>Universidad Nacional de San Agust\u00edn y la Universidade Federal de Santa Catarina (Brasil).<\/strong><\/p>\n<p>Por otro lado, complement\u00f3 su formaci\u00f3n con el grado de<strong> Mag\u00edster en Acuicultura otorgado por la Universidad Polit\u00e9cnica de Valencia (Espa\u00f1a),<\/strong> lo que le ha permitido ampliar su perspectiva internacional en el desarrollo de la acuicultura y la innovaci\u00f3n tecnol\u00f3gica en el sector pesquero.<\/p>\n<p>En conjunto, su trayectoria combina la <strong>docencia universitaria<\/strong>, la <strong>investigaci\u00f3n aplicada y la gesti\u00f3n de proyectos tecnol\u00f3gicos<\/strong>, contribuyendo significativamente al desarrollo del sector pesquero y alimentario tanto a nivel regional como nacional.<\/p>\n","protected":false},"excerpt":{"rendered":"<p>Dr. Jos\u00e9 Isa\u00edas Laura Huam\u00e1n Estudi\u00f3 Ingenier\u00eda Pesquera en la Universidad Nacional de San Agust\u00edn de Arequipa, donde posteriormente obtuvo su Colegiatura CIP N.\u00ba 50088. Actualmente, se desempe\u00f1a como catedr\u00e1tico en el Departamento de Ingenier\u00eda Pesquera de la Facultad de Ciencias Biol\u00f3gicas de la UNSA, instituci\u00f3n en la que ha formado parte del cuerpo docente [&hellip;]<\/p>\n","protected":false},"author":1,"featured_media":2216,"parent":0,"menu_order":0,"comment_status":"closed","ping_status":"closed","template":"","meta":{"_acf_changed":false,"footnotes":""},"class_list":["post-1586","page","type-page","status-publish","has-post-thumbnail","hentry"],"acf":[],"_links":{"self":[{"href":"https:\/\/fcb.unsa.edu.pe\/pesquera\/wp-json\/wp\/v2\/pages\/1586","targetHints":{"allow":["GET"]}}],"collection":[{"href":"https:\/\/fcb.unsa.edu.pe\/pesquera\/wp-json\/wp\/v2\/pages"}],"about":[{"href":"https:\/\/fcb.unsa.edu.pe\/pesquera\/wp-json\/wp\/v2\/types\/page"}],"author":[{"embeddable":true,"href":"https:\/\/fcb.unsa.edu.pe\/pesquera\/wp-json\/wp\/v2\/users\/1"}],"replies":[{"embeddable":true,"href":"https:\/\/fcb.unsa.edu.pe\/pesquera\/wp-json\/wp\/v2\/comments?post=1586"}],"version-history":[{"count":13,"href":"https:\/\/fcb.unsa.edu.pe\/pesquera\/wp-json\/wp\/v2\/pages\/1586\/revisions"}],"predecessor-version":[{"id":1843,"href":"https:\/\/fcb.unsa.edu.pe\/pesquera\/wp-json\/wp\/v2\/pages\/1586\/revisions\/1843"}],"wp:featuredmedia":[{"embeddable":true,"href":"https:\/\/fcb.unsa.edu.pe\/pesquera\/wp-json\/wp\/v2\/media\/2216"}],"wp:attachment":[{"href":"https:\/\/fcb.unsa.edu.pe\/pesquera\/wp-json\/wp\/v2\/media?parent=1586"}],"curies":[{"name":"wp","href":"https:\/\/api.w.org\/{rel}","templated":true}]}}