{"id":1660,"date":"2021-05-18T01:07:26","date_gmt":"2021-05-18T01:07:26","guid":{"rendered":"https:\/\/fcb.unsa.edu.pe\/pesquera\/?page_id=1660"},"modified":"2024-03-24T18:21:30","modified_gmt":"2024-03-24T18:21:30","slug":"presentacion-2","status":"publish","type":"page","link":"https:\/\/fcb.unsa.edu.pe\/pesquera\/presentacion-2\/","title":{"rendered":"PRESENTACION"},"content":{"rendered":"<p style=\"text-align: center\"><span style=\"color: #000080\"><strong>PROGRAMA ACAD\u00c9MICO DE INGENIER\u00cdA PESQUERA<\/strong><\/span><\/p>\n<p style=\"text-align: center\"><span style=\"color: #000080\"><strong>\u201cReconocimiento p\u00fablico, sobre la calidad del Programa Acad\u00e9mico de Ingenier\u00eda Pesquera, su organizaci\u00f3n y funcionamiento y el cumplimiento de su funci\u00f3n social\u201d<\/strong><\/span><\/p>\n<p><strong>\u00a0<\/strong><\/p>\n<p>El Programa de Ingenier\u00eda Pesquera ha sido acreditada por del\u00a0<strong>Instituto de Calidad y Acreditaci\u00f3n de Programas de Computaci\u00f3n, Ingenier\u00eda y Tecnolog\u00eda (ICACIT)<\/strong>\u00a0y reconocido por el Sistema Nacional de Evaluaci\u00f3n, Acreditaci\u00f3n y Certificaci\u00f3n de la Calidad Educativa (SINEACE), por cumplir con los est\u00e1ndares internacionales requeridos para la ense\u00f1anza; lo que lo convierte en el Primer y \u00fanico Programa de <strong>Ingenier\u00eda Pesquera con la ACREDITACI\u00d3N M\u00c1XIMA de seis a\u00f1os, con reconocimiento nacional e internacional<\/strong><\/p>\n<p>&nbsp;<\/p>\n<p>ICACIT es la primera y \u00fanica agencia latinoamericana firmante del Acuerdo de Washington, el cual congrega a las principales acreditadoras de ingenier\u00eda del mundo que significa; que los egresados de las carreras acreditadas por ICACIT podr\u00e1n tener la seguridad de que su formaci\u00f3n es equivalente a la recibida en Australia, Estados Unidos, Jap\u00f3n o cualquiera de los 20 signatarios del Acuerdo de Washington.<\/p>\n<p>&nbsp;<\/p>\n<p>Esta acreditaci\u00f3n se logr\u00f3 gracias al trabajo en equipo de las autoridades, docentes, estudiantes y personal administrativos, quienes durante intensas jornadas consiguieron garantizar las condiciones de calidad exigidas por la entidad acreditadora como: El desempe\u00f1o acad\u00e9mico y los resultados de los estudiantes, calidad de los procesos de mejora continua, los objetivos educacionales, calidad de la plana docente, calidad de las instalaciones y el fomento de la investigaci\u00f3n, criterios que garantizan que el programa cumplan con los m\u00e1s altos est\u00e1ndares internacionales.<\/p>\n<p>&nbsp;<\/p>\n<p><strong>\u00bfC\u00d3MO BENEFICIA ESTA ACREDITACI\u00d3N AL PROGRAMA DE INGENIERIA PESQUERA?<\/strong><\/p>\n<ul>\n<li><strong>Lograr la internacionalizaci\u00f3n<\/strong>: Mayor facilidad de acuerdos con universidades extranjeras para el intercambio de estudiantes y profesores, al mismo tiempo que propicia la cooperaci\u00f3n en el desarrollo de proyectos de investigaci\u00f3n<\/li>\n<li><strong>Altos est\u00e1ndares de calidad:<\/strong> Brinda seguridad tanto a estudiantes como padres de familia de la calidad educativa que se les otorga, garantizando que las competencias profesionales de los egresados sean eficientes y de calidad<\/li>\n<li><strong>Reconocimiento internacional de los egresados por los miembros del Acuerdo de Washington<\/strong>: Los ingenieros graduados de programas acreditados por ICACIT podr\u00e1n registrarse en los colegios profesionales para obtener la licencia como ingeniero profesional en 14 de los 20 pa\u00edses firmantes del Acuerdo de Washington<\/li>\n<li><strong>Equivalencia Acad\u00e9mica:<\/strong> La formaci\u00f3n es equivalente a la recibida en Australia, Estados Unidos, Jap\u00f3n o cualquiera de los 20 signatarios del Acuerdo de Washington, a los egresados se les consideran como referencia para la equivalencia acad\u00e9mica al momento de emitir visas<\/li>\n<\/ul>\n<p><strong>\u00a0<\/strong><\/p>\n","protected":false},"excerpt":{"rendered":"<p>PROGRAMA ACAD\u00c9MICO DE INGENIER\u00cdA PESQUERA \u201cReconocimiento p\u00fablico, sobre la calidad del Programa Acad\u00e9mico de Ingenier\u00eda Pesquera, su organizaci\u00f3n y funcionamiento y el cumplimiento de su funci\u00f3n social\u201d \u00a0 El Programa de Ingenier\u00eda Pesquera ha sido acreditada por del\u00a0Instituto de Calidad y Acreditaci\u00f3n de Programas de Computaci\u00f3n, Ingenier\u00eda y Tecnolog\u00eda (ICACIT)\u00a0y reconocido por el Sistema Nacional [&hellip;]<\/p>\n","protected":false},"author":8,"featured_media":2075,"parent":0,"menu_order":0,"comment_status":"closed","ping_status":"closed","template":"","meta":{"_acf_changed":false,"footnotes":""},"class_list":["post-1660","page","type-page","status-publish","has-post-thumbnail","hentry"],"acf":[],"_links":{"self":[{"href":"https:\/\/fcb.unsa.edu.pe\/pesquera\/wp-json\/wp\/v2\/pages\/1660","targetHints":{"allow":["GET"]}}],"collection":[{"href":"https:\/\/fcb.unsa.edu.pe\/pesquera\/wp-json\/wp\/v2\/pages"}],"about":[{"href":"https:\/\/fcb.unsa.edu.pe\/pesquera\/wp-json\/wp\/v2\/types\/page"}],"author":[{"embeddable":true,"href":"https:\/\/fcb.unsa.edu.pe\/pesquera\/wp-json\/wp\/v2\/users\/8"}],"replies":[{"embeddable":true,"href":"https:\/\/fcb.unsa.edu.pe\/pesquera\/wp-json\/wp\/v2\/comments?post=1660"}],"version-history":[{"count":3,"href":"https:\/\/fcb.unsa.edu.pe\/pesquera\/wp-json\/wp\/v2\/pages\/1660\/revisions"}],"predecessor-version":[{"id":1665,"href":"https:\/\/fcb.unsa.edu.pe\/pesquera\/wp-json\/wp\/v2\/pages\/1660\/revisions\/1665"}],"wp:featuredmedia":[{"embeddable":true,"href":"https:\/\/fcb.unsa.edu.pe\/pesquera\/wp-json\/wp\/v2\/media\/2075"}],"wp:attachment":[{"href":"https:\/\/fcb.unsa.edu.pe\/pesquera\/wp-json\/wp\/v2\/media?parent=1660"}],"curies":[{"name":"wp","href":"https:\/\/api.w.org\/{rel}","templated":true}]}}