{"id":1833,"date":"2021-08-26T01:27:07","date_gmt":"2021-08-26T01:27:07","guid":{"rendered":"https:\/\/fcb.unsa.edu.pe\/pesquera\/?page_id=1833"},"modified":"2024-03-25T14:16:39","modified_gmt":"2024-03-25T14:16:39","slug":"tramite-documentario","status":"publish","type":"page","link":"https:\/\/fcb.unsa.edu.pe\/pesquera\/tramite-documentario\/","title":{"rendered":"Tr\u00e1mite Documentario"},"content":{"rendered":"<h3><span style=\"color: #993300\"><em><strong>FORMATOS ACTUALIZADOS :<\/strong><\/em><\/span><\/h3>\n<ul>\n<li>Solicitud de Asesor\u00a0 de Practicas Preprofesionales: <strong><a href=\"https:\/\/fcb.unsa.edu.pe\/pesquera\/wp-content\/uploads\/sites\/4\/2023\/03\/SOLICITUD-DE-ASESOR-DE-PRACTICAS-PREPROFESIONALES_2023.docx\" rel=\"attachment wp-att-1969\">Descargar<\/a><\/strong><\/li>\n<li>Solicitud de Carta de Presentaci\u00f3n para Adiestramiento: <strong><a href=\"https:\/\/fcb.unsa.edu.pe\/pesquera\/wp-content\/uploads\/sites\/4\/2023\/03\/SOLICITUD-DE-CARTA-DE-PRESENTACION-PARA-ADIESTRAMIENTO_2023.docx\" rel=\"attachment wp-att-1970\">Descargar<\/a><\/strong><\/li>\n<li>Solicitud de Carta de Presentaci\u00f3n Pr\u00e1cticas Preprofesionales: <strong><a href=\"https:\/\/fcb.unsa.edu.pe\/pesquera\/wp-content\/uploads\/sites\/4\/2023\/03\/SOLICITUD-DE-CARTA-DE-PRESENTACION-PRACTICAS-PRE_2023.docx\" rel=\"attachment wp-att-1971\">Descargar<\/a><\/strong><\/li>\n<li>Solicitud de Examen por Jurado :<strong> <a href=\"https:\/\/fcb.unsa.edu.pe\/pesquera\/wp-content\/uploads\/sites\/4\/2023\/03\/SOLICITUD-DE-EXAMEN-POR-JURADO_2023.docx\" rel=\"attachment wp-att-1978\">Descargar<\/a><\/strong><\/li>\n<li>Solicitud de Examen de Rezagados : <strong><a href=\"https:\/\/fcb.unsa.edu.pe\/pesquera\/wp-content\/uploads\/sites\/4\/2023\/03\/SOLICITUD-DE-EXAMEN-DE-REZAGADOS_2023.doc\" rel=\"attachment wp-att-1977\">Descargar<\/a><\/strong><\/li>\n<li>Solicitud de Copia S\u00edlabos : <strong><a href=\"https:\/\/fcb.unsa.edu.pe\/pesquera\/wp-content\/uploads\/sites\/4\/2023\/03\/SOLICITUD-DE-COPIA-SILABOS_2023.docx\" rel=\"attachment wp-att-1976\">Descargar<\/a><\/strong><\/li>\n<li>Solicitud de Copia de Acta de Sustentaci\u00f3n : <strong><a href=\"https:\/\/fcb.unsa.edu.pe\/pesquera\/wp-content\/uploads\/sites\/4\/2023\/03\/SOLICITUD-DE-COPIA-DE-ACTA-DE-SUSTENTACION_2023.docx\" rel=\"attachment wp-att-1975\">Descargar<\/a><\/strong><\/li>\n<li>Solicitud de Constancia Oficial de Estudios (requisitos): <strong><a href=\"https:\/\/fcb.unsa.edu.pe\/pesquera\/wp-content\/uploads\/sites\/4\/2023\/03\/SOLICITUD-DE-CONSTANCIA-OFICIAL-DE-ESTUDIOS-requisitos_2023.docx\" rel=\"attachment wp-att-1974\">Descargar<\/a><\/strong><\/li>\n<li>Solicitud de Constancia de Ranking : <strong><a href=\"https:\/\/fcb.unsa.edu.pe\/pesquera\/wp-content\/uploads\/sites\/4\/2023\/03\/SOLICITUD-DE-CONSTANCIA-DE-RANKING_2023.docx\" rel=\"attachment wp-att-1973\">Descargar<\/a><\/strong><\/li>\n<li>Declaraci\u00f3n Jurada para reprogramaci\u00f3n de asignatura : <strong><a href=\"https:\/\/fcb.unsa.edu.pe\/pesquera\/wp-content\/uploads\/sites\/4\/2024\/03\/DJ.-PARA-REPROGRAMACION-DE-ASIGNATURA.docx\">Descargar<\/a><\/strong><\/li>\n<li>Lista de estudiantes Solicitud de Reprogramaci\u00f3n <strong><a href=\"https:\/\/fcb.unsa.edu.pe\/pesquera\/wp-content\/uploads\/sites\/4\/2024\/03\/Lista-de-ESTUDIANTES-SOLICITUD-DE-REPPROGRAMACION.docx\">Descargar<\/a><\/strong><\/li>\n<li>Solicitud de Reprogramaci\u00f3n de Asignatura: <strong><a href=\"https:\/\/fcb.unsa.edu.pe\/pesquera\/wp-content\/uploads\/sites\/4\/2024\/03\/SOL.-de-REPROGRAMACION-DE-ASIGNATURA.docx\">Descargar<\/a><\/strong><\/li>\n<\/ul>\n<h5><strong>REGLAMENTO COMPLETO PARA OBTENCI\u00d3N DE GRADOS ACAD\u00c9MICOS<\/strong><\/h5>\n<p><strong><a href=\"https:\/\/fcb.unsa.edu.pe\/pesquera\/wp-content\/uploads\/sites\/4\/2024\/03\/Reglamento-General-para-Obtencion-de-Grados-y-Titulos.pdf\">Descargar<\/a><\/strong><\/p>\n<h6><strong>OBTENCION GRADO ACAD\u00c9MICO BACHILLER<\/strong><\/h6>\n<p>Art. 07. La UNSA otorga a nombre de la Naci\u00f3n el grado acad\u00e9mico Bachiller al haber cumplido los requisitos y el procedimiento establecido en el presente Reglamento.<br \/>\nArt. 08. A efecto de optar el grado acad\u00e9mico de Bachiller se requiere haber aprobado los estudios de pregrado y el conocimiento de un (1) idioma extranjero, de preferencia ingl\u00e9s o lengua nativa.<br \/>\nArt. 09. Los estudios de pregrado incluyen un curso de trabajo de investigaci\u00f3n, el cual se sigue en el \u00faltimo semestre del programa de estudios.<br \/>\nArt. 10. Las Facultades y\/o Escuelas Profesionales propiciar\u00e1n la elaboraci\u00f3n del trabajo de investigaci\u00f3n, con est\u00e1ndares internacionales, a trav\u00e9s de los TIF de las diversas asignaturas del plan de estudios.<br \/>\nArt. 11. Los aspectos formales y procedimentales del desarrollo del trabajo de investigaci\u00f3n, ser\u00e1 regulado por el VRA, mediante el lineamiento respectivo.<br \/>\nArt. 12. Con el objeto de iniciar el tr\u00e1mite de obtenci\u00f3n de grado acad\u00e9mico de Bachiller, se debe haber alcanzado la condici\u00f3n de egresado, siendo la Escuela Profesional la encargada de realizar dicha verificaci\u00f3n.<br \/>\nArt. 13. El egresado presentar\u00e1 al Decanato, los siguiente documentos:<br \/>\n13.1 Solicitud a efecto de optar el grado acad\u00e9mico de Bachiller dirigida al Decano de Facultad, indicando la fecha y n\u00famero del recibo de la UT, que acredite el pago de derechos (Anexo 1)- \u00abReglamento General para obtenci\u00f3n de Grados Acad\u00e9micos.\u00bb<br \/>\n13.2 Declaraci\u00f3n Jurada sobre sus antecedentes penales y\/o judiciales de no haber sido condenado por el delito de terrorismo o apolog\u00eda al terrorismo, sujeta a fiscalizaci\u00f3n posterior, en formato proporcionado por la UNSA (Anexo 2)<br \/>\n13.3 Fotograf\u00eda reciente, de frente, a color con fondo blanco digitalizada, se sugiere vestimenta formal (varones con terno y mujeres con traje), sin accesorios ni gafas oscuras (adjuntar de manera opcional y voluntaria, caso contrario se har\u00e1 uso de la fotograf\u00eda de la base de datos UNSA). El archivo deber\u00e1 estar rotulado con apellidos y nombres.<br \/>\n13.4 Constancia que acredite el dominio a nivel b\u00e1sico de un idioma extranjero de preferencia ingl\u00e9s o una lengua nativa, emitido por el Centro de Idiomas de la UNSA; trat\u00e1ndose de ex\u00e1menes internacionales se realizar\u00e1 la validaci\u00f3n por dicho Centro, quien verificar\u00e1 la originalidad y el nivel.<br \/>\nArt. 14. El Decanato revisar\u00e1 los documentos del art\u00edculo anterior y en coordinaci\u00f3n con la DSA, completar\u00e1 el expediente.<br \/>\nArt. 15. El expediente completo ser\u00e1 sometido a Consejo de Facultad, quien aprueba el otorgamiento del grado acad\u00e9mico de Bachiller. El Decano generar\u00e1 la AED (Anexo 3), la cual ser\u00e1 remitida a la UGT.<\/p>\n<h6><strong>OBTENCION DE TITULO PROFESIONAL (Art.56 al Art.123)<\/strong><\/h6>\n<p><strong><a href=\"https:\/\/fcb.unsa.edu.pe\/pesquera\/wp-content\/uploads\/sites\/4\/2024\/03\/Reglamento-General-para-Obtencion-de-Grados-y-Titulos.pdf\">Descargar<\/a><\/strong><\/p>\n","protected":false},"excerpt":{"rendered":"<p>FORMATOS ACTUALIZADOS : Solicitud de Asesor\u00a0 de Practicas Preprofesionales: Descargar Solicitud de Carta de Presentaci\u00f3n para Adiestramiento: Descargar Solicitud de Carta de Presentaci\u00f3n Pr\u00e1cticas Preprofesionales: Descargar Solicitud de Examen por Jurado : Descargar Solicitud de Examen de Rezagados : Descargar Solicitud de Copia S\u00edlabos : Descargar Solicitud de Copia de Acta de Sustentaci\u00f3n : Descargar [&hellip;]<\/p>\n","protected":false},"author":8,"featured_media":0,"parent":0,"menu_order":0,"comment_status":"closed","ping_status":"closed","template":"","meta":{"_acf_changed":false,"footnotes":""},"class_list":["post-1833","page","type-page","status-publish","hentry"],"acf":[],"_links":{"self":[{"href":"https:\/\/fcb.unsa.edu.pe\/pesquera\/wp-json\/wp\/v2\/pages\/1833","targetHints":{"allow":["GET"]}}],"collection":[{"href":"https:\/\/fcb.unsa.edu.pe\/pesquera\/wp-json\/wp\/v2\/pages"}],"about":[{"href":"https:\/\/fcb.unsa.edu.pe\/pesquera\/wp-json\/wp\/v2\/types\/page"}],"author":[{"embeddable":true,"href":"https:\/\/fcb.unsa.edu.pe\/pesquera\/wp-json\/wp\/v2\/users\/8"}],"replies":[{"embeddable":true,"href":"https:\/\/fcb.unsa.edu.pe\/pesquera\/wp-json\/wp\/v2\/comments?post=1833"}],"version-history":[{"count":41,"href":"https:\/\/fcb.unsa.edu.pe\/pesquera\/wp-json\/wp\/v2\/pages\/1833\/revisions"}],"predecessor-version":[{"id":2099,"href":"https:\/\/fcb.unsa.edu.pe\/pesquera\/wp-json\/wp\/v2\/pages\/1833\/revisions\/2099"}],"wp:attachment":[{"href":"https:\/\/fcb.unsa.edu.pe\/pesquera\/wp-json\/wp\/v2\/media?parent=1833"}],"curies":[{"name":"wp","href":"https:\/\/api.w.org\/{rel}","templated":true}]}}