{"id":1928,"date":"2022-04-01T04:09:37","date_gmt":"2022-04-01T04:09:37","guid":{"rendered":"https:\/\/fcb.unsa.edu.pe\/pesquera\/?page_id=1928"},"modified":"2022-04-01T04:54:49","modified_gmt":"2022-04-01T04:54:49","slug":"formatos-para-proyecto-de-tesis-y-tesis","status":"publish","type":"page","link":"https:\/\/fcb.unsa.edu.pe\/pesquera\/formatos-para-proyecto-de-tesis-y-tesis\/","title":{"rendered":"Formatos para Proyecto de Tesis y Tesis"},"content":{"rendered":"<ul>\n<li>Formato de Presentaci\u00f3n del Plan de Proyecto de Tesis <em><strong><span style=\"color: #ff0000\"><a style=\"color: #ff0000\" href=\"https:\/\/fcb.unsa.edu.pe\/pesquera\/formatos-para-proyecto-de-tesis-y-tesis\/formato-de-presentacion-del-plan-de-proyecto-de-tesis-3\/\">DESCARGAR<\/a><\/span><\/strong><\/em><\/li>\n<li>Formato Solicitud para Aprobaci\u00f3n de Plan de Tesis y Designaci\u00f3n de Asesor <em><strong><span style=\"color: #ff0000\"><a style=\"color: #ff0000\" href=\"https:\/\/fcb.unsa.edu.pe\/pesquera\/formatos-para-proyecto-de-tesis-y-tesis\/formato-solicitud-para-aprobacion-de-plan-de-tesis-y-designacion-de-asesor\/\" rel=\"attachment wp-att-1944\">DESCARGAR<\/a><\/span><\/strong><\/em><\/li>\n<li>Declaraci\u00f3n Jurada de Originalidad de Proyecto de Plan de Tesis <em><strong><span style=\"color: #ff0000\"><a style=\"color: #ff0000\" href=\"https:\/\/fcb.unsa.edu.pe\/pesquera\/formatos-para-proyecto-de-tesis-y-tesis\/declaracion-jurada-de-originalidad-de-proyecto-de-plan-de-tesis\/\" rel=\"attachment wp-att-1938\">DESCARGAR<\/a><\/span><\/strong><\/em><\/li>\n<li>Formato Carta de Aceptaci\u00f3n de Asesor\u00eda de Tesis <em><strong><span style=\"color: #ff0000\"><a style=\"color: #ff0000\" href=\"https:\/\/fcb.unsa.edu.pe\/pesquera\/formatos-para-proyecto-de-tesis-y-tesis\/formato-carta-de-aceptacion-de-asesoria-de-tesis\/\" rel=\"attachment wp-att-1939\">DESCARGAR<\/a><\/span><\/strong><\/em><\/li>\n<li>Formato Carta de Conformidad del Asesor de Tesis <em><strong><span style=\"color: #ff0000\"><a style=\"color: #ff0000\" href=\"https:\/\/fcb.unsa.edu.pe\/pesquera\/formatos-para-proyecto-de-tesis-y-tesis\/formato-carta-de-conformidad-del-asesor-de-tesis\/\" rel=\"attachment wp-att-1940\">DESCARGAR<\/a><\/span><\/strong><\/em><\/li>\n<li>Formato Presentaci\u00f3n de Tesis <em><strong><span style=\"color: #ff0000\"><a style=\"color: #ff0000\" href=\"https:\/\/fcb.unsa.edu.pe\/pesquera\/formatos-para-proyecto-de-tesis-y-tesis\/formato-presentacion-de-tesis\/\" rel=\"attachment wp-att-1942\">DESCARGAR<\/a><\/span><\/strong><\/em><\/li>\n<li>Formato Presentaci\u00f3n de Trabajo de Suficiencia Profesional <em><strong><span style=\"color: #ff0000\"><a style=\"color: #ff0000\" href=\"https:\/\/fcb.unsa.edu.pe\/pesquera\/formatos-para-proyecto-de-tesis-y-tesis\/formato-presentacion-de-trabajo-de-suficiencia-profesional\/\" rel=\"attachment wp-att-1943\">DESCARGAR<\/a><\/span><\/strong><\/em><\/li>\n<\/ul>\n","protected":false},"excerpt":{"rendered":"<p>Formato de Presentaci\u00f3n del Plan de Proyecto de Tesis DESCARGAR Formato Solicitud para Aprobaci\u00f3n de Plan de Tesis y Designaci\u00f3n de Asesor DESCARGAR Declaraci\u00f3n Jurada de Originalidad de Proyecto de Plan de Tesis DESCARGAR Formato Carta de Aceptaci\u00f3n de Asesor\u00eda de Tesis DESCARGAR Formato Carta de Conformidad del Asesor de Tesis DESCARGAR Formato Presentaci\u00f3n de [&hellip;]<\/p>\n","protected":false},"author":8,"featured_media":0,"parent":0,"menu_order":0,"comment_status":"closed","ping_status":"closed","template":"","meta":{"_acf_changed":false,"footnotes":""},"class_list":["post-1928","page","type-page","status-publish","hentry"],"acf":[],"_links":{"self":[{"href":"https:\/\/fcb.unsa.edu.pe\/pesquera\/wp-json\/wp\/v2\/pages\/1928","targetHints":{"allow":["GET"]}}],"collection":[{"href":"https:\/\/fcb.unsa.edu.pe\/pesquera\/wp-json\/wp\/v2\/pages"}],"about":[{"href":"https:\/\/fcb.unsa.edu.pe\/pesquera\/wp-json\/wp\/v2\/types\/page"}],"author":[{"embeddable":true,"href":"https:\/\/fcb.unsa.edu.pe\/pesquera\/wp-json\/wp\/v2\/users\/8"}],"replies":[{"embeddable":true,"href":"https:\/\/fcb.unsa.edu.pe\/pesquera\/wp-json\/wp\/v2\/comments?post=1928"}],"version-history":[{"count":17,"href":"https:\/\/fcb.unsa.edu.pe\/pesquera\/wp-json\/wp\/v2\/pages\/1928\/revisions"}],"predecessor-version":[{"id":1956,"href":"https:\/\/fcb.unsa.edu.pe\/pesquera\/wp-json\/wp\/v2\/pages\/1928\/revisions\/1956"}],"wp:attachment":[{"href":"https:\/\/fcb.unsa.edu.pe\/pesquera\/wp-json\/wp\/v2\/media?parent=1928"}],"curies":[{"name":"wp","href":"https:\/\/api.w.org\/{rel}","templated":true}]}}